{"id":21198,"date":"2023-07-28T13:46:45","date_gmt":"2023-07-28T13:46:45","guid":{"rendered":"https:\/\/www.customywear.com\/?post_type=product&#038;p=21198"},"modified":"2026-05-05T20:24:09","modified_gmt":"2026-05-05T20:24:09","slug":"egyedi-torna-ferfi-edzes-polo","status":"publish","type":"product","link":"https:\/\/www.customywear.com\/hu\/custom-gymnastics-man-workout-t-shirt\/","title":{"rendered":"Egyedi torna f\u00e9rfi edz\u0151p\u00f3l\u00f3 \u2013 szem\u00e9lyre szabott edz\u0151p\u00f3l\u00f3"},"content":{"rendered":"<p>Emeld magasabb szintre az edz\u00e9seidet egyedi, szem\u00e9lyre szabott, f\u00e9rfi torn\u00e1sz p\u00f3l\u00f3nkkal. Az Adobe Illustrator \u00e9s az Adobe Photoshop erej\u00e9t felhaszn\u00e1lva leny\u0171g\u00f6z\u0151 vizu\u00e1lis effektekk\u00e9 alak\u00edtjuk \u00e1t a fot\u00f3dat, fest\u0151i tengerparti h\u00e1tt\u00e9rrel \u00e1br\u00e1zolva, mik\u00f6zben \u00e9l\u00e9nk\u00edt\u0151 gyakorlatokat v\u00e9gzel. Ez a szem\u00e9lyre szabott p\u00f3l\u00f3 kifejezetten a testmozg\u00e1s szerelmeseinek, az edz\u0151terembe j\u00e1r\u00f3knak \u00e9s az akt\u00edv \u00e9letm\u00f3dot folytat\u00f3knak k\u00e9sz\u00fclt.<\/p>\n<p>Tapasztald meg a st\u00edlus \u00e9s a fitnesz f\u00fazi\u00f3j\u00e1t egyedi edz\u0151p\u00f3l\u00f3nkkal. Ez a diz\u00e1jn megragadja a testmozg\u00e1s ir\u00e1nti elk\u00f6telezetts\u00e9ged l\u00e9nyeg\u00e9t, \u00edgy ide\u00e1lis aj\u00e1nd\u00e9k a mozg\u00e1s m\u0171v\u00e9szet\u00e9t \u00e9rt\u00e9kel\u0151 f\u00e9rfiak sz\u00e1m\u00e1ra. Azon t\u00fal, hogy edz\u0151termi t\u00e1rs, sokoldal\u00fa darab, amely remek\u00fcl mutat edz\u00e9s t\u00e9m\u00e1j\u00fa sz\u00fclet\u00e9snapokon, edz\u00e9s \u00e9vfordul\u00f3kon \u00e9s sok m\u00e1s alkalmakon.<\/p>\n<p>DTG nyomtat\u00e1s\u00fa p\u00f3l\u00f3ink \u200b\u200bkiv\u00e1l\u00f3 min\u0151s\u00e9g\u0171 vektorgrafik\u00e1val b\u00fcszk\u00e9lkedhetnek, biztos\u00edtva az \u00e9l\u00e9nk \u00e9s tart\u00f3s diz\u00e1jnt. Uniszex st\u00edlusban kaphat\u00f3 p\u00f3l\u00f3ink \u200b\u200bfeln\u0151ttek, fiatalok, gyerekek \u00e9s kisgyermekek sz\u00e1m\u00e1ra is megfelel\u0151ek. Dobd fel edz\u0151felszerel\u00e9sed szem\u00e9lyes jelleg\u00e9t emberi \u00e9s h\u00e1zi\u00e1llat arcok be\u00e9p\u00edt\u00e9s\u00e9vel a diz\u00e1jnba, vizu\u00e1lisan kifejezve fitnesz ir\u00e1nti szenved\u00e9lyedet. Fedezz fel a lehet\u0151s\u00e9gek sz\u00e9les sk\u00e1l\u00e1j\u00e1t, \u00e9s ragadd meg a lehet\u0151s\u00e9get, hogy b\u00fcszk\u00e9n viseld elk\u00f6telezetts\u00e9gedet.<\/p>","protected":false},"excerpt":{"rendered":"<p>Edzen st\u00edlusosan egy egyedi Gymnastics Man edz\u0151p\u00f3l\u00f3val. A szem\u00e9lyre szabott testedz\u0151 p\u00f3l\u00f3k a f\u00e9nyk\u00e9peket mer\u00e9sz fitnesztervekk\u00e9 var\u00e1zsolj\u00e1k.<\/p>","protected":false},"featured_media":143254,"comment_status":"open","ping_status":"closed","template":"","meta":{"_acf_changed":false},"product_brand":[],"product_cat":[6195,526,186,6337,6339,6412,310,6428],"product_tag":[6433,6217,6165,546,6216,326],"class_list":{"0":"post-21198","1":"product","2":"type-product","3":"status-publish","4":"has-post-thumbnail","6":"product_cat-t-shirts-men","7":"product_cat-gym-shirts","8":"product_cat-men","9":"product_cat-mens-gym-t-shirts","10":"product_cat-mens-sports-t-shirts","11":"product_cat-photo-to-tees","12":"product_cat-sports-shirts","13":"product_cat-translate-products","14":"product_tag-ai-artwork","15":"product_tag-custom-t-shirt","16":"product_tag-custom-gym-tees","17":"product_tag-gym","18":"product_tag-mens-custom-t-shirts","19":"product_tag-sports","21":"first","22":"instock","23":"taxable","24":"shipping-taxable","25":"purchasable","26":"product-type-simple"},"acf":[],"wcpa_form_fields":null,"_links":{"self":[{"href":"https:\/\/www.customywear.com\/hu\/wp-json\/wp\/v2\/product\/21198","targetHints":{"allow":["GET"]}}],"collection":[{"href":"https:\/\/www.customywear.com\/hu\/wp-json\/wp\/v2\/product"}],"about":[{"href":"https:\/\/www.customywear.com\/hu\/wp-json\/wp\/v2\/types\/product"}],"replies":[{"embeddable":true,"href":"https:\/\/www.customywear.com\/hu\/wp-json\/wp\/v2\/comments?post=21198"}],"wp:featuredmedia":[{"embeddable":true,"href":"https:\/\/www.customywear.com\/hu\/wp-json\/wp\/v2\/media\/143254"}],"wp:attachment":[{"href":"https:\/\/www.customywear.com\/hu\/wp-json\/wp\/v2\/media?parent=21198"}],"wp:term":[{"taxonomy":"product_brand","embeddable":true,"href":"https:\/\/www.customywear.com\/hu\/wp-json\/wp\/v2\/product_brand?post=21198"},{"taxonomy":"product_cat","embeddable":true,"href":"https:\/\/www.customywear.com\/hu\/wp-json\/wp\/v2\/product_cat?post=21198"},{"taxonomy":"product_tag","embeddable":true,"href":"https:\/\/www.customywear.com\/hu\/wp-json\/wp\/v2\/product_tag?post=21198"}],"curies":[{"name":"wp","href":"https:\/\/api.w.org\/{rel}","templated":true}]}}