{"id":21199,"date":"2023-07-28T13:46:46","date_gmt":"2023-07-28T13:46:46","guid":{"rendered":"https:\/\/www.customywear.com\/?post_type=product&#038;p=21199"},"modified":"2026-05-05T20:24:09","modified_gmt":"2026-05-05T20:24:09","slug":"egyeni-boldog-szuletesnapot-ferfi-ing","status":"publish","type":"product","link":"https:\/\/www.customywear.com\/hu\/custom-happy-birthday-man-shirt\/","title":{"rendered":"Egyedi sz\u00fclet\u00e9snapi f\u00e9rfi ing \u2013 Szem\u00e9lyre szabott, sz\u00f3rakoztat\u00f3 aj\u00e1nd\u00e9k neki"},"content":{"rendered":"<p>Tegye felejthetetlenn\u00e9 a sz\u00fclet\u00e9snapokat egyedi sz\u00fclet\u00e9snapi p\u00f3l\u00f3nkkal! Szak\u00e9rt\u0151 m\u0171v\u00e9szeink Adobe Illustrator \u00e9s Adobe Photoshop programokat haszn\u00e1lnak vektoros portr\u00e9k k\u00e9sz\u00edt\u00e9s\u00e9hez, amelyeken egy \u00e9l\u00e9nk sz\u00edn\u0171 sz\u00fclet\u00e9snapi torta el\u0151tt \u00fcnnepelhet. Ez a szem\u00e9lyre szabott p\u00f3l\u00f3 a legt\u00f6k\u00e9letesebb sz\u00f3rakoztat\u00f3 \u00e9s k\u00f6nnyed aj\u00e1nd\u00e9k, t\u00f6k\u00e9letes bar\u00e1tj\u00e1nak, apuk\u00e1j\u00e1nak, f\u00e9rj\u00e9nek, testv\u00e9r\u00e9nek \u00e9s \u00e9let\u00e9nek b\u00e1rmely k\u00fcl\u00f6nleges f\u00e9rfinak. \u00c9lje \u00e1t a szem\u00e9lyre szab\u00e1s \u00f6r\u00f6m\u00e9t uniszex feln\u0151tt r\u00f6vid \u00e9s hossz\u00fa ujj\u00fa p\u00f3l\u00f3inkkal. Ez nem csak egy p\u00f3l\u00f3; ez egy nevet\u00e9st kiv\u00e1lt\u00f3 m\u0171alkot\u00e1s, amely megragadja az \u00fcnnepl\u00e9s szellem\u00e9t. Ak\u00e1r egy m\u00e9rf\u00f6ldk\u0151nek sz\u00e1m\u00edt\u00f3 sz\u00fclet\u00e9snapr\u00f3l, ak\u00e1r egy egyszer\u0171en csak d\u00e9delgetni k\u00edv\u00e1nt napr\u00f3l van sz\u00f3, ez a p\u00f3l\u00f3 egy csipetnyi humort \u00e9s szem\u00e9lyre szab\u00e1st visz az alkalomba. DTG nyomtat\u00e1si elj\u00e1r\u00e1sunk biztos\u00edtja, hogy az egyedi design \u00e9l\u00e9nk \u00e9s kiv\u00e1l\u00f3 min\u0151s\u00e9g\u0171 maradjon, bemutatva a bonyolult vektoros m\u0171v\u00e9szetet. Ezek a sokoldal\u00fa p\u00f3l\u00f3k feln\u0151ttek, fiatalok, gyerekek \u00e9s kisgyermekek sz\u00e1m\u00e1ra egyar\u00e1nt megfelel\u0151ek, \u00edgy ide\u00e1lis v\u00e1laszt\u00e1st jelentenek a koroszt\u00e1lyok sz\u00e9les k\u00f6r\u00e9ben. Emeld a nevet\u00e9st, \u00e9s alkoss eml\u00e9kezetes eml\u00e9kt\u00e1rgyat emberi \u00e9s h\u00e1zi\u00e1llat arcok be\u00e9p\u00edt\u00e9s\u00e9vel a designba. Fedezd fel a szem\u00e9lyre szabott aj\u00e1nd\u00e9koz\u00e1s birodalm\u00e1t a v\u00e9gtelen design lehet\u0151s\u00e9gekkel, \u00e9s oszd meg a sz\u00fclet\u00e9snapok \u00f6r\u00f6m\u00e9t \u00fagy, mint m\u00e9g soha.<\/p>","protected":false},"excerpt":{"rendered":"<p>\u00dcnnepelje a sz\u00fclet\u00e9snapokat egy egyedi Happy Birthday Man inggel. A szem\u00e9lyre szabott sz\u00f3rakoztat\u00f3 aj\u00e1nd\u00e9kok minden f\u00e9nyk\u00e9pet egyedi, \u00fcnnepi p\u00f3l\u00f3v\u00e1 var\u00e1zsolnak.<\/p>","protected":false},"featured_media":142573,"comment_status":"open","ping_status":"closed","template":"","meta":{"_acf_changed":false},"product_brand":[],"product_cat":[6195,496,6246,186,6342,6412,6428],"product_tag":[6433,498,6216,6219,6220],"class_list":{"0":"post-21199","1":"product","2":"type-product","3":"status-publish","4":"has-post-thumbnail","6":"product_cat-t-shirts-men","7":"product_cat-birthday","8":"product_cat-custom-gifts-birthday-party","9":"product_cat-men","10":"product_cat-mens-birthday-t-shirts","11":"product_cat-photo-to-tees","12":"product_cat-translate-products","13":"product_tag-ai-artwork","14":"product_tag-birthday","15":"product_tag-mens-custom-t-shirts","16":"product_tag-order-custom-shirts","17":"product_tag-t-shirt-printing-near-me","19":"first","20":"instock","21":"taxable","22":"shipping-taxable","23":"purchasable","24":"product-type-simple"},"acf":[],"wcpa_form_fields":null,"_links":{"self":[{"href":"https:\/\/www.customywear.com\/hu\/wp-json\/wp\/v2\/product\/21199","targetHints":{"allow":["GET"]}}],"collection":[{"href":"https:\/\/www.customywear.com\/hu\/wp-json\/wp\/v2\/product"}],"about":[{"href":"https:\/\/www.customywear.com\/hu\/wp-json\/wp\/v2\/types\/product"}],"replies":[{"embeddable":true,"href":"https:\/\/www.customywear.com\/hu\/wp-json\/wp\/v2\/comments?post=21199"}],"wp:featuredmedia":[{"embeddable":true,"href":"https:\/\/www.customywear.com\/hu\/wp-json\/wp\/v2\/media\/142573"}],"wp:attachment":[{"href":"https:\/\/www.customywear.com\/hu\/wp-json\/wp\/v2\/media?parent=21199"}],"wp:term":[{"taxonomy":"product_brand","embeddable":true,"href":"https:\/\/www.customywear.com\/hu\/wp-json\/wp\/v2\/product_brand?post=21199"},{"taxonomy":"product_cat","embeddable":true,"href":"https:\/\/www.customywear.com\/hu\/wp-json\/wp\/v2\/product_cat?post=21199"},{"taxonomy":"product_tag","embeddable":true,"href":"https:\/\/www.customywear.com\/hu\/wp-json\/wp\/v2\/product_tag?post=21199"}],"curies":[{"name":"wp","href":"https:\/\/api.w.org\/{rel}","templated":true}]}}