{"id":21200,"date":"2023-07-28T13:46:48","date_gmt":"2023-07-28T13:46:48","guid":{"rendered":"https:\/\/www.customywear.com\/?post_type=product&#038;p=21200"},"modified":"2026-05-05T20:23:30","modified_gmt":"2026-05-05T20:23:30","slug":"egyeni-boldog-szuletesnapot-noi-ing","status":"publish","type":"product","link":"https:\/\/www.customywear.com\/hu\/custom-happy-birthday-woman-shirt\/","title":{"rendered":"Egyedi sz\u00fclet\u00e9snapi ing \u2013 Szem\u00e9lyre szabott, sz\u00f3rakoztat\u00f3 aj\u00e1nd\u00e9k h\u00f6lgyeknek"},"content":{"rendered":"<p>Tegye sz\u00fclet\u00e9snapj\u00e1t rendk\u00edv\u00fcliv\u00e9 egyedi sz\u00fclet\u00e9snapi n\u0151i p\u00f3l\u00f3nkkal! K\u00e9pzett k\u00e9zm\u0171veseink Adobe Illustrator \u00e9s Adobe Photoshop programokat haszn\u00e1lnak vektoros portr\u00e9k k\u00e9sz\u00edt\u00e9s\u00e9hez, amelyek megragadj\u00e1k az \u00fcnnepl\u00e9s l\u00e9nyeg\u00e9t egy finom sz\u00fclet\u00e9snapi torta el\u0151tt. Ez a szem\u00e9lyre szabott p\u00f3l\u00f3 egy sz\u00edvhez sz\u00f3l\u00f3 \u00e9s sz\u00f3rakoztat\u00f3 aj\u00e1nd\u00e9k, amely minden koroszt\u00e1ly sz\u00e1m\u00e1ra t\u00f6k\u00e9letes, legyen az anyuk\u00e1d, n\u0151v\u00e9red, feles\u00e9ged, bar\u00e1tn\u0151d vagy b\u00e1rmilyen k\u00fcl\u00f6nleges h\u00f6lgy. Tapasztald meg a szem\u00e9lyre szab\u00e1s \u00f6r\u00f6m\u00e9t uniszex feln\u0151tt r\u00f6vid \u00e9s hossz\u00fa ujj\u00fa p\u00f3l\u00f3inkkal. Ez t\u00f6bb, mint egy p\u00f3l\u00f3; ez egy viselhet\u0151 eml\u00e9k, amely megtestes\u00edti az \u00fcnnepl\u00e9s szellem\u00e9t. Ak\u00e1r egy m\u00e9rf\u00f6ldk\u0151nek sz\u00e1m\u00edt\u00f3 sz\u00fclet\u00e9snapr\u00f3l, ak\u00e1r egy pillanatr\u00f3l, amikor egyszer\u0171en csak gy\u00f6ny\u00f6rk\u00f6dhet\u00fcnk, ez a p\u00f3l\u00f3 egy csipetnyi humort \u00e9s szem\u00e9lyre szab\u00e1st visz az alkalomba. DTG nyomtat\u00e1si elj\u00e1r\u00e1sunk \u00e9l\u00e9nk \u00e9s tart\u00f3s diz\u00e1jnokat garant\u00e1l, teljes pomp\u00e1j\u00e1ban bemutatva a bonyolult vektorgrafik\u00e1t. Feln\u0151ttek, fiatalok, gyerekek \u00e9s kisgyermekek sz\u00e1m\u00e1ra kaphat\u00f3, ezek a sokoldal\u00fa p\u00f3l\u00f3k minden koroszt\u00e1ly sz\u00e1m\u00e1ra megfelelnek. N\u00f6veld az \u00f6r\u00f6m\u00f6t, \u00e9s alkoss egy becses eml\u00e9kt\u00e1rgyat emberi \u00e9s h\u00e1zi\u00e1llat arcok be\u00e9p\u00edt\u00e9s\u00e9vel a diz\u00e1jnba. Gy\u00f6ny\u00f6rk\u00f6dj a szem\u00e9lyre szabott aj\u00e1nd\u00e9koz\u00e1s vil\u00e1g\u00e1ban a sz\u00e1mtalan diz\u00e1jnlehet\u0151s\u00e9gnek k\u00f6sz\u00f6nhet\u0151en, \u00e9s oszd meg a sz\u00fclet\u00e9snapok \u00f6r\u00f6m\u00e9t \u00fagy, mint m\u00e9g soha.<\/p>","protected":false},"excerpt":{"rendered":"<p>Tedd k\u00fcl\u00f6nlegess\u00e9 a sz\u00fclet\u00e9snapokat egy egyedi Happy Birthday Woman inggel. Szem\u00e9lyre szabott sz\u00f3rakoztat\u00f3 aj\u00e1nd\u00e9kok minden f\u00e9nyk\u00e9pet egyedi p\u00f3l\u00f3v\u00e1 alak\u00edtanak \u00e1t.<\/p>","protected":false},"featured_media":142581,"comment_status":"open","ping_status":"closed","template":"","meta":{"_acf_changed":false},"product_brand":[],"product_cat":[6191,496,6246,6412,6428,6357],"product_tag":[6433,498,503,112],"class_list":{"0":"post-21200","1":"product","2":"type-product","3":"status-publish","4":"has-post-thumbnail","6":"product_cat-t-shirts-women","7":"product_cat-birthday","8":"product_cat-custom-gifts-birthday-party","9":"product_cat-photo-to-tees","10":"product_cat-translate-products","11":"product_cat-womens-birthday-t-shirts","12":"product_tag-ai-artwork","13":"product_tag-birthday","14":"product_tag-girlfriend_gift","15":"product_tag-women","17":"first","18":"instock","19":"taxable","20":"shipping-taxable","21":"purchasable","22":"product-type-simple"},"acf":[],"wcpa_form_fields":null,"_links":{"self":[{"href":"https:\/\/www.customywear.com\/hu\/wp-json\/wp\/v2\/product\/21200","targetHints":{"allow":["GET"]}}],"collection":[{"href":"https:\/\/www.customywear.com\/hu\/wp-json\/wp\/v2\/product"}],"about":[{"href":"https:\/\/www.customywear.com\/hu\/wp-json\/wp\/v2\/types\/product"}],"replies":[{"embeddable":true,"href":"https:\/\/www.customywear.com\/hu\/wp-json\/wp\/v2\/comments?post=21200"}],"wp:featuredmedia":[{"embeddable":true,"href":"https:\/\/www.customywear.com\/hu\/wp-json\/wp\/v2\/media\/142581"}],"wp:attachment":[{"href":"https:\/\/www.customywear.com\/hu\/wp-json\/wp\/v2\/media?parent=21200"}],"wp:term":[{"taxonomy":"product_brand","embeddable":true,"href":"https:\/\/www.customywear.com\/hu\/wp-json\/wp\/v2\/product_brand?post=21200"},{"taxonomy":"product_cat","embeddable":true,"href":"https:\/\/www.customywear.com\/hu\/wp-json\/wp\/v2\/product_cat?post=21200"},{"taxonomy":"product_tag","embeddable":true,"href":"https:\/\/www.customywear.com\/hu\/wp-json\/wp\/v2\/product_tag?post=21200"}],"curies":[{"name":"wp","href":"https:\/\/api.w.org\/{rel}","templated":true}]}}