{"id":21207,"date":"2023-07-28T13:46:58","date_gmt":"2023-07-28T13:46:58","guid":{"rendered":"https:\/\/www.customywear.com\/?post_type=product&#038;p=21207"},"modified":"2026-05-16T11:14:10","modified_gmt":"2026-05-16T11:14:10","slug":"egyedi-turazo-noi-ing","status":"publish","type":"product","link":"https:\/\/www.customywear.com\/hu\/custom-hiking-woman-shirt\/","title":{"rendered":"Egyedi t\u00far\u00e1z\u00f3s n\u0151i ing \u2013 szem\u00e9lyre szabott n\u0151i hegyi t\u00far\u00e1z\u00f3 p\u00f3l\u00f3"},"content":{"rendered":"<p>Emeld \u00faj szintre szabadt\u00e9ri kalandjaidat Egyedi T\u00far\u00e1z\u00f3 N\u0151i P\u00f3l\u00f3nkkal, amely szem\u00e9lyre szabott tisztelg\u00e9s a cs\u00facsokat megh\u00f3d\u00edt\u00f3 n\u0151i t\u00far\u00e1z\u00f3k el\u0151tt. K\u00e9pzett k\u00e9zm\u0171veseink az Adobe Illustrator \u00e9s az Adobe Photoshop erej\u00e9t kihaszn\u00e1lva leny\u0171g\u00f6z\u0151 vektoros portr\u00e9kat k\u00e9sz\u00edtenek, fot\u00f3idat egy fens\u00e9ges hegy megh\u00f3d\u00edt\u00e1s\u00e1nak leny\u0171g\u00f6z\u0151 \u00e1br\u00e1zol\u00e1s\u00e1v\u00e1 alak\u00edtva. Ez a pr\u00e9mium grafik\u00e1nkkal d\u00edsz\u00edtett, egyedi p\u00f3l\u00f3 a t\u00f6k\u00e9letes aj\u00e1nd\u00e9k a t\u00far\u00e1z\u00e1s \u00e9s a term\u00e9szet szerelmeseinek. Tapasztald meg a szem\u00e9lyre szab\u00e1s var\u00e1zs\u00e1t Egyedi Uniszex Feln\u0151tt R\u00f6vid \u00e9s Hossz\u00fa Ujj\u00fa P\u00f3l\u00f3ink \u200b\u200bdiz\u00e1jnj\u00e1val. A ruhadarabokon t\u00fal ezek az ingek becses eml\u00e9kt\u00e1rgyakk\u00e1 v\u00e1lnak, amelyek megtestes\u00edtik a cs\u00facsok megm\u00e1sz\u00e1s\u00e1nak \u00e9s a kih\u00edv\u00e1sok lek\u00fczd\u00e9s\u00e9nek izgalm\u00e1t. Sokoldal\u00fa uniszex st\u00edlusukkal k\u00fcl\u00f6nb\u00f6z\u0151 koroszt\u00e1lyok sz\u00e1m\u00e1ra k\u00e9sz\u00fcltek, \u00edgy feln\u0151ttek, fiatalok, gyerekek \u00e9s kisgyermekek sz\u00e1m\u00e1ra is alkalmasak. T\u00f6ltsd meg diz\u00e1jnodat egy csipetnyi egy\u00e9nis\u00e9ggel emberi \u00e9s h\u00e1zi\u00e1llat arcok be\u00e9p\u00edt\u00e9s\u00e9vel, \u00edgy val\u00f3ban egyedi p\u00f3l\u00f3kat hozol l\u00e9tre. Ezek a szem\u00e9lyre szabott p\u00f3l\u00f3k nemcsak a szabadban t\u00f6lt\u00f6tt id\u0151 sz\u00e9ps\u00e9g\u00e9t \u00fcnneplik, hanem a n\u0151i t\u00far\u00e1z\u00f3k felemelked\u00e9s\u00e9t \u00e9s erej\u00e9t is szimboliz\u00e1lj\u00e1k. Fedezd fel diz\u00e1jnjaink v\u00e1laszt\u00e9k\u00e1t, amelyek mindegyike k\u00e9szen \u00e1ll arra, hogy megragadja egyedi utaz\u00e1sod szellemis\u00e9g\u00e9t, \u00e9s m\u00e9ly kapcsolatot inspir\u00e1ljon a term\u00e9szet csod\u00e1ival.<\/p>","protected":false},"excerpt":{"rendered":"<p>Trek st\u00edlusosan egy egyedi t\u00faran\u0151i inggel. A szem\u00e9lyre szabott n\u0151i hegyi p\u00f3l\u00f3k minden f\u00e9nyk\u00e9pet egyedi, k\u00fclt\u00e9ri ihlet\u00e9s\u0171 p\u00f3l\u00f3v\u00e1 alak\u00edtanak \u00e1t.<\/p>","protected":false},"featured_media":142837,"comment_status":"open","ping_status":"closed","template":"","meta":{"_acf_changed":false},"product_brand":[],"product_cat":[6191,558,559,6412,310,6428,75,6356],"product_tag":[560,6433,562,326,6442,112],"class_list":{"0":"post-21207","1":"product","2":"type-product","3":"status-publish","4":"has-post-thumbnail","6":"product_cat-t-shirts-women","7":"product_cat-custom-gifts-hiking","8":"product_cat-hiking-t-shirts","9":"product_cat-photo-to-tees","10":"product_cat-sports-shirts","11":"product_cat-translate-products","12":"product_cat-women","13":"product_cat-womens-summer-t-shirts","14":"product_tag-adventure_shirt","15":"product_tag-ai-artwork","16":"product_tag-hiking-art","17":"product_tag-sports","18":"product_tag-top-artwork","19":"product_tag-women","21":"first","22":"instock","23":"taxable","24":"shipping-taxable","25":"purchasable","26":"product-type-simple"},"acf":[],"wcpa_form_fields":null,"_links":{"self":[{"href":"https:\/\/www.customywear.com\/hu\/wp-json\/wp\/v2\/product\/21207","targetHints":{"allow":["GET"]}}],"collection":[{"href":"https:\/\/www.customywear.com\/hu\/wp-json\/wp\/v2\/product"}],"about":[{"href":"https:\/\/www.customywear.com\/hu\/wp-json\/wp\/v2\/types\/product"}],"replies":[{"embeddable":true,"href":"https:\/\/www.customywear.com\/hu\/wp-json\/wp\/v2\/comments?post=21207"}],"wp:featuredmedia":[{"embeddable":true,"href":"https:\/\/www.customywear.com\/hu\/wp-json\/wp\/v2\/media\/142837"}],"wp:attachment":[{"href":"https:\/\/www.customywear.com\/hu\/wp-json\/wp\/v2\/media?parent=21207"}],"wp:term":[{"taxonomy":"product_brand","embeddable":true,"href":"https:\/\/www.customywear.com\/hu\/wp-json\/wp\/v2\/product_brand?post=21207"},{"taxonomy":"product_cat","embeddable":true,"href":"https:\/\/www.customywear.com\/hu\/wp-json\/wp\/v2\/product_cat?post=21207"},{"taxonomy":"product_tag","embeddable":true,"href":"https:\/\/www.customywear.com\/hu\/wp-json\/wp\/v2\/product_tag?post=21207"}],"curies":[{"name":"wp","href":"https:\/\/api.w.org\/{rel}","templated":true}]}}