{"id":21208,"date":"2023-07-28T13:47:07","date_gmt":"2023-07-28T13:47:07","guid":{"rendered":"https:\/\/www.customywear.com\/?post_type=product&#038;p=21208"},"modified":"2026-05-07T15:29:52","modified_gmt":"2026-05-07T15:29:52","slug":"egyedi-indiai-fiu-polo","status":"publish","type":"product","link":"https:\/\/www.customywear.com\/hu\/custom-indian-boy-tee\/","title":{"rendered":"Personalized Indian Boy Tee &#8211; Travel to India T-shirt for boys"},"content":{"rendered":"<p>Emeld st\u00edlusod magasabb szintre egyedi, szem\u00e9lyre szabott indiai fi\u00fa p\u00f3l\u00f3nkkal, ahol a d\u00e9delgetett eml\u00e9kek tal\u00e1lkoznak a divatos divattal. K\u00e9pzett m\u0171v\u00e9szeink leny\u0171g\u00f6z\u0151 vektoros portr\u00e9v\u00e1 alak\u00edtj\u00e1k \u00e1t becses fot\u00f3dat, z\u00f6kken\u0151mentesen \u00f6tv\u00f6zve a hagyom\u00e1nyt \u00e9s a modernit\u00e1st. Ragadd meg India gazdag kult\u00far\u00e1j\u00e1nak l\u00e9nyeg\u00e9t, mik\u00f6zben gyermeked egy egyedi, szem\u00e9lyre szabott m\u0171alkot\u00e1st visel. Az Adobe Illustrator \u00e9s az Adobe Photoshop seg\u00edts\u00e9g\u00e9vel szak\u00e9rtelemmel k\u00e9sz\u00edtett DTG nyomtat\u00e1s\u00fa p\u00f3l\u00f3ink \u200b\u200bkiv\u00e1l\u00f3 min\u0151s\u00e9g\u0171, \u00e9l\u00e9nk \u00e9s tart\u00f3s diz\u00e1jnt garant\u00e1lnak. \u00c9lvezd uniszex kollekci\u00f3nk sokoldal\u00fas\u00e1g\u00e1t, amely minden koroszt\u00e1ly sz\u00e1m\u00e1ra alkalmas, a feln\u0151ttekt\u0151l a fiatalokon \u00e1t a gyerekekig \u00e9s ak\u00e1r a kisgyermekekig. Ak\u00e1r sz\u00fclet\u00e9snapr\u00f3l, nyaral\u00e1sr\u00f3l vagy b\u00e1rmilyen m\u00e1s alkalomr\u00f3l van sz\u00f3, egyedi p\u00f3l\u00f3ink \u200b\u200bfigyelmes \u00e9s sz\u00edvmelenget\u0151 aj\u00e1nd\u00e9kok, amelyek kiemelkednek. Engedd \u00e1t magad a szem\u00e9lyre szab\u00e1s \u00f6r\u00f6m\u00e9nek, mik\u00f6zben \u00e9letre keltj\u00fck \u00f6tleteidet, nemcsak a fiatalok, hanem a feln\u0151ttek sz\u00e1m\u00e1ra is, biztos\u00edtva a csal\u00e1di divatot. A rendelkez\u00e9sre \u00e1ll\u00f3 diz\u00e1jnok sz\u00e9les v\u00e1laszt\u00e9k\u00e1val megtal\u00e1lod a sz\u00e1modra t\u00f6k\u00e9letesen megfelel\u0151t. Tapasztald meg az eml\u00e9kek viselhet\u0151 m\u0171alkot\u00e1ss\u00e1 alak\u00edt\u00e1s\u00e1nak var\u00e1zs\u00e1t, \u00e9s alkoss maradand\u00f3 pillanatokat egyedi, szem\u00e9lyre szabott p\u00f3l\u00f3inkkal.<\/p>","protected":false},"excerpt":{"rendered":"<p>\u00dcnnepelje a kult\u00far\u00e1t egy szem\u00e9lyre szabott indiai fi\u00fa p\u00f3l\u00f3val. Egyedi f\u00e9nyk\u00e9pes p\u00f3l\u00f3m\u0171v\u00e9szet minden f\u00e9nyk\u00e9pet egyedi, egyedi p\u00f3l\u00f3v\u00e1 var\u00e1zsol.<\/p>","protected":false},"featured_media":142878,"comment_status":"open","ping_status":"closed","template":"","meta":{"_acf_changed":false},"product_brand":[],"product_cat":[6189,6264,6412,6428],"product_tag":[560,6433,6439,2309,2314,65,67,73],"class_list":{"0":"post-21208","1":"product","2":"type-product","3":"status-publish","4":"has-post-thumbnail","6":"product_cat-boys-t-shirts","7":"product_cat-custom-gifts-indian-culture","8":"product_cat-photo-to-tees","9":"product_cat-translate-products","10":"product_tag-adventure_shirt","11":"product_tag-ai-artwork","12":"product_tag-ai-kids-artwork","13":"product_tag-diwali_gift","14":"product_tag-indian_wedding","15":"product_tag-kid","16":"product_tag-kids_birthday_shirt","17":"product_tag-youth-boy","19":"first","20":"instock","21":"taxable","22":"shipping-taxable","23":"purchasable","24":"product-type-simple"},"acf":[],"wcpa_form_fields":null,"_links":{"self":[{"href":"https:\/\/www.customywear.com\/hu\/wp-json\/wp\/v2\/product\/21208","targetHints":{"allow":["GET"]}}],"collection":[{"href":"https:\/\/www.customywear.com\/hu\/wp-json\/wp\/v2\/product"}],"about":[{"href":"https:\/\/www.customywear.com\/hu\/wp-json\/wp\/v2\/types\/product"}],"replies":[{"embeddable":true,"href":"https:\/\/www.customywear.com\/hu\/wp-json\/wp\/v2\/comments?post=21208"}],"wp:featuredmedia":[{"embeddable":true,"href":"https:\/\/www.customywear.com\/hu\/wp-json\/wp\/v2\/media\/142878"}],"wp:attachment":[{"href":"https:\/\/www.customywear.com\/hu\/wp-json\/wp\/v2\/media?parent=21208"}],"wp:term":[{"taxonomy":"product_brand","embeddable":true,"href":"https:\/\/www.customywear.com\/hu\/wp-json\/wp\/v2\/product_brand?post=21208"},{"taxonomy":"product_cat","embeddable":true,"href":"https:\/\/www.customywear.com\/hu\/wp-json\/wp\/v2\/product_cat?post=21208"},{"taxonomy":"product_tag","embeddable":true,"href":"https:\/\/www.customywear.com\/hu\/wp-json\/wp\/v2\/product_tag?post=21208"}],"curies":[{"name":"wp","href":"https:\/\/api.w.org\/{rel}","templated":true}]}}