{"id":21209,"date":"2023-07-28T13:47:08","date_gmt":"2023-07-28T13:47:08","guid":{"rendered":"https:\/\/www.customywear.com\/?post_type=product&#038;p=21209"},"modified":"2026-05-07T15:29:52","modified_gmt":"2026-05-07T15:29:52","slug":"egyedi-indiai-lany-polo","status":"publish","type":"product","link":"https:\/\/www.customywear.com\/hu\/custom-indian-girl-tee\/","title":{"rendered":"Egyedi indiai l\u00e1nyos p\u00f3l\u00f3 | Alak\u00edtsd \u00e1t fot\u00f3dat szem\u00e9lyre szabott p\u00f3l\u00f3v\u00e1"},"content":{"rendered":"<p>Dobd fel ruhat\u00e1rad exkluz\u00edv, egyedi indiai l\u00e1nyka p\u00f3l\u00f3nkkal, ahol a d\u00e9delgetett pillanatok tal\u00e1lkoznak a m\u0171v\u00e9szi divattal. Tehets\u00e9ges tervez\u0151ink \u00fcgyesen alak\u00edtj\u00e1k \u00e1t gyermeked f\u00e9nyk\u00e9p\u00e9t mag\u00e1val ragad\u00f3 vektoros portr\u00e9v\u00e1, z\u00f6kken\u0151mentesen \u00f6tv\u00f6zve a kort\u00e1rs st\u00edlust India kultur\u00e1lis gazdags\u00e1g\u00e1val. Mer\u00fclj el szeretteidben egy szem\u00e9lyre szabott, viselhet\u0151 m\u0171alkot\u00e1sban, \u00edgy minden alkalom igaz\u00e1n k\u00fcl\u00f6nleges lesz. Az Adobe Illustrator \u00e9s az Adobe Photoshop erej\u00e9t kihaszn\u00e1lva DTG nyomtat\u00e1ssal keltj\u00fck \u00e9letre elk\u00e9pzel\u00e9seidet, biztos\u00edtva az \u00e9l\u00e9nk \u00e9s tart\u00f3s diz\u00e1jnokat. \u00c9lvezd uniszex kollekci\u00f3nk sokoldal\u00fas\u00e1g\u00e1t, amely minden koroszt\u00e1ly sz\u00e1m\u00e1ra megfelel\u0151 \u2013 a feln\u0151ttekt\u0151l a fiatalokon \u00e1t a gyerekekig, s\u0151t m\u00e9g a kisgyermekekig is. \u00dcnnepelj sz\u00fclet\u00e9snapokat, csal\u00e1di nyaral\u00e1sokat, vagy egyszer\u0171en mutasd meg egyedi \u00edzl\u00e9sedet egy egyedi p\u00f3l\u00f3val, amely megragadja India \u00f6r\u00f6ks\u00e9g\u00e9nek l\u00e9nyeg\u00e9t. Engedd szabadj\u00e1ra a szem\u00e9lyre szab\u00e1s \u00f6r\u00f6m\u00e9t, mik\u00f6zben egy kiv\u00e9teles diz\u00e1jnt v\u00e1logatunk \u00f6ssze, amely nemcsak a fiatalokat, hanem a feln\u0151tteket is d\u00edsz\u00edti, \u00e9s a divaton kereszt\u00fcl er\u0151s\u00edti az \u00f6sszetartoz\u00e1s \u00e9rz\u00e9s\u00e9t. Fedezd fel v\u00e1ltozatos v\u00e1laszt\u00e9kunkat, ahol minden darab a m\u0171v\u00e9szet bizony\u00edt\u00e9ka annak, hogyan lehet az eml\u00e9keket viselhet\u0151 kifejez\u00e9sekk\u00e9 alak\u00edtani. Fedezd fel a var\u00e1zslatot, hogy egy d\u00e9delgetett eml\u00e9ket egy kiv\u00e1l\u00f3 min\u0151s\u00e9g\u0171, szem\u00e9lyre szabott p\u00f3l\u00f3ba csomagolhatsz, ahol minden sz\u00e1l egy t\u00f6rt\u00e9netet mes\u00e9l.<\/p>","protected":false},"excerpt":{"rendered":"<p>Tiszteld a hagyom\u00e1nyt egy egyedi indiai l\u00e1ny p\u00f3l\u00f3val. Alak\u00edtsa \u00e1t f\u00e9nyk\u00e9p\u00e9t szem\u00e9lyre szabott p\u00f3l\u00f3v\u00e1 az egyedi, kultur\u00e1lis ihlet\u00e9s\u0171 diz\u00e1jn \u00e9rdek\u00e9ben.<\/p>","protected":false},"featured_media":142885,"comment_status":"open","ping_status":"closed","template":"","meta":{"_acf_changed":false},"product_brand":[],"product_cat":[6193,6264,6412,6428],"product_tag":[560,6433,6439,2309,2314,65,67,156],"class_list":{"0":"post-21209","1":"product","2":"type-product","3":"status-publish","4":"has-post-thumbnail","6":"product_cat-girls-t-shirts","7":"product_cat-custom-gifts-indian-culture","8":"product_cat-photo-to-tees","9":"product_cat-translate-products","10":"product_tag-adventure_shirt","11":"product_tag-ai-artwork","12":"product_tag-ai-kids-artwork","13":"product_tag-diwali_gift","14":"product_tag-indian_wedding","15":"product_tag-kid","16":"product_tag-kids_birthday_shirt","17":"product_tag-youth-girl","19":"first","20":"instock","21":"taxable","22":"shipping-taxable","23":"purchasable","24":"product-type-simple"},"acf":[],"wcpa_form_fields":null,"_links":{"self":[{"href":"https:\/\/www.customywear.com\/hu\/wp-json\/wp\/v2\/product\/21209","targetHints":{"allow":["GET"]}}],"collection":[{"href":"https:\/\/www.customywear.com\/hu\/wp-json\/wp\/v2\/product"}],"about":[{"href":"https:\/\/www.customywear.com\/hu\/wp-json\/wp\/v2\/types\/product"}],"replies":[{"embeddable":true,"href":"https:\/\/www.customywear.com\/hu\/wp-json\/wp\/v2\/comments?post=21209"}],"wp:featuredmedia":[{"embeddable":true,"href":"https:\/\/www.customywear.com\/hu\/wp-json\/wp\/v2\/media\/142885"}],"wp:attachment":[{"href":"https:\/\/www.customywear.com\/hu\/wp-json\/wp\/v2\/media?parent=21209"}],"wp:term":[{"taxonomy":"product_brand","embeddable":true,"href":"https:\/\/www.customywear.com\/hu\/wp-json\/wp\/v2\/product_brand?post=21209"},{"taxonomy":"product_cat","embeddable":true,"href":"https:\/\/www.customywear.com\/hu\/wp-json\/wp\/v2\/product_cat?post=21209"},{"taxonomy":"product_tag","embeddable":true,"href":"https:\/\/www.customywear.com\/hu\/wp-json\/wp\/v2\/product_tag?post=21209"}],"curies":[{"name":"wp","href":"https:\/\/api.w.org\/{rel}","templated":true}]}}