{"id":21216,"date":"2023-07-28T13:47:13","date_gmt":"2023-07-28T13:47:13","guid":{"rendered":"https:\/\/www.customywear.com\/?post_type=product&#038;p=21216"},"modified":"2026-05-05T20:23:30","modified_gmt":"2026-05-05T20:23:30","slug":"szemelyre-szabott-karate-noi-polo","status":"publish","type":"product","link":"https:\/\/www.customywear.com\/hu\/custom-karate-woman-shirt\/","title":{"rendered":"Egyedi karate n\u0151i p\u00f3l\u00f3 | Szem\u00e9lyre szabott kung fu sporttan\u00e1r anya bar\u00e1tn\u0151 n\u0151v\u00e9r p\u00f3l\u00f3"},"content":{"rendered":"<p>\u00d6leld \u00e1t a harcm\u0171v\u00e9szetek erej\u00e9t \u00e9s kecsess\u00e9g\u00e9t \u201eEgyedi karate n\u0151i p\u00f3l\u00f3nkkal\u201d, ahol \u00fcgyesen \u00e1talak\u00edtjuk fot\u00f3dat egy mag\u00e1val ragad\u00f3 vektoros portr\u00e9v\u00e1 r\u00f3lad, amely bemutatja karate k\u00e9pess\u00e9geidet. Ez a szem\u00e9lyre szabott p\u00f3l\u00f3 t\u00f6k\u00e9letes aj\u00e1nd\u00e9k a harcm\u0171v\u00e9szetek rajong\u00f3inak, legyen sz\u00f3 ak\u00e1r szenved\u00e9lyes sporttan\u00e1rr\u00f3l, odaad\u00f3 anyar\u00f3l, t\u00e1mogat\u00f3 bar\u00e1tn\u0151r\u0151l vagy gondoskod\u00f3 n\u0151v\u00e9rr\u0151l. \u00dcnnepeld a karate \u00e9s a kung fu ir\u00e1nti szeretetedet ezzel az egyedi \u00e9s egyedi tervez\u00e9s\u0171 p\u00f3l\u00f3val. Az Adobe Illustrator \u00e9s az Adobe Photoshop szak\u00e9rtelm\u00e9t felhaszn\u00e1lva biztos\u00edtjuk, hogy fot\u00f3d minden r\u00e9szlete kiv\u00e1l\u00f3 min\u0151s\u00e9g\u0171 vektoros grafik\u00e1v\u00e1 alakuljon, megragadva harcm\u0171v\u00e9szeti utadat. Feln\u0151tt r\u00f6vid \u00e9s hossz\u00fa ujj\u00fa v\u00e1ltozatban is kaphat\u00f3, ez az unisex p\u00f3l\u00f3 minden koroszt\u00e1ly sz\u00e1m\u00e1ra szem\u00e9lyre szabhat\u00f3, a feln\u0151ttekt\u0151l a fiatalokon, gyerekeken \u00e9s kisgyermekeken \u00e1t. Hogy m\u00e9g k\u00fcl\u00f6nlegesebb\u00e9 tegy\u00fck, lehet\u0151s\u00e9get k\u00edn\u00e1lunk arra, hogy kedvenced arc\u00e1t is belefoglald a m\u0171alkot\u00e1sba, extra szem\u00e9lyre szab\u00e1st adva. Ak\u00e1r edz\u00e9seken, ak\u00e1r h\u00e9tk\u00f6znapi kir\u00e1ndul\u00e1sokon viseled, ak\u00e1r a harcm\u0171v\u00e9szetek ir\u00e1nti elk\u00f6telezetts\u00e9ged bemutat\u00e1s\u00e1ra, egyedi karate n\u0151i p\u00f3l\u00f3nk er\u0151teljes \u00e9s jelent\u0151s\u00e9gteljes kieg\u00e9sz\u00edt\u0151je lehet a ruhat\u00e1radnak. \u00d6leld magadhoz harcm\u0171v\u00e9szeti szellemis\u00e9get, \u00e9s viseld b\u00fcszk\u00e9n a szenved\u00e9lyedet ezzel az egyedi, szem\u00e9lyre szabott p\u00f3l\u00f3val.<\/p>","protected":false},"excerpt":{"rendered":"<p>\u00dcnnepelje az er\u0151t egy egyedi karate n\u0151i inggel. A szem\u00e9lyre szabott kung fu sporttan\u00e1r anyuka, bar\u00e1tn\u0151je vagy n\u0151v\u00e9re minden f\u00e9nyk\u00e9pet egyedi p\u00f3l\u00f3v\u00e1 alak\u00edt.<\/p>","protected":false},"featured_media":142927,"comment_status":"open","ping_status":"closed","template":"","meta":{"_acf_changed":false},"product_brand":[],"product_cat":[6191,2406,6412,6428,6351,6352],"product_tag":[6433,934,6217,2408,1301,1302,1792,326,112,1827],"class_list":{"0":"post-21216","1":"product","2":"type-product","3":"status-publish","4":"has-post-thumbnail","6":"product_cat-t-shirts-women","7":"product_cat-custom-gifts-karate","8":"product_cat-photo-to-tees","9":"product_cat-translate-products","10":"product_cat-womens-gym-t-shirts","11":"product_cat-womens-sports-t-shirts","12":"product_tag-ai-artwork","13":"product_tag-birthday_shirt","14":"product_tag-custom-t-shirt","15":"product_tag-custom-arts-karate","16":"product_tag-jiu_jitsu_shirt","17":"product_tag-karate_gift","18":"product_tag-muay_thai_shirt","19":"product_tag-sports","20":"product_tag-women","21":"product_tag-workout_shirt","23":"first","24":"instock","25":"taxable","26":"shipping-taxable","27":"purchasable","28":"product-type-simple"},"acf":[],"wcpa_form_fields":null,"_links":{"self":[{"href":"https:\/\/www.customywear.com\/hu\/wp-json\/wp\/v2\/product\/21216","targetHints":{"allow":["GET"]}}],"collection":[{"href":"https:\/\/www.customywear.com\/hu\/wp-json\/wp\/v2\/product"}],"about":[{"href":"https:\/\/www.customywear.com\/hu\/wp-json\/wp\/v2\/types\/product"}],"replies":[{"embeddable":true,"href":"https:\/\/www.customywear.com\/hu\/wp-json\/wp\/v2\/comments?post=21216"}],"wp:featuredmedia":[{"embeddable":true,"href":"https:\/\/www.customywear.com\/hu\/wp-json\/wp\/v2\/media\/142927"}],"wp:attachment":[{"href":"https:\/\/www.customywear.com\/hu\/wp-json\/wp\/v2\/media?parent=21216"}],"wp:term":[{"taxonomy":"product_brand","embeddable":true,"href":"https:\/\/www.customywear.com\/hu\/wp-json\/wp\/v2\/product_brand?post=21216"},{"taxonomy":"product_cat","embeddable":true,"href":"https:\/\/www.customywear.com\/hu\/wp-json\/wp\/v2\/product_cat?post=21216"},{"taxonomy":"product_tag","embeddable":true,"href":"https:\/\/www.customywear.com\/hu\/wp-json\/wp\/v2\/product_tag?post=21216"}],"curies":[{"name":"wp","href":"https:\/\/api.w.org\/{rel}","templated":true}]}}