{"id":21218,"date":"2023-07-28T13:47:14","date_gmt":"2023-07-28T13:47:14","guid":{"rendered":"https:\/\/www.customywear.com\/?post_type=product&#038;p=21218"},"modified":"2026-05-07T15:29:52","modified_gmt":"2026-05-07T15:29:52","slug":"egyedi-koreai-fiu-ing","status":"publish","type":"product","link":"https:\/\/www.customywear.com\/hu\/custom-korean-boy-shirt\/","title":{"rendered":"Egyedi koreai fi\u00fa ing | Szem\u00e9lyre szabott koreai orsz\u00e1gj\u00e1r\u00f3 p\u00f3l\u00f3 utaz\u00e1s szerelmeseinek"},"content":{"rendered":"<p>Mer\u00edtsd meg a koreai kult\u00fara mag\u00e1val ragad\u00f3 var\u00e1zs\u00e1t \u201eEgyedi koreai fi\u00fap\u00f3l\u00f3nkkal\u201d, ahol \u00fcgyesen \u00e1talak\u00edtjuk gyermeked fot\u00f3j\u00e1t egy leny\u0171g\u00f6z\u0151 vektorportr\u00e9v\u00e1, amely egy b\u00e1jos koreai hagyom\u00e1nyos ruh\u00e1ban \u00e1br\u00e1zolja \u0151t. Ez a kreat\u00edv, r\u00f6vid \u00e9s hossz\u00fa ujj\u00fa ifj\u00fas\u00e1gi p\u00f3l\u00f3diz\u00e1jn t\u00f6k\u00e9letes egyedi aj\u00e1nd\u00e9k a fiatal koreai \u00e9s \u00e1zsiai kult\u00fara szerelmeseinek, megragadva D\u00e9l-Korea l\u00e9nyeg\u00e9t \u00e9s gazdag \u00f6r\u00f6ks\u00e9g\u00e9t. Az Adobe Illustrator \u00e9s az Adobe Photoshop haszn\u00e1lat\u00e1val biztos\u00edtjuk, hogy az \u00edgy l\u00e9trej\u00f6v\u0151 design kiv\u00e1l\u00f3 min\u0151s\u00e9g\u0171 vektorgrafik\u00e1t tartalmazzon, kiemelve gyermeked kultur\u00e1lis b\u00fcszkes\u00e9g\u00e9t \u00e9s csod\u00e1lat\u00e1t. Ezek a szem\u00e9lyre szabott p\u00f3l\u00f3k feln\u0151ttek, fiatalok, gyerekek \u00e9s kisgyermekek sz\u00e1m\u00e1ra egyar\u00e1nt kaphat\u00f3k, \u00edgy sokoldal\u00fa aj\u00e1nd\u00e9kok minden koroszt\u00e1ly sz\u00e1m\u00e1ra. Ezenk\u00edv\u00fcl, ha gyermeked m\u00e9ly k\u00f6t\u0151d\u00e9st \u00e1pol egy szeretett h\u00e1zi\u00e1llattal, lehet\u0151s\u00e9get k\u00edn\u00e1lunk arra, hogy sz\u0151r\u00f6s bar\u00e1tja arc\u00e1t is belefoglald a portr\u00e9ba, extra szem\u00e9lyre szabva ezt a sz\u00edvb\u0151l j\u00f6v\u0151 aj\u00e1nd\u00e9kot. Mer\u00edtsd meg a koreai hagyom\u00e1nyok csod\u00e1it, \u00e9s hagyd, hogy kicsi mutassa meg Korea \u00e9s leny\u0171g\u00f6z\u0151 t\u00f6rt\u00e9nelme ir\u00e1nti szeretet\u00e9t egyedi koreai fi\u00fap\u00f3l\u00f3nkkal, amely egy gy\u00f6ny\u00f6r\u0171 tisztelg\u00e9s az \u00e1zsiai kult\u00fara sz\u00e9ps\u00e9ge el\u0151tt.<\/p>","protected":false},"excerpt":{"rendered":"<p>Tiszteld az \u00f6r\u00f6ks\u00e9get egy egyedi koreai fi\u00fa inggel. Szem\u00e9lyre szabott Korea Country Tour p\u00f3l\u00f3k az utaz\u00e1s szerelmeseinek minden f\u00e9nyk\u00e9pet egyedi p\u00f3l\u00f3v\u00e1 var\u00e1zsolnak.<\/p>","protected":false},"featured_media":142962,"comment_status":"open","ping_status":"closed","template":"","meta":{"_acf_changed":false},"product_brand":[],"product_cat":[6189,2421,6412,6428],"product_tag":[6433,6439,64,2422,65,67,2345,73],"class_list":{"0":"post-21218","1":"product","2":"type-product","3":"status-publish","4":"has-post-thumbnail","6":"product_cat-boys-t-shirts","7":"product_cat-custom-gifts-korean-culture","8":"product_cat-photo-to-tees","9":"product_cat-translate-products","10":"product_tag-ai-artwork","11":"product_tag-ai-kids-artwork","12":"product_tag-country_shirts","13":"product_tag-custom-arts-korean","14":"product_tag-kid","15":"product_tag-kids_birthday_shirt","16":"product_tag-kpop_shirt","17":"product_tag-youth-boy","19":"first","20":"instock","21":"taxable","22":"shipping-taxable","23":"purchasable","24":"product-type-simple"},"acf":[],"wcpa_form_fields":null,"_links":{"self":[{"href":"https:\/\/www.customywear.com\/hu\/wp-json\/wp\/v2\/product\/21218","targetHints":{"allow":["GET"]}}],"collection":[{"href":"https:\/\/www.customywear.com\/hu\/wp-json\/wp\/v2\/product"}],"about":[{"href":"https:\/\/www.customywear.com\/hu\/wp-json\/wp\/v2\/types\/product"}],"replies":[{"embeddable":true,"href":"https:\/\/www.customywear.com\/hu\/wp-json\/wp\/v2\/comments?post=21218"}],"wp:featuredmedia":[{"embeddable":true,"href":"https:\/\/www.customywear.com\/hu\/wp-json\/wp\/v2\/media\/142962"}],"wp:attachment":[{"href":"https:\/\/www.customywear.com\/hu\/wp-json\/wp\/v2\/media?parent=21218"}],"wp:term":[{"taxonomy":"product_brand","embeddable":true,"href":"https:\/\/www.customywear.com\/hu\/wp-json\/wp\/v2\/product_brand?post=21218"},{"taxonomy":"product_cat","embeddable":true,"href":"https:\/\/www.customywear.com\/hu\/wp-json\/wp\/v2\/product_cat?post=21218"},{"taxonomy":"product_tag","embeddable":true,"href":"https:\/\/www.customywear.com\/hu\/wp-json\/wp\/v2\/product_tag?post=21218"}],"curies":[{"name":"wp","href":"https:\/\/api.w.org\/{rel}","templated":true}]}}