{"id":21258,"date":"2023-07-28T13:47:43","date_gmt":"2023-07-28T13:47:43","guid":{"rendered":"https:\/\/www.customywear.com\/?post_type=product&#038;p=21258"},"modified":"2026-05-07T15:29:51","modified_gmt":"2026-05-07T15:29:51","slug":"szemelyre-szabott-sello-lany-ifjusagi-polo","status":"publish","type":"product","link":"https:\/\/www.customywear.com\/hu\/personalized-mermaid-girl-youth-shirt\/","title":{"rendered":"Szem\u00e9lyre szabott sell\u0151 l\u00e1ny ifj\u00fas\u00e1gi p\u00f3l\u00f3 | Egyedi v\u00edz alatti kaland p\u00f3l\u00f3"},"content":{"rendered":"<p>Mer\u00fclj el a k\u00e9pzelet vil\u00e1g\u00e1ban a \u201eSzem\u00e9lyre szabott sell\u0151 l\u00e1ny ifj\u00fas\u00e1gi p\u00f3l\u00f3nkkal\u201d, ahol gyermeked fot\u00f3ja egy mag\u00e1val ragad\u00f3 vektoros illusztr\u00e1ci\u00f3v\u00e1 alakul az Adobe Illustrator seg\u00edts\u00e9g\u00e9vel. N\u00e9zd, ahogy a kicsi kecses sell\u0151k\u00e9nt fedezi fel az \u00f3ce\u00e1n m\u00e9lys\u00e9geit ezen az egyedi p\u00f3l\u00f3n. Ez a var\u00e1zslatos diz\u00e1jn t\u00f6k\u00e9letes inspir\u00e1l\u00f3 aj\u00e1nd\u00e9k a fiatal, fant\u00e1ziad\u00fas elm\u00e9k sz\u00e1m\u00e1ra, akiket mag\u00e1val ragad a sell\u0151k misztikus vil\u00e1ga. K\u00e9pzett tervez\u0151ink az Adobe Illustrator \u00e9s az Adobe Photoshop seg\u00edts\u00e9g\u00e9vel var\u00e1zslatosan, kiv\u00e1l\u00f3 min\u0151s\u00e9g\u0171 vektorgrafik\u00e1t k\u00e9sz\u00edtenek, \u00e9l\u00e9nk sz\u00ednekkel \u00e9s bonyolult r\u00e9szletekkel keltve \u00e9letre a sell\u0151fant\u00e1zi\u00e1t. A DTG nyomtat\u00e1si technika biztos\u00edtja, hogy a diz\u00e1jn \u00e9l\u00e9nk \u00e9s tart\u00f3s maradjon m\u00e9g sz\u00e1mtalan kaland ut\u00e1n is. Ez az uniszex p\u00f3l\u00f3 minden koroszt\u00e1ly sz\u00e1m\u00e1ra el\u00e9rhet\u0151, bele\u00e9rtve a feln\u0151tteket, fiatalokat, gyerekeket \u00e9s kisgyermekeket is, \u00edgy kellemes meglepet\u00e9s az eg\u00e9sz csal\u00e1d sz\u00e1m\u00e1ra. Ezenk\u00edv\u00fcl lehet\u0151s\u00e9get k\u00edn\u00e1lunk a diz\u00e1jn szem\u00e9lyre szab\u00e1s\u00e1ra b\u00e1rmilyen emberi vagy h\u00e1zi\u00e1llat arccal, extra var\u00e1zslatot \u00e9s egyedis\u00e9get adva ehhez a b\u00e1jos sell\u0151 t\u00e9m\u00e1j\u00fa p\u00f3l\u00f3hoz.<\/p>","protected":false},"excerpt":{"rendered":"<p>Fedezze fel a tengereket egy szem\u00e9lyre szabott sell\u0151l\u00e1ny ifj\u00fas\u00e1gi p\u00f3l\u00f3val. Egyedi v\u00edz alatti kaland p\u00f3l\u00f3k minden f\u00e9nyk\u00e9pet j\u00e1t\u00e9kos, egyedi p\u00f3l\u00f3v\u00e1 var\u00e1zsolnak.<\/p>","protected":false},"featured_media":143011,"comment_status":"open","ping_status":"closed","template":"","meta":{"_acf_changed":false},"product_brand":[],"product_cat":[6193,1615,6412,6428],"product_tag":[6433,6439,6331,1616,65,1617,1618,2457,156],"class_list":{"0":"post-21258","1":"product","2":"type-product","3":"status-publish","4":"has-post-thumbnail","6":"product_cat-girls-t-shirts","7":"product_cat-custom-gifts-mermaid","8":"product_cat-photo-to-tees","9":"product_cat-translate-products","10":"product_tag-ai-artwork","11":"product_tag-ai-kids-artwork","12":"product_tag-custom-picture-t-shirt-for-girls","13":"product_tag-custom-arts-mermaid","14":"product_tag-kid","15":"product_tag-mermaid_gifts","16":"product_tag-mermaid_shirt","17":"product_tag-ocean_shirt","18":"product_tag-youth-girl","20":"first","21":"instock","22":"taxable","23":"shipping-taxable","24":"purchasable","25":"product-type-simple"},"acf":[],"wcpa_form_fields":null,"_links":{"self":[{"href":"https:\/\/www.customywear.com\/hu\/wp-json\/wp\/v2\/product\/21258","targetHints":{"allow":["GET"]}}],"collection":[{"href":"https:\/\/www.customywear.com\/hu\/wp-json\/wp\/v2\/product"}],"about":[{"href":"https:\/\/www.customywear.com\/hu\/wp-json\/wp\/v2\/types\/product"}],"replies":[{"embeddable":true,"href":"https:\/\/www.customywear.com\/hu\/wp-json\/wp\/v2\/comments?post=21258"}],"wp:featuredmedia":[{"embeddable":true,"href":"https:\/\/www.customywear.com\/hu\/wp-json\/wp\/v2\/media\/143011"}],"wp:attachment":[{"href":"https:\/\/www.customywear.com\/hu\/wp-json\/wp\/v2\/media?parent=21258"}],"wp:term":[{"taxonomy":"product_brand","embeddable":true,"href":"https:\/\/www.customywear.com\/hu\/wp-json\/wp\/v2\/product_brand?post=21258"},{"taxonomy":"product_cat","embeddable":true,"href":"https:\/\/www.customywear.com\/hu\/wp-json\/wp\/v2\/product_cat?post=21258"},{"taxonomy":"product_tag","embeddable":true,"href":"https:\/\/www.customywear.com\/hu\/wp-json\/wp\/v2\/product_tag?post=21258"}],"curies":[{"name":"wp","href":"https:\/\/api.w.org\/{rel}","templated":true}]}}