{"id":21302,"date":"2023-07-28T13:48:37","date_gmt":"2023-07-28T13:48:37","guid":{"rendered":"https:\/\/www.customywear.com\/?post_type=product&#038;p=21302"},"modified":"2026-05-07T15:29:49","modified_gmt":"2026-05-07T15:29:49","slug":"kiralynoi-kiralyi-garda-ing","status":"publish","type":"product","link":"https:\/\/www.customywear.com\/hu\/queens-royal-guard-shirt\/","title":{"rendered":"\u00c1llj egyenesen a kir\u00e1lyn\u0151k mell\u00e9: Egyedi kir\u00e1lyi g\u00e1rda l\u00e1ny ing \u2013 szem\u00e9lyre szabott ifj\u00fas\u00e1gi p\u00f3l\u00f3"},"content":{"rendered":"<p>\u00d6lt\u00f6ztesd fel a kicsiket kreat\u00edv r\u00f6vid ujj\u00fa \u00e9s hossz\u00fa ujj\u00fa ifj\u00fas\u00e1gi p\u00f3l\u00f3inkkal! Gyermeked fot\u00f3j\u00e1b\u00f3l szak\u00e9rt\u0151k \u00e1ltal k\u00e9sz\u00edtett mag\u00e1val ragad\u00f3 vektorgrafik\u00e1t k\u00e9sz\u00edt\u00fcnk az Adobe Illustratorban, b\u00fcszke \u00e9s kir\u00e1lyi g\u00e1rd\u00e1v\u00e1 var\u00e1zsolva \u0151ket. Ez a szem\u00e9lyre szabott p\u00f3l\u00f3 t\u00f6k\u00e9letes aj\u00e1nd\u00e9k fiataloknak, egy csipetnyi humort \u00e9s izgalmat visz ruhat\u00e1rukba. DTG nyomtat\u00e1sunk kiv\u00e1l\u00f3 min\u0151s\u00e9g\u0171 vektorgrafik\u00e1t biztos\u00edt, \u00edgy a p\u00f3l\u00f3 feln\u0151ttek \u00e9s gyerekek sz\u00e1m\u00e1ra egyar\u00e1nt alkalmas. K\u00fcl\u00f6nb\u00f6z\u0151 m\u00e9retekben kaphat\u00f3 fiatalok, kisgyermekek \u00e9s feln\u0151ttek sz\u00e1m\u00e1ra, ez az unisex p\u00f3l\u00f3 tov\u00e1bb szem\u00e9lyre szabhat\u00f3 emberi \u00e9s h\u00e1zi\u00e1llat arcok be\u00e9p\u00edt\u00e9s\u00e9vel, \u00edgy val\u00f3ban egyedi darabot hoz l\u00e9tre. \u00c1llj egyenesre, \u00e9s csatlakozz a kir\u00e1lyi sorokhoz Queens Royal Guard l\u00e1ny p\u00f3l\u00f3nkkal, amely a kreativit\u00e1st helyezi el\u0151t\u00e9rbe, \u00e9s b\u00fcszkes\u00e9get \u00e9s j\u00e1t\u00e9koss\u00e1got kelt. A r\u00e9szletekre val\u00f3 apr\u00f3l\u00e9kos odafigyel\u00e9ssel elk\u00f6telezettek vagyunk azir\u00e1nt, hogy olyan term\u00e9ket sz\u00e1ll\u00edtsunk, amely \u00f6r\u00f6met \u00e9s becses eml\u00e9keket kelt. Ha b\u00e1rmilyen k\u00e9rd\u00e9sed van, vagy seg\u00edts\u00e9gre van sz\u00fcks\u00e9ged, ne habozz kapcsolatba l\u00e9pni vel\u00fcnk. Az\u00e9rt vagyunk itt, hogy elk\u00e9sz\u00edts\u00fck a szem\u00e9lyre szabott p\u00f3l\u00f3t, amelyben a kicsi igazi kir\u00e1lyi csal\u00e1dtagnak \u00e9rezheti mag\u00e1t!<\/p>","protected":false},"excerpt":{"rendered":"<p>\u00c1lljon magasan a kir\u00e1lyn\u0151kkel egy egyedi Royal Guard l\u00e1ny ingben. A szem\u00e9lyre szabott ifj\u00fas\u00e1gi p\u00f3l\u00f3k minden f\u00e9nyk\u00e9pet mer\u00e9sz, egyedi p\u00f3l\u00f3v\u00e1 var\u00e1zsolnak.<\/p>","protected":false},"featured_media":143053,"comment_status":"open","ping_status":"closed","template":"","meta":{"_acf_changed":false},"product_brand":[],"product_cat":[6193,2999,6412,6428],"product_tag":[6433,6439,64,65,3051,70,156],"class_list":{"0":"post-21302","1":"product","2":"type-product","3":"status-publish","4":"has-post-thumbnail","6":"product_cat-girls-t-shirts","7":"product_cat-custom-gifts-royal-guard","8":"product_cat-photo-to-tees","9":"product_cat-translate-products","10":"product_tag-ai-artwork","11":"product_tag-ai-kids-artwork","12":"product_tag-country_shirts","13":"product_tag-kid","14":"product_tag-london_shirt","15":"product_tag-travel_gift","16":"product_tag-youth-girl","18":"first","19":"instock","20":"taxable","21":"shipping-taxable","22":"purchasable","23":"product-type-simple"},"acf":[],"wcpa_form_fields":null,"_links":{"self":[{"href":"https:\/\/www.customywear.com\/hu\/wp-json\/wp\/v2\/product\/21302","targetHints":{"allow":["GET"]}}],"collection":[{"href":"https:\/\/www.customywear.com\/hu\/wp-json\/wp\/v2\/product"}],"about":[{"href":"https:\/\/www.customywear.com\/hu\/wp-json\/wp\/v2\/types\/product"}],"replies":[{"embeddable":true,"href":"https:\/\/www.customywear.com\/hu\/wp-json\/wp\/v2\/comments?post=21302"}],"wp:featuredmedia":[{"embeddable":true,"href":"https:\/\/www.customywear.com\/hu\/wp-json\/wp\/v2\/media\/143053"}],"wp:attachment":[{"href":"https:\/\/www.customywear.com\/hu\/wp-json\/wp\/v2\/media?parent=21302"}],"wp:term":[{"taxonomy":"product_brand","embeddable":true,"href":"https:\/\/www.customywear.com\/hu\/wp-json\/wp\/v2\/product_brand?post=21302"},{"taxonomy":"product_cat","embeddable":true,"href":"https:\/\/www.customywear.com\/hu\/wp-json\/wp\/v2\/product_cat?post=21302"},{"taxonomy":"product_tag","embeddable":true,"href":"https:\/\/www.customywear.com\/hu\/wp-json\/wp\/v2\/product_tag?post=21302"}],"curies":[{"name":"wp","href":"https:\/\/api.w.org\/{rel}","templated":true}]}}