{"id":21307,"date":"2023-07-28T13:48:40","date_gmt":"2023-07-28T13:48:40","guid":{"rendered":"https:\/\/www.customywear.com\/?post_type=product&#038;p=21307"},"modified":"2026-05-07T15:29:49","modified_gmt":"2026-05-07T15:29:49","slug":"kiralyi-garda-fiuk-londoni-poloja","status":"publish","type":"product","link":"https:\/\/www.customywear.com\/hu\/royal-guard-boys-shirt-london-tee\/","title":{"rendered":"King&#039;s Little Guardian: Egyedi Kir\u00e1lyi G\u00e1rda Fi\u00fa P\u00f3l\u00f3 \u2013 Szem\u00e9lyre szabott Londoni P\u00f3l\u00f3"},"content":{"rendered":"<p>Bemutatjuk kreat\u00edv, r\u00f6vid \u00e9s hossz\u00fa ujj\u00fa, ifj\u00fas\u00e1gi p\u00f3l\u00f3inkat, ahol a kicsi egy csipetnyi var\u00e1zslattal kir\u00e1lyi g\u00e1rd\u00e1v\u00e1 alakul. Gyermeked fot\u00f3j\u00e1nak felhaszn\u00e1l\u00e1s\u00e1val k\u00e9pzett m\u0171v\u00e9szeink egy mag\u00e1val ragad\u00f3 vektorgrafik\u00e1t k\u00e9sz\u00edtenek, amely a kir\u00e1lyi g\u00e1rda b\u00fcszke \u00e9s b\u00e1tor tagj\u00e1v\u00e1 var\u00e1zsolja \u0151t. Ez az egyedi fi\u00fas p\u00f3l\u00f3 elb\u0171v\u00f6l\u0151 \u00e9s humoros aj\u00e1nd\u00e9k lehet azoknak a fiataloknak, akiket leny\u0171g\u00f6z az ikonikus kir\u00e1lyi g\u00e1rda \u00e9s London fens\u00e9ges v\u00e1rosa. DTG nyomtat\u00e1sunk biztos\u00edtja, hogy a p\u00f3l\u00f3k kiv\u00e1l\u00f3 min\u0151s\u00e9g\u0171ek, uniszexek, \u00e9s feln\u0151ttek, fiatalok, gyerekek \u00e9s kisgyermekek sz\u00e1m\u00e1ra egyar\u00e1nt alkalmasak, \u00edgy minden koroszt\u00e1ly sz\u00e1m\u00e1ra t\u00f6k\u00e9letesen illeszkednek. Ipar\u00e1gi szabv\u00e1nynak sz\u00e1m\u00edt\u00f3 szoftvereket, p\u00e9ld\u00e1ul Adobe Illustratort \u00e9s Adobe Photoshopot haszn\u00e1lunk, hogy gy\u00f6ny\u00f6r\u0171, egyedi \u00e9s gyermeked egyedis\u00e9g\u00e9hez igaz\u00edtott mint\u00e1kat rajzoljunk. Ez a londoni t\u00e9m\u00e1j\u00fa p\u00f3l\u00f3 emberi \u00e9s h\u00e1zi\u00e1llat arcokkal is szem\u00e9lyre szabhat\u00f3, \u00edgy becses eml\u00e9kt\u00e1rgy lesz kis gy\u00e1mod \u00e9s sz\u0151r\u00f6s bar\u00e1tai sz\u00e1m\u00e1ra. Mer\u00edtsd magadb\u00f3l a kir\u00e1lyi g\u00e1rda fi\u00fas p\u00f3l\u00f3nk var\u00e1zs\u00e1t, amely tisztelg\u00e9s London id\u0151tlen hagyom\u00e1nyai el\u0151tt, \u00e9s felejthetetlen aj\u00e1nd\u00e9k az \u00e9leted fiatal kalandorai sz\u00e1m\u00e1ra. Ha b\u00e1rmilyen k\u00e9rd\u00e9se van, vagy tov\u00e1bbi seg\u00edts\u00e9gre van sz\u00fcks\u00e9ge, ne habozzon kapcsolatba l\u00e9pni vel\u00fcnk, hogy szem\u00e9lyre szabott \u00e9lm\u00e9nyt ny\u00fajthassunk, amely fel\u00fclm\u00falja az elv\u00e1r\u00e1sait.<\/p>","protected":false},"excerpt":{"rendered":"<p>B\u00fcszk\u00e9n \u0151rk\u00f6dik egy egyedi Royal Guard Boys ingben. A szem\u00e9lyre szabott londoni p\u00f3l\u00f3k minden f\u00e9nyk\u00e9pet mer\u00e9sz, egyedi p\u00f3l\u00f3v\u00e1 var\u00e1zsolnak.<\/p>","protected":false},"featured_media":143046,"comment_status":"open","ping_status":"closed","template":"","meta":{"_acf_changed":false},"product_brand":[],"product_cat":[6189,2999,6412,6428],"product_tag":[6433,6439,64,65,3051,70,73],"class_list":{"0":"post-21307","1":"product","2":"type-product","3":"status-publish","4":"has-post-thumbnail","6":"product_cat-boys-t-shirts","7":"product_cat-custom-gifts-royal-guard","8":"product_cat-photo-to-tees","9":"product_cat-translate-products","10":"product_tag-ai-artwork","11":"product_tag-ai-kids-artwork","12":"product_tag-country_shirts","13":"product_tag-kid","14":"product_tag-london_shirt","15":"product_tag-travel_gift","16":"product_tag-youth-boy","18":"first","19":"instock","20":"taxable","21":"shipping-taxable","22":"purchasable","23":"product-type-simple"},"acf":[],"wcpa_form_fields":null,"_links":{"self":[{"href":"https:\/\/www.customywear.com\/hu\/wp-json\/wp\/v2\/product\/21307","targetHints":{"allow":["GET"]}}],"collection":[{"href":"https:\/\/www.customywear.com\/hu\/wp-json\/wp\/v2\/product"}],"about":[{"href":"https:\/\/www.customywear.com\/hu\/wp-json\/wp\/v2\/types\/product"}],"replies":[{"embeddable":true,"href":"https:\/\/www.customywear.com\/hu\/wp-json\/wp\/v2\/comments?post=21307"}],"wp:featuredmedia":[{"embeddable":true,"href":"https:\/\/www.customywear.com\/hu\/wp-json\/wp\/v2\/media\/143046"}],"wp:attachment":[{"href":"https:\/\/www.customywear.com\/hu\/wp-json\/wp\/v2\/media?parent=21307"}],"wp:term":[{"taxonomy":"product_brand","embeddable":true,"href":"https:\/\/www.customywear.com\/hu\/wp-json\/wp\/v2\/product_brand?post=21307"},{"taxonomy":"product_cat","embeddable":true,"href":"https:\/\/www.customywear.com\/hu\/wp-json\/wp\/v2\/product_cat?post=21307"},{"taxonomy":"product_tag","embeddable":true,"href":"https:\/\/www.customywear.com\/hu\/wp-json\/wp\/v2\/product_tag?post=21307"}],"curies":[{"name":"wp","href":"https:\/\/api.w.org\/{rel}","templated":true}]}}