{"id":21312,"date":"2023-07-28T13:48:42","date_gmt":"2023-07-28T13:48:42","guid":{"rendered":"https:\/\/www.customywear.com\/?post_type=product&#038;p=21312"},"modified":"2026-05-07T15:29:49","modified_gmt":"2026-05-07T15:29:49","slug":"futo-fiu-ing","status":"publish","type":"product","link":"https:\/\/www.customywear.com\/hu\/runner-boy-shirt\/","title":{"rendered":"T\u00e1pl\u00e1ld ifj\u00fa bajnokod szenved\u00e9ly\u00e9t fut\u00f3 fi\u00fa p\u00f3l\u00f3nkkal"},"content":{"rendered":"<p>Gy\u00fajtsd fel az atletikuss\u00e1g szikr\u00e1j\u00e1t ifj\u00fa bajnokodban egyedi fut\u00f3 fi\u00fa p\u00f3l\u00f3nkkal! Kreativit\u00e1ssal \u00e9s gondoss\u00e1ggal k\u00e9sz\u00edtett, ifj\u00fas\u00e1gi r\u00f6vid \u00e9s hossz\u00fa ujj\u00fa p\u00f3l\u00f3ink \u200b\u200bszem\u00e9lyre szabott vektorgrafik\u00e1val rendelkeznek, amelyek gyermeked fot\u00f3j\u00e1t energikus illusztr\u00e1ci\u00f3v\u00e1 alak\u00edtj\u00e1k, amint a szabadban fut. Ez az egyedi, egyedi p\u00f3l\u00f3 t\u00f6k\u00e9letes inspir\u00e1l\u00f3 aj\u00e1nd\u00e9k az akt\u00edv fiatalok sz\u00e1m\u00e1ra, t\u00e1pl\u00e1lva a fitnesz ir\u00e1nti szenved\u00e9ly\u00fcket, \u00e9s \u00f6szt\u00f6n\u00f6zve \u0151ket az akt\u00edv \u00e9letm\u00f3dra. DTG nyomtat\u00e1ssal \u00e9s kiv\u00e1l\u00f3 min\u0151s\u00e9g\u0171 vektorgrafik\u00e1val fut\u00f3 fi\u00fa p\u00f3l\u00f3nk \u00e9l\u00e9nk sz\u00edneket \u00e9s finom r\u00e9szleteket k\u00edn\u00e1l, \u00e9letre keltve gyermeked fut\u00f3 kalandjait az anyagon. Uniszex p\u00f3l\u00f3ink \u200b\u200bfiatalok, gyerekek \u00e9s kisgyermekek sz\u00e1m\u00e1ra egyar\u00e1nt kaphat\u00f3k, \u00e9s k\u00fcl\u00f6nb\u00f6z\u0151 kor\u00fa fiatal sportol\u00f3k sz\u00e1m\u00e1ra k\u00e9sz\u00fcltek. Ak\u00e1r kocognak, versenyeznek, vagy egyszer\u0171en csak szeretik a szabadt\u00e9ri fut\u00e1s izgalm\u00e1t, egyedi fut\u00f3 fi\u00fa p\u00f3l\u00f3nk nagyszer\u0171 m\u00f3dja annak, hogy n\u00f6veld \u00f6nbizalmukat \u00e9s meg\u00fcnnepeld akt\u00edv tev\u00e9kenys\u00e9geiket. \u00d6r\u00f6mmel l\u00e1tod, hogy fiatal fut\u00f3d b\u00fcszk\u00e9n ragyog, mik\u00f6zben egy szem\u00e9lyre szabott p\u00f3l\u00f3t visel, amely t\u00fckr\u00f6zi lelkesed\u00e9s\u00e9t az akt\u00edv \u00e9letm\u00f3d \u00e9s a szabadban val\u00f3 tart\u00f3zkod\u00e1s ir\u00e1nt.<\/p>","protected":false},"excerpt":{"rendered":"<p>T\u00e1pl\u00e1lja fiatal bajnoka szenved\u00e9ly\u00e9t egy fut\u00f3fi\u00fa inggel. A szem\u00e9lyre szabott fut\u00f3p\u00f3l\u00f3k minden f\u00e9nyk\u00e9pet sportos, egyedi p\u00f3l\u00f3v\u00e1 var\u00e1zsolnak.<\/p>","protected":false},"featured_media":143074,"comment_status":"open","ping_status":"closed","template":"","meta":{"_acf_changed":false},"product_brand":[],"product_cat":[6189,3004,6412,6428],"product_tag":[6433,6439,3005,546,65,298,105,1827,73],"class_list":{"0":"post-21312","1":"product","2":"type-product","3":"status-publish","4":"has-post-thumbnail","6":"product_cat-boys-t-shirts","7":"product_cat-custom-gifts-running-and-jogging","8":"product_cat-photo-to-tees","9":"product_cat-translate-products","10":"product_tag-ai-artwork","11":"product_tag-ai-kids-artwork","12":"product_tag-custom-arts-running-jogging","13":"product_tag-gym","14":"product_tag-kid","15":"product_tag-outdoor_shirt","16":"product_tag-summer_shirt","17":"product_tag-workout_shirt","18":"product_tag-youth-boy","20":"first","21":"instock","22":"taxable","23":"shipping-taxable","24":"purchasable","25":"product-type-simple"},"acf":[],"wcpa_form_fields":null,"_links":{"self":[{"href":"https:\/\/www.customywear.com\/hu\/wp-json\/wp\/v2\/product\/21312","targetHints":{"allow":["GET"]}}],"collection":[{"href":"https:\/\/www.customywear.com\/hu\/wp-json\/wp\/v2\/product"}],"about":[{"href":"https:\/\/www.customywear.com\/hu\/wp-json\/wp\/v2\/types\/product"}],"replies":[{"embeddable":true,"href":"https:\/\/www.customywear.com\/hu\/wp-json\/wp\/v2\/comments?post=21312"}],"wp:featuredmedia":[{"embeddable":true,"href":"https:\/\/www.customywear.com\/hu\/wp-json\/wp\/v2\/media\/143074"}],"wp:attachment":[{"href":"https:\/\/www.customywear.com\/hu\/wp-json\/wp\/v2\/media?parent=21312"}],"wp:term":[{"taxonomy":"product_brand","embeddable":true,"href":"https:\/\/www.customywear.com\/hu\/wp-json\/wp\/v2\/product_brand?post=21312"},{"taxonomy":"product_cat","embeddable":true,"href":"https:\/\/www.customywear.com\/hu\/wp-json\/wp\/v2\/product_cat?post=21312"},{"taxonomy":"product_tag","embeddable":true,"href":"https:\/\/www.customywear.com\/hu\/wp-json\/wp\/v2\/product_tag?post=21312"}],"curies":[{"name":"wp","href":"https:\/\/api.w.org\/{rel}","templated":true}]}}