{"id":21319,"date":"2023-07-28T13:48:48","date_gmt":"2023-07-28T13:48:48","guid":{"rendered":"https:\/\/www.customywear.com\/?post_type=product&#038;p=21319"},"modified":"2026-05-07T15:29:49","modified_gmt":"2026-05-07T15:29:49","slug":"egyedi-skot-fiu-ing","status":"publish","type":"product","link":"https:\/\/www.customywear.com\/hu\/custom-scottish-boy-shirt\/","title":{"rendered":"\u00d6leld \u00e1t a sk\u00f3t \u00f6r\u00f6ks\u00e9get egyedi sk\u00f3t fi\u00faing\u00fcnkkel"},"content":{"rendered":"<p>Mer\u00edtsd el gyermekedet Sk\u00f3cia var\u00e1zslatos vil\u00e1g\u00e1ba egyedi sk\u00f3t fi\u00fap\u00f3l\u00f3nkkal! DTG nyomtat\u00e1ssal \u00e9s kiv\u00e1l\u00f3 min\u0151s\u00e9g\u0171 vektorgrafik\u00e1val \u00fcgyesen \u00e1talak\u00edtjuk gyermeked fot\u00f3j\u00e1t egy mag\u00e1val ragad\u00f3 illusztr\u00e1ci\u00f3v\u00e1, amely \u00fagy t\u0171nik, mintha egy sk\u00f3t hagyom\u00e1nyos ruh\u00e1t viselne. Ez a kreat\u00edv \u00e9s szem\u00e9lyre szabott ifj\u00fas\u00e1gi r\u00f6vid ujj\u00fa \u00e9s hossz\u00fa ujj\u00fa p\u00f3l\u00f3 a t\u00f6k\u00e9letes aj\u00e1nd\u00e9k a fiatal utaz\u00e1si rajong\u00f3k sz\u00e1m\u00e1ra, akik m\u00e9lyen \u00e9rt\u00e9kelik a k\u00fcl\u00f6nb\u00f6z\u0151 kult\u00far\u00e1kat, \u00e9s elb\u0171v\u00f6lik \u0151ket Sk\u00f3cia var\u00e1zsa. \u00dcnnepeld gyermeked sk\u00f3t \u00f6r\u00f6ks\u00e9g ir\u00e1nti szeretet\u00e9t, vagy az eur\u00f3pai orsz\u00e1g gazdag hagyom\u00e1nyai \u00e9s szok\u00e1sai ir\u00e1nti leny\u0171g\u00f6z\u00e9s\u00e9t. Uniszex p\u00f3l\u00f3nk fi\u00fak \u00e9s l\u00e1nyok sz\u00e1m\u00e1ra egyar\u00e1nt kaphat\u00f3, \u00edgy biztos\u00edtva, hogy kicsi b\u00fcszk\u00e9n mutassa meg egyedi st\u00edlus\u00e1t \u00e9s \u00e9rdekl\u0151d\u00e9si k\u00f6r\u00e9t. Ak\u00e1r sk\u00f3t gy\u00f6kerekkel rendelkezik, ak\u00e1r egyszer\u0171en im\u00e1dja Sk\u00f3cia kultur\u00e1lis gazdags\u00e1g\u00e1t, sk\u00f3t fi\u00fap\u00f3l\u00f3nk becses kieg\u00e9sz\u00edt\u0151je lesz ruhat\u00e1r\u00e1nak, \u00e9s k\u00e9zzelfoghat\u00f3an kifejezi egy\u00e9nis\u00e9g\u00e9t. \u00d6leld \u00e1t Sk\u00f3cia var\u00e1zs\u00e1t ezzel a kiv\u00e9teles, egyedi p\u00f3l\u00f3val, \u00e9s engedd szabadj\u00e1ra gyermeked fant\u00e1zi\u00e1j\u00e1t!<\/p>","protected":false},"excerpt":{"rendered":"<p>\u00dcnnepelje az \u00f6r\u00f6ks\u00e9get egy egyedi sk\u00f3t fi\u00fa inggel. A szem\u00e9lyre szabott p\u00f3l\u00f3k minden f\u00e9nyk\u00e9pet egyedi, hagyom\u00e1ny ihlet\u00e9s\u0171 p\u00f3l\u00f3v\u00e1 var\u00e1zsolnak.<\/p>","protected":false},"featured_media":143102,"comment_status":"open","ping_status":"closed","template":"","meta":{"_acf_changed":false},"product_brand":[],"product_cat":[6189,3018,6412,6428],"product_tag":[6433,6439,64,65,67,3021,73],"class_list":{"0":"post-21319","1":"product","2":"type-product","3":"status-publish","4":"has-post-thumbnail","6":"product_cat-boys-t-shirts","7":"product_cat-custom-gifts-scottish-culture","8":"product_cat-photo-to-tees","9":"product_cat-translate-products","10":"product_tag-ai-artwork","11":"product_tag-ai-kids-artwork","12":"product_tag-country_shirts","13":"product_tag-kid","14":"product_tag-kids_birthday_shirt","15":"product_tag-scottish-art","16":"product_tag-youth-boy","18":"first","19":"instock","20":"taxable","21":"shipping-taxable","22":"purchasable","23":"product-type-simple"},"acf":[],"wcpa_form_fields":null,"_links":{"self":[{"href":"https:\/\/www.customywear.com\/hu\/wp-json\/wp\/v2\/product\/21319","targetHints":{"allow":["GET"]}}],"collection":[{"href":"https:\/\/www.customywear.com\/hu\/wp-json\/wp\/v2\/product"}],"about":[{"href":"https:\/\/www.customywear.com\/hu\/wp-json\/wp\/v2\/types\/product"}],"replies":[{"embeddable":true,"href":"https:\/\/www.customywear.com\/hu\/wp-json\/wp\/v2\/comments?post=21319"}],"wp:featuredmedia":[{"embeddable":true,"href":"https:\/\/www.customywear.com\/hu\/wp-json\/wp\/v2\/media\/143102"}],"wp:attachment":[{"href":"https:\/\/www.customywear.com\/hu\/wp-json\/wp\/v2\/media?parent=21319"}],"wp:term":[{"taxonomy":"product_brand","embeddable":true,"href":"https:\/\/www.customywear.com\/hu\/wp-json\/wp\/v2\/product_brand?post=21319"},{"taxonomy":"product_cat","embeddable":true,"href":"https:\/\/www.customywear.com\/hu\/wp-json\/wp\/v2\/product_cat?post=21319"},{"taxonomy":"product_tag","embeddable":true,"href":"https:\/\/www.customywear.com\/hu\/wp-json\/wp\/v2\/product_tag?post=21319"}],"curies":[{"name":"wp","href":"https:\/\/api.w.org\/{rel}","templated":true}]}}