{"id":21320,"date":"2023-07-28T13:48:49","date_gmt":"2023-07-28T13:48:49","guid":{"rendered":"https:\/\/www.customywear.com\/?post_type=product&#038;p=21320"},"modified":"2026-05-07T15:29:49","modified_gmt":"2026-05-07T15:29:49","slug":"egyedi-skot-lany-ing","status":"publish","type":"product","link":"https:\/\/www.customywear.com\/hu\/custom-scottish-girl-shirt\/","title":{"rendered":"Engedd szabadj\u00e1ra a sk\u00f3t b\u00e1jt egyedi sk\u00f3t l\u00e1nyos ing\u00fcnkkel"},"content":{"rendered":"<p>Gy\u00fajtsd l\u00e1ngra gyermeked utaz\u00e1si v\u00e1gy\u00e1t, \u00e9s \u00fcnnepeld Sk\u00f3cia mag\u00e1val ragad\u00f3 var\u00e1zs\u00e1t egyedi sk\u00f3t l\u00e1nyp\u00f3l\u00f3nkkal! DTG nyomtat\u00e1sunk \u00e9s kiv\u00e1l\u00f3 min\u0151s\u00e9g\u0171 vektorgrafik\u00e1nk \u00fcgyesen \u00e1talak\u00edtja gyermeked fot\u00f3j\u00e1t egy gy\u00f6ny\u00f6r\u0171 illusztr\u00e1ci\u00f3v\u00e1, ahol egy sk\u00f3t hagyom\u00e1nyos ruh\u00e1t visel. Ez a kreat\u00edvan tervezett ifj\u00fas\u00e1gi r\u00f6vid \u00e9s hossz\u00fa ujj\u00fa p\u00f3l\u00f3 t\u00f6k\u00e9letes szem\u00e9lyre szabott aj\u00e1nd\u00e9k a fiatal utaz\u00e1si rajong\u00f3knak, akiket leny\u0171g\u00f6znek az eur\u00f3pai orsz\u00e1gok \u00e9s gazdag kultur\u00e1lis \u00f6r\u00f6ks\u00e9g\u00fck. \u00d6leld \u00e1t az egyedi ruh\u00e1zat sz\u00e9ps\u00e9g\u00e9t, mik\u00f6zben \u00e9letre keltj\u00fck gyermeked sk\u00f3ciai \u00e1lmait. Ez az uniszex p\u00f3l\u00f3 fi\u00fak \u00e9s l\u00e1nyok sz\u00e1m\u00e1ra egyar\u00e1nt kaphat\u00f3, \u00edgy sokoldal\u00fa kieg\u00e9sz\u00edt\u0151je lehet minden fiatal kalandor ruhat\u00e1r\u00e1nak. Ak\u00e1r sk\u00f3t gy\u00f6kerekkel rendelkeznek, ak\u00e1r egyszer\u0171en im\u00e1dj\u00e1k ennek az inspir\u00e1l\u00f3 eur\u00f3pai orsz\u00e1gnak a var\u00e1zs\u00e1t, sk\u00f3t l\u00e1nyp\u00f3l\u00f3nk egy becses \u00e9s egyedi darab lesz, amely lehet\u0151v\u00e9 teszi gyermeked egy\u00e9nis\u00e9g\u00e9nek ragyog\u00e1s\u00e1t. Rep\u00edtsd el a kicsiket Sk\u00f3cia mag\u00e1val ragad\u00f3 vil\u00e1g\u00e1ba ezzel a kiv\u00e9teles, egyedi p\u00f3l\u00f3val!<\/p>","protected":false},"excerpt":{"rendered":"<p>Mutasd meg a b\u00e1jt egy egyedi sk\u00f3t l\u00e1ny inggel. A szem\u00e9lyre szabott p\u00f3l\u00f3k minden fot\u00f3t j\u00e1t\u00e9kos, egyedi sk\u00f3t t\u00e9m\u00e1j\u00fa p\u00f3l\u00f3v\u00e1 alak\u00edtanak \u00e1t.<\/p>","protected":false},"featured_media":143109,"comment_status":"open","ping_status":"closed","template":"","meta":{"_acf_changed":false},"product_brand":[],"product_cat":[6193,3018,6412,6428],"product_tag":[6433,6439,64,65,67,3021,156],"class_list":{"0":"post-21320","1":"product","2":"type-product","3":"status-publish","4":"has-post-thumbnail","6":"product_cat-girls-t-shirts","7":"product_cat-custom-gifts-scottish-culture","8":"product_cat-photo-to-tees","9":"product_cat-translate-products","10":"product_tag-ai-artwork","11":"product_tag-ai-kids-artwork","12":"product_tag-country_shirts","13":"product_tag-kid","14":"product_tag-kids_birthday_shirt","15":"product_tag-scottish-art","16":"product_tag-youth-girl","18":"first","19":"instock","20":"taxable","21":"shipping-taxable","22":"purchasable","23":"product-type-simple"},"acf":[],"wcpa_form_fields":null,"_links":{"self":[{"href":"https:\/\/www.customywear.com\/hu\/wp-json\/wp\/v2\/product\/21320","targetHints":{"allow":["GET"]}}],"collection":[{"href":"https:\/\/www.customywear.com\/hu\/wp-json\/wp\/v2\/product"}],"about":[{"href":"https:\/\/www.customywear.com\/hu\/wp-json\/wp\/v2\/types\/product"}],"replies":[{"embeddable":true,"href":"https:\/\/www.customywear.com\/hu\/wp-json\/wp\/v2\/comments?post=21320"}],"wp:featuredmedia":[{"embeddable":true,"href":"https:\/\/www.customywear.com\/hu\/wp-json\/wp\/v2\/media\/143109"}],"wp:attachment":[{"href":"https:\/\/www.customywear.com\/hu\/wp-json\/wp\/v2\/media?parent=21320"}],"wp:term":[{"taxonomy":"product_brand","embeddable":true,"href":"https:\/\/www.customywear.com\/hu\/wp-json\/wp\/v2\/product_brand?post=21320"},{"taxonomy":"product_cat","embeddable":true,"href":"https:\/\/www.customywear.com\/hu\/wp-json\/wp\/v2\/product_cat?post=21320"},{"taxonomy":"product_tag","embeddable":true,"href":"https:\/\/www.customywear.com\/hu\/wp-json\/wp\/v2\/product_tag?post=21320"}],"curies":[{"name":"wp","href":"https:\/\/api.w.org\/{rel}","templated":true}]}}