{"id":21361,"date":"2023-07-28T13:49:31","date_gmt":"2023-07-28T13:49:31","guid":{"rendered":"https:\/\/www.customywear.com\/?post_type=product&#038;p=21361"},"modified":"2026-05-07T15:29:48","modified_gmt":"2026-05-07T15:29:48","slug":"egyedi-szorfos-lany-ifjusagi-polo-2","status":"publish","type":"product","link":"https:\/\/www.customywear.com\/hu\/custom-surfing-girl-youth-tee\/","title":{"rendered":"Egy\u00e9ni Sz\u00f6rf\u00f6z\u00e9s L\u00e1ny Ifj\u00fas\u00e1gi Tee"},"content":{"rendered":"<p>Engedd szabadj\u00e1ra fiatal sz\u00f6rf\u00f6s\u00f6d kalandv\u00e1gy\u00f3 szellem\u00e9t Egyedi Sz\u00f6rf\u00f6s L\u00e1ny Ifj\u00fas\u00e1gi P\u00f3l\u00f3nkkal! Gondosan k\u00e9sz\u00edtett, r\u00f6vid \u00e9s hossz\u00fa ujj\u00fa ifj\u00fas\u00e1gi p\u00f3l\u00f3ink \u200b\u200bels\u0151 oszt\u00e1ly\u00fa DTG nyomtat\u00e1ssal \u00e9s kiv\u00e1l\u00f3 min\u0151s\u00e9g\u0171 vektorgrafik\u00e1val rendelkeznek. Gyermeked fot\u00f3j\u00e1b\u00f3l egy mag\u00e1val ragad\u00f3 portr\u00e9t k\u00e9sz\u00edt\u00fcnk, amely f\u00e9lelem n\u00e9lk\u00fcl \u00e1br\u00e1zolja \u0151ket, amint egy nagy hull\u00e1mon lovagolnak az \u00f3ce\u00e1nban. Ez a szem\u00e9lyre szabott p\u00f3l\u00f3 t\u00f6k\u00e9letes ny\u00e1ri aj\u00e1nd\u00e9k, inspir\u00e1lva \u00e9s motiv\u00e1lva a fiatalokat, hogy megszeress\u00e9k a sz\u00f6rf\u00f6z\u00e9st \u00e9s a tengert. Egyedi Sz\u00f6rf\u00f6s L\u00e1ny Ifj\u00fas\u00e1gi P\u00f3l\u00f3nk uniszex kialak\u00edt\u00e1s\u00fa, \u00edgy ide\u00e1lis mind a hull\u00e1mok\u00e9rt szenved\u00e9lyesen k\u00fczd\u0151 l\u00e1nyok, mind a fi\u00fak sz\u00e1m\u00e1ra. Ak\u00e1r tapasztalt profi a kis sz\u00f6rf\u00f6s\u00f6d, ak\u00e1r most kezdi, ez az egyedi p\u00f3l\u00f3 egy becses eml\u00e9k lesz, amely meg\u00f6r\u00f6k\u00edti a sz\u00f6rf\u00f6z\u00e9s \u00f6r\u00f6m\u00e9t \u00e9s a ny\u00e1ri kalandok izgalm\u00e1t. Lepd meg fiatal v\u00edzim\u00e1d\u00f3dat ezzel az egyedi \u00e9s felejthetetlen p\u00f3l\u00f3val, amely \u00fcnnepli az \u00f3ce\u00e1n ir\u00e1nti szeretet\u00e9t \u00e9s a t\u00f6k\u00e9letes hull\u00e1m elkap\u00e1s\u00e1nak izgalmas \u00e9lm\u00e9ny\u00e9t.<\/p>","protected":false},"excerpt":{"rendered":"<p>N\u00e9zze meg a sz\u00f6rf\u00f6z\u00e9st egy egyedi sz\u00f6rf\u00f6s l\u00e1ny ifj\u00fas\u00e1gi p\u00f3l\u00f3val. A szem\u00e9lyre szabott p\u00f3l\u00f3k minden f\u00e9nyk\u00e9pet j\u00e1t\u00e9kos, egyedi p\u00f3l\u00f3v\u00e1 alak\u00edtanak \u00e1t.<\/p>","protected":false},"featured_media":143165,"comment_status":"open","ping_status":"closed","template":"","meta":{"_acf_changed":false},"product_brand":[],"product_cat":[6193,1189,6412,6428],"product_tag":[6433,6439,67,326,105,355,1191],"class_list":{"0":"post-21361","1":"product","2":"type-product","3":"status-publish","4":"has-post-thumbnail","6":"product_cat-girls-t-shirts","7":"product_cat-custom-gifts-surfing","8":"product_cat-photo-to-tees","9":"product_cat-translate-products","10":"product_tag-ai-artwork","11":"product_tag-ai-kids-artwork","12":"product_tag-kids_birthday_shirt","13":"product_tag-sports","14":"product_tag-summer_shirt","15":"product_tag-surf_shirt","16":"product_tag-surfing_shirt","18":"first","19":"instock","20":"taxable","21":"shipping-taxable","22":"purchasable","23":"product-type-simple"},"acf":[],"wcpa_form_fields":null,"_links":{"self":[{"href":"https:\/\/www.customywear.com\/hu\/wp-json\/wp\/v2\/product\/21361","targetHints":{"allow":["GET"]}}],"collection":[{"href":"https:\/\/www.customywear.com\/hu\/wp-json\/wp\/v2\/product"}],"about":[{"href":"https:\/\/www.customywear.com\/hu\/wp-json\/wp\/v2\/types\/product"}],"replies":[{"embeddable":true,"href":"https:\/\/www.customywear.com\/hu\/wp-json\/wp\/v2\/comments?post=21361"}],"wp:featuredmedia":[{"embeddable":true,"href":"https:\/\/www.customywear.com\/hu\/wp-json\/wp\/v2\/media\/143165"}],"wp:attachment":[{"href":"https:\/\/www.customywear.com\/hu\/wp-json\/wp\/v2\/media?parent=21361"}],"wp:term":[{"taxonomy":"product_brand","embeddable":true,"href":"https:\/\/www.customywear.com\/hu\/wp-json\/wp\/v2\/product_brand?post=21361"},{"taxonomy":"product_cat","embeddable":true,"href":"https:\/\/www.customywear.com\/hu\/wp-json\/wp\/v2\/product_cat?post=21361"},{"taxonomy":"product_tag","embeddable":true,"href":"https:\/\/www.customywear.com\/hu\/wp-json\/wp\/v2\/product_tag?post=21361"}],"curies":[{"name":"wp","href":"https:\/\/api.w.org\/{rel}","templated":true}]}}