{"id":21414,"date":"2023-07-28T13:49:59","date_gmt":"2023-07-28T13:49:59","guid":{"rendered":"https:\/\/www.customywear.com\/?post_type=product&#038;p=21414"},"modified":"2026-05-05T20:23:29","modified_gmt":"2026-05-05T20:23:29","slug":"szemelyre-szabott-noi-grill-ing","status":"publish","type":"product","link":"https:\/\/www.customywear.com\/hu\/personalized-womens-bbq-shirt\/","title":{"rendered":"Personalized Women&#8217;s BBQ Shirt &#8211; Custom BBQ Lover Tees for mom, wife, girlfriend"},"content":{"rendered":"<p>Gy\u00fajtsd be a grillt, \u00e9s \u00e9lvezd az \u00edzeket szem\u00e9lyre szabott n\u0151i BBQ p\u00f3l\u00f3nkkal, amely minden koroszt\u00e1ly\u00fa BBQ rajong\u00f3 sz\u00e1m\u00e1ra k\u00e9sz\u00fclt, bele\u00e9rtve a feln\u0151tteket, fiatalokat, gyerekeket \u00e9s kisgyermekeket is! A fot\u00f3d alapj\u00e1n szak\u00e9rt\u0151k \u00e1ltal k\u00e9sz\u00edtett mag\u00e1val ragad\u00f3 vektoros portr\u00e9t k\u00e9sz\u00edt\u00fcnk, amelyen \u00fagy t\u0171nik, mintha te lenn\u00e9l a t\u00f6k\u00e9letes grillmester, aki elmer\u00fcl egy BBQ-\u00e9lm\u00e9nyben. Ez az egyedi unisex feln\u0151tt r\u00f6vid \u00e9s hossz\u00fa ujj\u00fa p\u00f3l\u00f3 pr\u00e9mium rajzunkat mutatja be, \u00edgy t\u00f6k\u00e9letes aj\u00e1nd\u00e9k mindenkinek, aki szereti a BBQ m\u0171v\u00e9szet\u00e9t. DTG nyomtat\u00e1si technol\u00f3gi\u00e1val prec\u00edzen k\u00e9sz\u00edtett p\u00f3l\u00f3nk kiv\u00e1l\u00f3 min\u0151s\u00e9get \u00e9s \u00e9l\u00e9nk sz\u00edneket biztos\u00edt, \u00edgy mindenki sz\u00e1m\u00e1ra k\u00e9nyelmes viseletet biztos\u00edt. Ezenk\u00edv\u00fcl ezek a p\u00f3l\u00f3k tov\u00e1bbi szem\u00e9lyre szabhat\u00f3k b\u00e1rmilyen emberi vagy h\u00e1zi\u00e1llat arccal, \u00edgy val\u00f3ban egyedi BBQ-rajong\u00f3 eml\u00e9kt\u00e1rgyat alkotnak. \u00d6leld magaddal a BBQ \u00edzeit, \u00e9s tedd eml\u00e9kezetess\u00e9 minden grillez\u00e9st egyedi n\u0151i BBQ p\u00f3l\u00f3ddal! Gy\u00fajtsd fel a BBQ ir\u00e1nti szenved\u00e9lyedet szem\u00e9lyre szabott n\u0151i BBQ p\u00f3l\u00f3nkkal, amely egy egyedi p\u00f3l\u00f3, amelyet minden koroszt\u00e1ly\u00fa BBQ rajong\u00f3 sz\u00e1m\u00e1ra terveztek, bele\u00e9rtve a feln\u0151tteket, fiatalokat, gyerekeket \u00e9s kisgyermekeket is! A fot\u00f3d felhaszn\u00e1l\u00e1s\u00e1val szak\u00e9rt\u0151k \u00e1ltal elk\u00e9sz\u00edt\u00fcnk egy mag\u00e1val ragad\u00f3 vektoros portr\u00e9t, amelyen \u00fagy mutatsz be, mintha a t\u00f6k\u00e9letes grillmester lenn\u00e9l, aki elmer\u00fclsz egy BBQ-\u00e9lm\u00e9nyben. Ez az egyedi unisex feln\u0151tt r\u00f6vid \u00e9s hossz\u00fa ujj\u00fa p\u00f3l\u00f3 pr\u00e9mium rajzunkat mutatja be, \u00edgy t\u00f6k\u00e9letes aj\u00e1nd\u00e9k b\u00e1rki sz\u00e1m\u00e1ra, aki szereti a BBQ m\u0171v\u00e9szet\u00e9t. DTG nyomtat\u00e1si technol\u00f3gi\u00e1val prec\u00edzen k\u00e9sz\u00edtett p\u00f3l\u00f3nk kiv\u00e1l\u00f3 min\u0151s\u00e9get \u00e9s \u00e9l\u00e9nk sz\u00edneket biztos\u00edt, \u00edgy mindenki sz\u00e1m\u00e1ra k\u00e9nyelmes viseletet biztos\u00edt. Ezenk\u00edv\u00fcl ezek a p\u00f3l\u00f3k tov\u00e1bbi szem\u00e9lyre szabhat\u00f3k b\u00e1rmilyen emberi vagy h\u00e1zi\u00e1llat arccal, \u00edgy val\u00f3ban egyedi eml\u00e9kt\u00e1rgyat alkotva a BBQ szerelmeseinek. \u00d6leld magaddal a BBQ \u00edzeit, \u00e9s tedd eml\u00e9kezetess\u00e9 minden grillez\u00e9st egyedi n\u0151i BBQ p\u00f3l\u00f3ddal!<\/p>","protected":false},"excerpt":{"rendered":"<p>Grill in style with a Personalized Women&#8217;s BBQ Shirt. Custom BBQ Lover Tees turn any photo into a playful, unique t-shirt.<\/p>","protected":false},"featured_media":142552,"comment_status":"open","ping_status":"closed","template":"","meta":{"_acf_changed":false},"product_brand":[],"product_cat":[6191,291,6412,307,6428,6356],"product_tag":[6433,293,561,298,112],"class_list":{"0":"post-21414","1":"product","2":"type-product","3":"status-publish","4":"has-post-thumbnail","6":"product_cat-t-shirts-women","7":"product_cat-custom-gifts-bbq","8":"product_cat-photo-to-tees","9":"product_cat-summer","10":"product_cat-translate-products","11":"product_cat-womens-summer-t-shirts","12":"product_tag-ai-artwork","13":"product_tag-bbq-tees","14":"product_tag-camping_shirt","15":"product_tag-outdoor_shirt","16":"product_tag-women","18":"first","19":"instock","20":"taxable","21":"shipping-taxable","22":"purchasable","23":"product-type-simple"},"acf":[],"wcpa_form_fields":null,"_links":{"self":[{"href":"https:\/\/www.customywear.com\/hu\/wp-json\/wp\/v2\/product\/21414","targetHints":{"allow":["GET"]}}],"collection":[{"href":"https:\/\/www.customywear.com\/hu\/wp-json\/wp\/v2\/product"}],"about":[{"href":"https:\/\/www.customywear.com\/hu\/wp-json\/wp\/v2\/types\/product"}],"replies":[{"embeddable":true,"href":"https:\/\/www.customywear.com\/hu\/wp-json\/wp\/v2\/comments?post=21414"}],"wp:featuredmedia":[{"embeddable":true,"href":"https:\/\/www.customywear.com\/hu\/wp-json\/wp\/v2\/media\/142552"}],"wp:attachment":[{"href":"https:\/\/www.customywear.com\/hu\/wp-json\/wp\/v2\/media?parent=21414"}],"wp:term":[{"taxonomy":"product_brand","embeddable":true,"href":"https:\/\/www.customywear.com\/hu\/wp-json\/wp\/v2\/product_brand?post=21414"},{"taxonomy":"product_cat","embeddable":true,"href":"https:\/\/www.customywear.com\/hu\/wp-json\/wp\/v2\/product_cat?post=21414"},{"taxonomy":"product_tag","embeddable":true,"href":"https:\/\/www.customywear.com\/hu\/wp-json\/wp\/v2\/product_tag?post=21414"}],"curies":[{"name":"wp","href":"https:\/\/api.w.org\/{rel}","templated":true}]}}