{"id":21415,"date":"2023-07-28T13:50:00","date_gmt":"2023-07-28T13:50:00","guid":{"rendered":"https:\/\/www.customywear.com\/?post_type=product&#038;p=21415"},"modified":"2026-05-05T20:23:29","modified_gmt":"2026-05-05T20:23:29","slug":"szemelyre-szabott-noi-strand-joga-polo","status":"publish","type":"product","link":"https:\/\/www.customywear.com\/hu\/personalized-womens-beach-yoga-shirt\/","title":{"rendered":"Szem\u00e9lyre szabott n\u0151i strand j\u00f3ga p\u00f3l\u00f3 | Egyedi j\u00f3ga p\u00f3l\u00f3"},"content":{"rendered":"<p>Mer\u00fclj el a tengerparti j\u00f3ga nyugalm\u00e1ban szem\u00e9lyre szabott n\u0151i strandj\u00f3ga p\u00f3l\u00f3nkkal, amely minden koroszt\u00e1ly\u00fa n\u0151 sz\u00e1m\u00e1ra k\u00e9sz\u00fclt, bele\u00e9rtve a feln\u0151tteket, fiatalokat, gyerekeket \u00e9s kisgyermekeket is! A fot\u00f3d alapj\u00e1n \u00fcgyesen elk\u00e9sz\u00edt\u00fcnk egy elb\u0171v\u00f6l\u0151 illusztr\u00e1ci\u00f3t, amelyen \u00fagy t\u0171nsz, mintha egy gy\u00f6ny\u00f6r\u0171 tengerparton j\u00f3g\u00e1zn\u00e1l. Ez az egyedi p\u00f3l\u00f3 a j\u00f3ga \u00e9s a term\u00e9szet ir\u00e1nti szenved\u00e9lyedet \u00fcnnepli, pozitivit\u00e1st sug\u00e1roz, \u00e9s a legjobb szem\u00e9lyre szabott p\u00f3l\u00f3dd\u00e1 v\u00e1lik. DTG nyomtat\u00e1si technol\u00f3gi\u00e1val prec\u00edzen k\u00e9sz\u00edtett uniszex p\u00f3l\u00f3nk kiv\u00e9teles min\u0151s\u00e9get \u00e9s \u00e9l\u00e9nk sz\u00edneket k\u00edn\u00e1l, \u00edgy mindenki sz\u00e1m\u00e1ra k\u00e9nyelmes viseletet biztos\u00edt. R\u00e1ad\u00e1sul ezek a p\u00f3l\u00f3k tov\u00e1bbi szem\u00e9lyre szabhat\u00f3k b\u00e1rmilyen emberi vagy h\u00e1zi\u00e1llat arccal, \u00edgy minden minta egyedi \u00e9s becses eml\u00e9kk\u00e9 v\u00e1lik. Mer\u00fclj el a j\u00f3ga \u00e9s a term\u00e9szet harmonikus kapcsolat\u00e1ban \u2013 rendeld meg most egyedi n\u0151i strandj\u00f3ga p\u00f3l\u00f3dat, \u00e9s hagyd, hogy a bels\u0151 b\u00e9k\u00e9d szem\u00e9lyre szabott \u00e9rint\u00e9ssel ragyogjon!<\/p>\n<p>Laz\u00edts a b\u00e9k\u00e9s j\u00f3gagyakorl\u00e1ssal a tengerparton szem\u00e9lyre szabott n\u0151i strandj\u00f3ga p\u00f3l\u00f3nkkal! Ez egy egyedi j\u00f3ga p\u00f3l\u00f3, amelyet minden koroszt\u00e1ly\u00fa n\u0151 sz\u00e1m\u00e1ra tervezt\u00fcnk, bele\u00e9rtve a feln\u0151tteket, fiatalokat, gyerekeket \u00e9s kisgyermekeket is! A fot\u00f3d alapj\u00e1n \u00fcgyesen elk\u00e9sz\u00edt\u00fcnk egy elb\u0171v\u00f6l\u0151 illusztr\u00e1ci\u00f3t, amelyen \u00fagy t\u0171nik, mintha egy gy\u00f6ny\u00f6r\u0171 tengerparton j\u00f3g\u00e1zn\u00e1l. Ez az egyedi p\u00f3l\u00f3 a j\u00f3ga \u00e9s a term\u00e9szet ir\u00e1nti szenved\u00e9lyedet \u00fcnnepli, pozitivit\u00e1st sug\u00e1roz, \u00e9s a legjobb szem\u00e9lyre szabott p\u00f3l\u00f3dd\u00e1 v\u00e1lik. DTG nyomtat\u00e1si technol\u00f3gi\u00e1val prec\u00edzen k\u00e9sz\u00edtett uniszex p\u00f3l\u00f3nk kiv\u00e9teles min\u0151s\u00e9get \u00e9s \u00e9l\u00e9nk sz\u00edneket k\u00edn\u00e1l, \u00edgy mindenki sz\u00e1m\u00e1ra k\u00e9nyelmes viseletet biztos\u00edt. R\u00e1ad\u00e1sul ezek a p\u00f3l\u00f3k tov\u00e1bbi szem\u00e9lyre szabhat\u00f3k b\u00e1rmilyen emberi vagy h\u00e1zi\u00e1llat arccal, \u00edgy minden minta egyedi \u00e9s becses eml\u00e9kk\u00e9 v\u00e1lik. \u00d6leld \u00e1t a j\u00f3ga \u00e9s a term\u00e9szet harmonikus kapcsolat\u00e1t \u2013 rendeld meg most egyedi n\u0151i strandj\u00f3ga p\u00f3l\u00f3dat, \u00e9s hagyd, hogy a bels\u0151 b\u00e9k\u00e9d szem\u00e9lyre szabott \u00e9rint\u00e9ssel ragyogjon!<\/p>","protected":false},"excerpt":{"rendered":"<p>Stretch in style with a Personalized Women&#8217;s Beach Yoga Shirt. Custom tees turn photos into serene, yoga-inspired designs.<\/p>","protected":false},"featured_media":143219,"comment_status":"open","ping_status":"closed","template":"","meta":{"_acf_changed":false},"product_brand":[],"product_cat":[6191,6412,6428,6362,6248],"product_tag":[6433,6217,576,326,112,594],"class_list":{"0":"post-21415","1":"product","2":"type-product","3":"status-publish","4":"has-post-thumbnail","6":"product_cat-t-shirts-women","7":"product_cat-photo-to-tees","8":"product_cat-translate-products","9":"product_cat-womens-yoga-t-shirts","10":"product_cat-yoga-gifts","11":"product_tag-ai-artwork","12":"product_tag-custom-t-shirt","13":"product_tag-cute-yoga-shirts","14":"product_tag-sports","15":"product_tag-women","16":"product_tag-yoga_tee_shirt","18":"first","19":"instock","20":"taxable","21":"shipping-taxable","22":"purchasable","23":"product-type-simple"},"acf":[],"wcpa_form_fields":null,"_links":{"self":[{"href":"https:\/\/www.customywear.com\/hu\/wp-json\/wp\/v2\/product\/21415","targetHints":{"allow":["GET"]}}],"collection":[{"href":"https:\/\/www.customywear.com\/hu\/wp-json\/wp\/v2\/product"}],"about":[{"href":"https:\/\/www.customywear.com\/hu\/wp-json\/wp\/v2\/types\/product"}],"replies":[{"embeddable":true,"href":"https:\/\/www.customywear.com\/hu\/wp-json\/wp\/v2\/comments?post=21415"}],"wp:featuredmedia":[{"embeddable":true,"href":"https:\/\/www.customywear.com\/hu\/wp-json\/wp\/v2\/media\/143219"}],"wp:attachment":[{"href":"https:\/\/www.customywear.com\/hu\/wp-json\/wp\/v2\/media?parent=21415"}],"wp:term":[{"taxonomy":"product_brand","embeddable":true,"href":"https:\/\/www.customywear.com\/hu\/wp-json\/wp\/v2\/product_brand?post=21415"},{"taxonomy":"product_cat","embeddable":true,"href":"https:\/\/www.customywear.com\/hu\/wp-json\/wp\/v2\/product_cat?post=21415"},{"taxonomy":"product_tag","embeddable":true,"href":"https:\/\/www.customywear.com\/hu\/wp-json\/wp\/v2\/product_tag?post=21415"}],"curies":[{"name":"wp","href":"https:\/\/api.w.org\/{rel}","templated":true}]}}