{"id":21423,"date":"2023-07-28T13:50:22","date_gmt":"2023-07-28T13:50:22","guid":{"rendered":"https:\/\/www.customywear.com\/?post_type=product&#038;p=21423"},"modified":"2026-05-05T20:24:07","modified_gmt":"2026-05-05T20:24:07","slug":"birkozo-ferfi-birkozas-tisort","status":"publish","type":"product","link":"https:\/\/www.customywear.com\/hu\/wrestler-man-wrestling-shirt\/","title":{"rendered":"Birk\u00f3z\u00f3 f\u00e9rfi birk\u00f3z\u00f3 ing"},"content":{"rendered":"<p>V\u00e1ltsd magad meg\u00e1ll\u00edthatatlan birk\u00f3z\u00f3er\u0151v\u00e9 egyedi birk\u00f3z\u00f3p\u00f3l\u00f3nkkal! Tehets\u00e9ges m\u0171v\u00e9szcsapatunk lef\u00e9nyk\u00e9pezi \u00e9s mesterien megalkotja r\u00f3lad az \u00e9letnagys\u00e1gn\u00e1l is nagyobb birk\u00f3z\u00f3 testalkatot, igazi bajnoknak t\u0171nve. A r\u00e9szletekre val\u00f3 odafigyel\u00e9ssel \u00e9s precizit\u00e1ssal minden egyes mint\u00e1ban megragadjuk az er\u0151 \u00e9s a kitart\u00e1s l\u00e9nyeg\u00e9t.<\/p>\n<p>Kiv\u00e1l\u00f3 min\u0151s\u00e9g\u0171 anyagokb\u00f3l k\u00e9sz\u00fclt p\u00f3l\u00f3ink \u200b\u200bk\u00e9nyelmesek \u00e9s tart\u00f3sak, t\u00f6k\u00e9letesek arra, hogy megmutasd birk\u00f3z\u00f3 altereg\u00f3dat rendezv\u00e9nyeken vagy mindennapi viseletre. \u00d6leld \u00e1t a benned rejl\u0151 harcost, \u00e9s tegy\u00e9l nyilatkozatot egyedi birk\u00f3z\u00f3p\u00f3l\u00f3nkkal, amelynek f\u00e9lelmetes megjelen\u00e9s\u00e9vel mindenkit leny\u0171g\u00f6z majd.<\/p>","protected":false},"excerpt":{"rendered":"<p>St\u00edlusosan birk\u00f3zik egy birk\u00f3z\u00f3 f\u00e9rfi birk\u00f3z\u00f3 inggel. Az egyedi p\u00f3l\u00f3k a f\u00e9nyk\u00e9peket mer\u00e9sz, sportos diz\u00e1jnn\u00e1 var\u00e1zsolj\u00e1k.<\/p>","protected":false},"featured_media":143261,"comment_status":"open","ping_status":"closed","template":"","meta":{"_acf_changed":false},"product_brand":[],"product_cat":[6195,526,186,6339,6412,6428],"product_tag":[6433,6217,6165,546,6216],"class_list":{"0":"post-21423","1":"product","2":"type-product","3":"status-publish","4":"has-post-thumbnail","6":"product_cat-t-shirts-men","7":"product_cat-gym-shirts","8":"product_cat-men","9":"product_cat-mens-sports-t-shirts","10":"product_cat-photo-to-tees","11":"product_cat-translate-products","12":"product_tag-ai-artwork","13":"product_tag-custom-t-shirt","14":"product_tag-custom-gym-tees","15":"product_tag-gym","16":"product_tag-mens-custom-t-shirts","18":"first","19":"instock","20":"taxable","21":"shipping-taxable","22":"purchasable","23":"product-type-simple"},"acf":[],"wcpa_form_fields":null,"_links":{"self":[{"href":"https:\/\/www.customywear.com\/hu\/wp-json\/wp\/v2\/product\/21423","targetHints":{"allow":["GET"]}}],"collection":[{"href":"https:\/\/www.customywear.com\/hu\/wp-json\/wp\/v2\/product"}],"about":[{"href":"https:\/\/www.customywear.com\/hu\/wp-json\/wp\/v2\/types\/product"}],"replies":[{"embeddable":true,"href":"https:\/\/www.customywear.com\/hu\/wp-json\/wp\/v2\/comments?post=21423"}],"wp:featuredmedia":[{"embeddable":true,"href":"https:\/\/www.customywear.com\/hu\/wp-json\/wp\/v2\/media\/143261"}],"wp:attachment":[{"href":"https:\/\/www.customywear.com\/hu\/wp-json\/wp\/v2\/media?parent=21423"}],"wp:term":[{"taxonomy":"product_brand","embeddable":true,"href":"https:\/\/www.customywear.com\/hu\/wp-json\/wp\/v2\/product_brand?post=21423"},{"taxonomy":"product_cat","embeddable":true,"href":"https:\/\/www.customywear.com\/hu\/wp-json\/wp\/v2\/product_cat?post=21423"},{"taxonomy":"product_tag","embeddable":true,"href":"https:\/\/www.customywear.com\/hu\/wp-json\/wp\/v2\/product_tag?post=21423"}],"curies":[{"name":"wp","href":"https:\/\/api.w.org\/{rel}","templated":true}]}}