{"id":23260,"date":"2023-09-06T14:46:03","date_gmt":"2023-09-06T14:46:03","guid":{"rendered":"https:\/\/www.customywear.com\/?post_type=product&#038;p=23260"},"modified":"2026-05-05T20:00:26","modified_gmt":"2026-05-05T20:00:26","slug":"szemelyre-szabott-zombi-paros-ing","status":"publish","type":"product","link":"https:\/\/www.customywear.com\/hu\/personalized-zombie-couple-shirt\/","title":{"rendered":"Szem\u00e9lyre Szabott Zombi P\u00e1rok Halloween P\u00f3l\u00f3"},"content":{"rendered":"<h2>K\u00e9sz\u00fclj fel egy kis Halloweenre szem\u00e9lyre szabott zombis p\u00e1ros p\u00f3l\u00f3nkkal!<\/h2>\n<p>Elege van a r\u00e9gi halloweeni jelmezekb\u0151l? Szeretn\u00e9l id\u00e9n kit\u0171nni a t\u00f6megb\u0151l \u00e9s megmutatni a szem\u00e9lyis\u00e9gedet? Ne keressen tov\u00e1bb! Szem\u00e9lyre szabott zombis p\u00e1ros p\u00f3l\u00f3nk a t\u00f6k\u00e9letes v\u00e1laszt\u00e1s sz\u00e1modra \u00e9s partnered sz\u00e1m\u00e1ra. A ZombieShirts eset\u00e9ben a fot\u00f3itokat egyedi zombis mint\u00e1kk\u00e1 alak\u00edtjuk az Adobe Illustrator \u00e9s az Adobe Photoshop seg\u00edts\u00e9g\u00e9vel. Tehets\u00e9ges m\u0171v\u00e9szekb\u0151l \u00e1ll\u00f3 csapatunk mindent megtesz az\u00e9rt, hogy \u00fagy n\u00e9zzetek ki, mint a t\u00f6k\u00e9letes \u00e9l\u0151halott p\u00e1r.<\/p>\n<h3>Engedd szabadj\u00e1ra a benned rejl\u0151 zombit<\/h3>\n<p>Kiv\u00e1l\u00f3 min\u0151s\u00e9g\u0171 vektorgrafik\u00e1nk biztos\u00edtja, hogy zombis\u00edtott \u00e9ned minden r\u00e9szlete t\u00f6k\u00e9letesen meg\u00f6r\u00f6k\u00fclj\u00f6n. A bonyolult \u00e1rny\u00e9kol\u00e1s \u00e9s text\u00fara olyan hat\u00e1st kelt, mintha egy horrorfilmb\u0151l l\u00e9pt\u00e9l volna ki. Ak\u00e1r Rob Zombie, a White Zombie vagy az \u00d6rd\u00f6g elutas\u00edt\u00f3i rajong\u00f3ja vagy, vintage ihlet\u00e9s\u0171 diz\u00e1jnunk biztosan leny\u0171g\u00f6z. P\u00f3l\u00f3ink \u200b\u200bnemcsak Halloweenre nagyszer\u0171ek, hanem fantasztikusan illeszked\u0151 p\u00e1ros p\u00f3l\u00f3k b\u00e1rmilyen alkalomra. Mutasd meg a k\u00eds\u00e9rteties dolgok ir\u00e1nti szeretetedet, \u00e9s \u00fcnnepeld a k\u00fcl\u00f6nleges k\u00f6tel\u00e9keteket egyedi diz\u00e1jnunkkal.<\/p>\n<h3>Tart\u00f3s min\u0151s\u00e9g<\/h3>\n<p>B\u00fcszk\u00e9k vagyunk DTG nyomtat\u00e1si elj\u00e1r\u00e1sunkra, amely biztos\u00edtja, hogy az \u00e9l\u00e9nk sz\u00ednek \u00e9s a bonyolult r\u00e9szletek mos\u00e1sr\u00f3l mos\u00e1sra tart\u00f3sak maradjanak. P\u00f3l\u00f3ink \u200b\u200bpr\u00e9mium anyagokb\u00f3l k\u00e9sz\u00fclnek, amelyek puh\u00e1k, k\u00e9nyelmesek \u00e9s id\u0151t\u00e1ll\u00f3ak. Ak\u00e1r feln\u0151tt, fiatal, gyerek vagy kisgyermek vagy, n\u00e1lunk megtal\u00e1lod a t\u00f6k\u00e9letes m\u00e9retet. P\u00f3l\u00f3ink \u200b\u200bunisexek, \u00edgy minden nem sz\u00e1m\u00e1ra alkalmasak. Vond be az eg\u00e9sz csal\u00e1dot a zombis m\u00f3k\u00e1ba!<\/p>\n<h3>Szem\u00e9lyre szab\u00e1si be\u00e1ll\u00edt\u00e1sok<\/h3>\n<p>Szeretn\u00e9d egy extra egyedis\u00e9get adni a p\u00f3l\u00f3dnak? Mi seg\u00edt\u00fcnk! Nemcsak zombi remekm\u0171v\u00e9 alak\u00edthatjuk az arcodat, de szeretett sz\u0151r\u00f6s bar\u00e1taidat is felt\u00fcntethetj\u00fck rajta. \u00cdgy van, ezek a p\u00f3l\u00f3k szem\u00e9lyre szabhat\u00f3k emberi \u00e9s h\u00e1zi\u00e1llat arcokkal is.<\/p>\n<h3>T\u00f6bb diz\u00e1jn k\u00f6z\u00fcl v\u00e1laszthat<\/h3>\n<p>Ha a zombik nem a te vil\u00e1god, ne f\u00e9lj! Sz\u00e9les v\u00e1laszt\u00e9kban k\u00edn\u00e1lunk minden \u00edzl\u00e9st \u00e9s preferenci\u00e1t kiel\u00e9g\u00edt\u0151 mint\u00e1kat. A h\u00e1tborzongat\u00f3 szellemekt\u0151l az aranyos t\u00f6k\u00f6kig mindenki tal\u00e1l mag\u00e1nak val\u00f3t. Tov\u00e1bbi lehet\u0151s\u00e9gek\u00e9rt tekintse meg weboldalunkat.<\/p>\n<h2>Ne hagyd ki ezt a limit\u00e1lt kiad\u00e1s\u00fa halloweeni csemeg\u00e9t! Rendeld meg m\u00e9g ma szem\u00e9lyre szabott zombis p\u00e1ros p\u00f3l\u00f3dat, \u00e9s l\u00e9gy a v\u00e1ros besz\u00e9dt\u00e9m\u00e1ja!<\/h2>","protected":false},"excerpt":{"rendered":"<p>K\u00eds\u00e9rlet st\u00edlusosan egy szem\u00e9lyre szabott Zombie Couples Halloween p\u00f3l\u00f3val. Az egyedi p\u00f3l\u00f3k minden f\u00e9nyk\u00e9pet j\u00e1t\u00e9kos, egyed\u00fcl\u00e1ll\u00f3, k\u00eds\u00e9rteties p\u00f3l\u00f3v\u00e1 var\u00e1zsolnak.<\/p>","protected":false},"featured_media":97479,"comment_status":"open","ping_status":"closed","template":"","meta":{"_acf_changed":false},"product_brand":[],"product_cat":[6197,6373,6228,186,6412,6428],"product_tag":[1322,1325,2233,2239,2243,2245],"class_list":{"0":"post-23260","1":"product","2":"type-product","3":"status-publish","4":"has-post-thumbnail","6":"product_cat-t-shirts-couple","7":"product_cat-couples-christmas-t-shirts","8":"product_cat-custom-gifts-skeleton","9":"product_cat-men","10":"product_cat-photo-to-tees","11":"product_cat-translate-products","12":"product_tag-custom-bride-gift","13":"product_tag-custom-shirt-maker","14":"product_tag-halloween-shirt","15":"product_tag-pumpkin-shirt","16":"product_tag-skeleton-t-shirt","17":"product_tag-spirit-halloween-shirts","18":"wcpa_has_options","20":"first","21":"instock","22":"taxable","23":"shipping-taxable","24":"purchasable","25":"product-type-simple"},"acf":[],"wcpa_form_fields":{"wcpaData":{"product":{"product_price":24.99,"price_html":"<span class=\"wmc-wc-price\" ><span class=\"woocommerce-Price-amount amount\"><bdi><span class=\"woocommerce-Price-currencySymbol\">&euro;<\/span>24,99<\/bdi><\/span><span data-wmc_price_cache=\"{&quot;USD&quot;:&quot;&lt;span class=\\&quot;woocommerce-Price-amount amount\\&quot;&gt;&lt;bdi&gt;&lt;span class=\\&quot;woocommerce-Price-currencySymbol\\&quot;&gt;&amp;#36;&lt;\\\/span&gt;29,24&lt;\\\/bdi&gt;&lt;\\\/span&gt;&quot;,&quot;EUR&quot;:&quot;&lt;span class=\\&quot;woocommerce-Price-amount amount\\&quot;&gt;&lt;bdi&gt;&lt;span class=\\&quot;woocommerce-Price-currencySymbol\\&quot;&gt;&amp;euro;&lt;\\\/span&gt;24,99&lt;\\\/bdi&gt;&lt;\\\/span&gt;&quot;,&quot;CAD&quot;:&quot;&lt;span class=\\&quot;woocommerce-Price-amount amount\\&quot;&gt;&lt;bdi&gt;&lt;span class=\\&quot;woocommerce-Price-currencySymbol\\&quot;&gt;CAD$ &lt;\\\/span&gt;40,23&lt;\\\/bdi&gt;&lt;\\\/span&gt;&quot;,&quot;GBP&quot;:&quot;&lt;span class=\\&quot;woocommerce-Price-amount amount\\&quot;&gt;&lt;bdi&gt;&lt;span class=\\&quot;woocommerce-Price-currencySymbol\\&quot;&gt;&amp;pound;&lt;\\\/span&gt;21,74&lt;\\\/bdi&gt;&lt;\\\/span&gt;&quot;,&quot;PLN&quot;:&quot;&lt;span class=\\&quot;woocommerce-Price-amount amount\\&quot;&gt;&lt;bdi&gt;&lt;span class=\\&quot;woocommerce-Price-currencySymbol\\&quot;&gt;z\\u0142 &lt;\\\/span&gt;106,21&lt;\\\/bdi&gt;&lt;\\\/span&gt;&quot;,&quot;SEK&quot;:&quot;&lt;span class=\\&quot;woocommerce-Price-amount amount\\&quot;&gt;&lt;bdi&gt;&lt;span class=\\&quot;woocommerce-Price-currencySymbol\\&quot;&gt;kr &lt;\\\/span&gt;272,14&lt;\\\/bdi&gt;&lt;\\\/span&gt;&quot;,&quot;AUD&quot;:&quot;&lt;span class=\\&quot;woocommerce-Price-amount amount\\&quot;&gt;&lt;bdi&gt;&lt;span class=\\&quot;woocommerce-Price-currencySymbol\\&quot;&gt;AUD$ &lt;\\\/span&gt;40,73&lt;\\\/bdi&gt;&lt;\\\/span&gt;&quot;,&quot;JPY&quot;:&quot;&lt;span class=\\&quot;woocommerce-Price-amount amount\\&quot;&gt;&lt;bdi&gt;&lt;span class=\\&quot;woocommerce-Price-currencySymbol\\&quot;&gt;&amp;yen;&lt;\\\/span&gt;4.623,90&lt;\\\/bdi&gt;&lt;\\\/span&gt;&quot;,&quot;CZK&quot;:&quot;&lt;span class=\\&quot;woocommerce-Price-amount amount\\&quot;&gt;&lt;bdi&gt;&lt;span class=\\&quot;woocommerce-Price-currencySymbol\\&quot;&gt;K\\u010d &lt;\\\/span&gt;608,51&lt;\\\/bdi&gt;&lt;\\\/span&gt;&quot;,&quot;NZD&quot;:&quot;&lt;span class=\\&quot;woocommerce-Price-amount amount\\&quot;&gt;&lt;bdi&gt;&lt;span class=\\&quot;woocommerce-Price-currencySymbol\\&quot;&gt;NZD$ &lt;\\\/span&gt;49,48&lt;\\\/bdi&gt;&lt;\\\/span&gt;&quot;,&quot;CHF&quot;:&quot;&lt;span class=\\&quot;woocommerce-Price-amount amount\\&quot;&gt;&lt;bdi&gt;&lt;span class=\\&quot;woocommerce-Price-currencySymbol\\&quot;&gt;CHF &lt;\\\/span&gt;22,99&lt;\\\/bdi&gt;&lt;\\\/span&gt;&quot;}\" style=\"display: none;\" class=\"wmc-price-cache-list\"><\/span><\/span>","original_product_price":24.99,"price_including_tax":24.99,"price_excluding_tax":20.825,"product_id":{"parent":23260,"variation":false},"is_variable":false,"stock_status":"instock","stock_quantity":null,"parent_sku":"custom-tees-623","product_attributes":{"pa_color":{"is_variation":false,"values":["black","white","navy","red"]},"pa_style":{"is_variation":false,"values":["couple-t-shirt"]},"pa_customization":{"is_variation":false,"values":["add-your-photo","add-your-text-or-name","add-your-logo"]},"pa_material":{"is_variation":false,"values":["100-cotton"]},"pa_key-details":{"is_variation":false,"values":["unisex","regular-fit","premium-quality","digital-art"]},"pa_brand":{"is_variation":false,"values":["customywear"]},"pa_age-group":{"is_variation":false,"values":["adult"]},"pa_size":{"is_variation":false,"values":["xs","s","m","l","xl","2xl","3xl"]},"pa_print-type":{"is_variation":false,"values":["dtg-print-direct-to-garment"]},"pa_gender":{"is_variation":false,"values":["unisex"]}},"custom_fields":[],"is_taxable":true,"product_name":"Personalized Zombie Couples Halloween T-Shirt"},"fields":{"sec_668d392cdb359a":{"extra":{"key":"sec_668d392cdb359a","section_id":"sec_668d392cdb359a","name":"T-shirt size and color","status":1,"cl_rule":"show","enableCl":false,"relations":[],"toggle":true,"title_tag":"h4","show_title":false,"showPrice":"default","form_id":137337,"form_rules":{"exclude_from_discount":false,"fee_label":"Tarief","disp_hide_options_price":false,"disp_show_section_price":false,"disp_show_field_price":true,"layout_option":"standard","pric_use_as_fee":false,"process_fee_as":"woo_fee"},"layout_option":"standard"},"fields":[[{"active":true,"col":6,"relations":false,"cl_rule":"show","enableCl":false,"price":"","enablePrice":false,"className":"","label_position":"default","desc_position":"default","type":"color-group","required":false,"elementId":"color_group_6231271873","label":"Color","name":"color_group_6231271873","disp_type":"circle","values":[{"label":"Black","value":"Black","selected":false,"color":"#000000","tempId":"aco_909","gt_translate_keys":["label"]},{"label":"White","value":"White","selected":false,"color":"#ffffff","tempId":"aco_910","gt_translate_keys":["label"]},{"label":"Navy","value":"Navy","selected":false,"color":"#213a92","tempId":"aco_911","gt_translate_keys":["label"]},{"label":"Red","value":"Red","selected":false,"color":"#d0021b","tempId":"aco_1102","gt_translate_keys":["label"]}],"layOut":"inline","error":false,"tooltip":"Pick your preferred T-shirt color","selection_type":"tick-border","show_selected_option":true,"adjust_width":true,"show_label_inside":false,"cart_display_type":"text","gt_translate_keys":["label","tooltip"],"price_dependency":false,"cl_dependency":false,"value":""}],[{"active":true,"col":6,"relations":false,"cl_rule":"show","enableCl":false,"price":"","enablePrice":false,"className":"","label_position":"default","desc_position":"default","type":"radio-group","required":false,"elementId":"radio-group_068d392cdb35d9","label":"Size ","name":"radio-group_068d392cdb35d9","values":[{"label":"XS","value":"XS","selected":false,"tempId":"aco_128","gt_translate_keys":["label"]},{"label":"S","value":"S","selected":false,"tempId":"aco_129","gt_translate_keys":["label"]},{"label":"M","value":"M","selected":false,"tempId":"aco_130","gt_translate_keys":["label"]},{"label":"L","value":"L","selected":false,"tempId":"aco_212","gt_translate_keys":["label"]},{"label":"XL","value":"XL","selected":false,"tempId":"aco_222","gt_translate_keys":["label"]},{"label":"2XL","value":"2XL","selected":false,"tempId":"aco_286","gt_translate_keys":["label"]},{"label":"3XL","value":"3XL","selected":false,"tempId":"aco_350","gt_translate_keys":["label"]}],"layOut":"inline","error":false,"checkUi":"button","tooltip":"Choose your T-shirt size \u2013 suitable for both men and women.","show_selected_option":true,"gt_translate_keys":["label","tooltip"],"price_dependency":false,"cl_dependency":false,"value":""}],[{"active":true,"col":6,"relations":[{"operator":false,"rules":[{"operator":"AND","rules":{"cl_field":"select_1672e1bffc57b9","cl_relation":"is_empty","cl_val":true}}]}],"cl_rule":"hide","enableCl":false,"price":"","enablePrice":false,"className":"","label_position":"default","desc_position":"default","type":"file","required":false,"elementId":"file_968d392cdb35ef","name":"file_968d392cdb35ef","label":"Upload your photo(s)","upload_type":"droppable","uploadSize":"50","file_types":["images","docs","design"],"exts_supported":["jpg","jpeg","png","gif","webp","pdf","PSD"],"error":false,"hideImageIn_email":true,"multiple_upload":true,"max_file_count":"25","tooltip":"Upload a couple's photo or separate photos; we will combine both individuals together.","cartLabel":"Photo(s)","allowedFileTypes":".jpg,.jpeg,.png,.gif,.webp,.pdf,.PSD,image\/*,.doc,.docx,.xml,.dot,.docm,.dotm,.dotx,.htm,.html,.odt,.rtf,.txt,.wps,.xps,application\/msword,application\/vnd,.psd,.eps,.ai,.indd,.raw","gt_translate_keys":["label","tooltip"],"price_dependency":false,"cl_dependency":false,"value":""}],[{"active":true,"col":6,"relations":false,"cl_rule":"show","enableCl":false,"price":"","enablePrice":false,"className":"","label_position":"default","desc_position":"default","type":"checkbox","required":false,"elementId":"checkbox_468d392cdb360a","label":"View more options","name":"checkbox_468d392cdb360a","value":"","check_value":"Yes","checkUi":"","error":false,"hideFieldIn_cart":true,"hideFieldIn_order":true,"gt_translate_keys":["label","value","check_value"],"price_dependency":false,"cl_dependency":["text_868d392cdb366a","radio-group_268d392cdb3682","radio-group_368d392cdb3697"]}],[{"active":true,"col":6,"relations":[{"operator":false,"rules":[{"operator":"AND","rules":{"cl_field":"checkbox_468d392cdb360a","cl_relation":"is","cl_val":true}}]}],"cl_rule":"show","enableCl":true,"price":"","enablePrice":false,"className":"","label_position":"default","desc_position":"default","type":"text","subtype":"text","required":false,"elementId":"text_868d392cdb366a","label":"Add text to your T-shirt design (optional)","name":"text_868d392cdb366a","value":"","error":false,"tooltip":"Your text will be added to the top or bottom of the T-shirt design.","placeholder":"eg: Emma & John: Best Couple Ever","cartLabel":"Text","gt_translate_keys":["label","placeholder","value","tooltip"],"price_dependency":false,"cl_dependency":false}],[{"active":true,"col":6,"relations":[{"operator":false,"rules":[{"operator":"AND","rules":{"cl_field":"checkbox_468d392cdb360a","cl_relation":"is","cl_val":true}}]}],"cl_rule":"show","enableCl":true,"price":"","enablePrice":false,"className":"","label_position":"default","desc_position":"default","type":"radio-group","required":true,"elementId":"radio-group_268d392cdb3682","label":"Select t-shirt print location","name":"radio-group_268d392cdb3682","values":[{"label":"Front Side","value":"Front Side","selected":true,"tempId":"aco_5504","gt_translate_keys":["label"]},{"label":"Back Side","value":"Back Side","selected":false,"tempId":"aco_5505","gt_translate_keys":["label"]}],"layOut":"inline","error":false,"checkUi":"","cartLabel":"Print location","gt_translate_keys":["label"],"price_dependency":false,"cl_dependency":false,"value":""}],[{"active":true,"col":6,"relations":[{"operator":false,"rules":[{"operator":"AND","rules":{"cl_field":"checkbox_468d392cdb360a","cl_relation":"is","cl_val":true}}]}],"cl_rule":"show","enableCl":true,"price":"","enablePrice":false,"className":"","label_position":"default","desc_position":"default","type":"radio-group","required":false,"elementId":"radio-group_368d392cdb3697","label":"Would you like to review the design before printing?","name":"radio-group_368d392cdb3697","values":[{"label":"No","value":"No","selected":true,"tempId":"aco_6274","gt_translate_keys":["label"]},{"label":"Yes","value":"Yes","selected":false,"tempId":"aco_6275","price":"","gt_translate_keys":["label"]}],"layOut":"inline","error":false,"checkUi":"","priceOptions":"different_for_all","pricingType":"fixed","use_as_fee":false,"fee_label":"Preview Image","tooltip":"If yes, we\u2019ll email you a preview of the design before printing. This may add 1-2 days to delivery time.*","cartLabel":"Preview Image","hideFieldIn_cart":true,"hideFieldIn_order":false,"gt_translate_keys":["label","tooltip"],"price_dependency":false,"cl_dependency":["content_068d392cdb36ab"],"value":""}],[{"active":true,"col":6,"relations":[{"operator":false,"rules":[{"operator":"AND","rules":{"cl_field":"radio-group_368d392cdb3697","cl_relation":"is","cl_val":"Yes"}}]}],"cl_rule":"show","enableCl":true,"price":"","enablePrice":false,"className":"","label_position":"default","desc_position":"default","type":"content","required":false,"elementId":"content_068d392cdb36ab","label":"","name":"content_068d392cdb36ab","contentType":"plain","value":"Please check your inbox, including Spam or other folders, within 1-2 business days for the preview image","error":false,"subtype":"p","hideFieldIn_cart":true,"hideFieldIn_order":true,"gt_translate_keys":["label","value"],"price_dependency":false,"cl_dependency":false}]]}},"config":{"price_override":"","enable_recaptcha":false,"bind_quantity":false,"quantity_bind_formula":false,"disp_summ_show_option_price":false,"disp_summ_show_product_price":false,"disp_summ_show_total_price":false,"disp_summ_show_fee":false,"disp_summ_show_discount":false,"summary_title":"","options_total_label":"Optieprijs","total_label":"Total","options_product_label":"Productprijs","fee_label":"Tarief","discount_label":"Discount","has_price":true,"has_quantity_formula":false},"mc_unit":1,"tax_rate":1,"tax_rate_real":0,"discount":{"percentage":0,"fixed":0},"design":{"conf":{"LabelPosition":"above","DescPosition":"above","UploadField":"default","QuantityFieldStyle":"default"},"css":{"LeftLabelWidth":"120px"}},"formulas":[],"clones":false,"cartKey":false}},"_links":{"self":[{"href":"https:\/\/www.customywear.com\/hu\/wp-json\/wp\/v2\/product\/23260","targetHints":{"allow":["GET"]}}],"collection":[{"href":"https:\/\/www.customywear.com\/hu\/wp-json\/wp\/v2\/product"}],"about":[{"href":"https:\/\/www.customywear.com\/hu\/wp-json\/wp\/v2\/types\/product"}],"replies":[{"embeddable":true,"href":"https:\/\/www.customywear.com\/hu\/wp-json\/wp\/v2\/comments?post=23260"}],"wp:featuredmedia":[{"embeddable":true,"href":"https:\/\/www.customywear.com\/hu\/wp-json\/wp\/v2\/media\/97479"}],"wp:attachment":[{"href":"https:\/\/www.customywear.com\/hu\/wp-json\/wp\/v2\/media?parent=23260"}],"wp:term":[{"taxonomy":"product_brand","embeddable":true,"href":"https:\/\/www.customywear.com\/hu\/wp-json\/wp\/v2\/product_brand?post=23260"},{"taxonomy":"product_cat","embeddable":true,"href":"https:\/\/www.customywear.com\/hu\/wp-json\/wp\/v2\/product_cat?post=23260"},{"taxonomy":"product_tag","embeddable":true,"href":"https:\/\/www.customywear.com\/hu\/wp-json\/wp\/v2\/product_tag?post=23260"}],"curies":[{"name":"wp","href":"https:\/\/api.w.org\/{rel}","templated":true}]}}