{"id":23281,"date":"2023-09-06T15:06:50","date_gmt":"2023-09-06T15:06:50","guid":{"rendered":"https:\/\/www.customywear.com\/?post_type=product&#038;p=23281"},"modified":"2026-05-13T19:50:31","modified_gmt":"2026-05-13T19:50:31","slug":"szemelyre-szabott-halloweeni-paros-polo","status":"publish","type":"product","link":"https:\/\/www.customywear.com\/hu\/personalized-halloween-couples-tee\/","title":{"rendered":"Szem\u00e9lyre szabott halloweeni p\u00e1ros p\u00f3l\u00f3: Ijeszd meg a bar\u00e1taidat egyedi p\u00f3l\u00f3kkal"},"content":{"rendered":"<h2>K\u00e9sz\u00fclj fel, hogy feldobd a Halloweent szem\u00e9lyre szabott p\u00e1ros Halloween p\u00f3l\u00f3nkkal!<\/h2>\n<p>Elege van abb\u00f3l, hogy minden \u00e9vben ugyanazokat a tipikus halloweeni jelmezeket viseli? Szeretn\u00e9 kit\u0171nni a t\u00f6megb\u0151l, \u00e9s igazi r\u00e9m\u00fcletet okozni a bar\u00e1tainak? Ne keressen tov\u00e1bb! Egyedi tervez\u00e9s\u0171 p\u00f3l\u00f3ink \u200b\u200bt\u00f6k\u00e9letes megold\u00e1st jelentenek mindazok sz\u00e1m\u00e1ra, akik egyedi \u00e9s szem\u00e9lyre szabott m\u00f3don szeretn\u00e9k \u00e1t\u00e9lni a halloweeni szellemet. P\u00f3l\u00f3inkkal \u00e1talakulhat kedvenc horrorfilmjei egyik szerepl\u0151j\u00e9v\u00e9, vagy egyszer\u0171en csak egy h\u00e1tborzongat\u00f3 t\u00f6k\u00f6s mint\u00e1t viselhet. \u00c9s a legjobb az eg\u00e9szben? Lerajzoljuk a fot\u00f3idat, \u00e9s \u00fagy n\u00e9zel ki, mintha ijeszt\u0151 halloweeni ruh\u00e1kat viseln\u00e9l. K\u00e9pzelje el bar\u00e1tai arc\u00e1t, amikor v\u00e9rszomjas v\u00e1mp\u00edrr\u00e1 vagy gonosz boszork\u00e1nny\u00e1 v\u00e1ltoznak!<\/p>\n<h3>Kiv\u00e1l\u00f3 min\u0151s\u00e9g\u0171 tervez\u00e9s \u00e9s nyomtat\u00e1s<\/h3>\n<p>St\u00fadi\u00f3nkban Adobe Illustrator \u00e9s Adobe Photoshop programokat haszn\u00e1lunk, hogy leny\u0171g\u00f6z\u0151 vektorgrafik\u00e1kat k\u00e9sz\u00edts\u00fcnk fot\u00f3idb\u00f3l. Tapasztalt tervez\u0151ink minden r\u00e9szletre odafigyelnek, biztos\u00edtva, hogy a szem\u00e9lyre szabott halloweeni p\u00f3l\u00f3d val\u00f3di m\u0171alkot\u00e1s legyen. Ezut\u00e1n a legmodernebb DTG nyomtat\u00e1si technol\u00f3gi\u00e1t alkalmazzuk, hogy a diz\u00e1jnod egy kiv\u00e1l\u00f3 min\u0151s\u00e9g\u0171 p\u00f3l\u00f3n keljen \u00e9letre. P\u00f3l\u00f3ink \u200b\u200bnemcsak vizu\u00e1lisan leny\u0171g\u00f6z\u0151ek, de hihetetlen\u00fcl k\u00e9nyelmesek is. Pr\u00e9mium anyagokb\u00f3l k\u00e9sz\u00fcltek, puh\u00e1k, l\u00e9legz\u0151ek \u00e9s tart\u00f3sak. Ak\u00e1r halloweeni bulin veszel r\u00e9szt, ak\u00e1r \u00e9dess\u00e9get gy\u0171jtesz, vagy csak otthon pihensz, p\u00f3l\u00f3inkkal eg\u00e9sz \u00e9jjel st\u00edlusosnak \u00e9s h\u00e1tborzongat\u00f3nak fogsz t\u0171nni.<\/p>\n<h3>Az eg\u00e9sz csal\u00e1d sz\u00e1m\u00e1ra el\u00e9rhet\u0151<\/h3>\n<p>Szem\u00e9lyre szabott Halloween p\u00f3l\u00f3ink \u200b\u200bnem csak feln\u0151tteknek sz\u00f3lnak. Fiataloknak, gyerekeknek \u00e9s kisgyermekeknek is k\u00edn\u00e1lunk m\u00e9reteket, \u00edgy az eg\u00e9sz csal\u00e1d csatlakozhat a m\u00f3k\u00e1hoz. K\u00e9pzelje el a kicsik im\u00e1dnival\u00f3 l\u00e1tv\u00e1ny\u00e1t mini sz\u00f6rnyekk\u00e9nt vagy apr\u00f3 t\u00f6k\u00f6kk\u00e9nt! P\u00f3l\u00f3inkkal a Halloween csal\u00e1di eggy\u00e9 v\u00e1lik, amelyet mindenki \u00e9lvezhet.<\/p>\n<h3>V\u00e9gtelen szem\u00e9lyre szab\u00e1si lehet\u0151s\u00e9gek<\/h3>\n<p>P\u00f3l\u00f3ink \u200b\u200begyik legizgalmasabb tulajdons\u00e1ga, hogy saj\u00e1t fot\u00f3iddal szem\u00e9lyre szabhatod \u0151ket. Nemcsak az arcodat alak\u00edthatod \u00e1t h\u00e1tborzongat\u00f3 karakterr\u00e9, hanem szeretett h\u00e1zi\u00e1llatodat is belefoglalhatod. K\u00e9pzeld el, milyen vicces lehet, ha a kuty\u00e1d vagy macsk\u00e1d v\u00e1mp\u00edrk\u00f6penyt vagy boszork\u00e1nykalapot visel! De a szem\u00e9lyre szab\u00e1s itt nem \u00e9r v\u00e9get. Sz\u00e9les v\u00e1laszt\u00e9kban k\u00edn\u00e1lunk diz\u00e1jnokat, bele\u00e9rtve a horrorfilmes t\u00e9m\u00e1kat, a t\u00f6k\u00f6s mot\u00edvumokat, s\u0151t m\u00e9g egy Charlie Brown halloweeni p\u00f3l\u00f3t is az \u00f6sszes Peanuts rajong\u00f3 sz\u00e1m\u00e1ra. B\u00e1rmi legyen is a st\u00edlusod vagy az \u00edzl\u00e9sed, n\u00e1lunk van olyan diz\u00e1jn, amely megfelel az \u00edzl\u00e9sednek.<\/p>\n<h3>Szerezd meg szem\u00e9lyre szabott halloweeni p\u00f3l\u00f3dat m\u00e9g ma!<\/h3>\n<p>Ne el\u00e9gedj meg a h\u00e9tk\u00f6znapi Halloween jelmezekkel id\u00e9n. T\u0171nj ki a t\u00f6megb\u0151l, \u00e9s r\u00e9m\u00edtsd meg bar\u00e1taidat szem\u00e9lyre szabott Halloween p\u00f3l\u00f3nkkal! Kiv\u00e1l\u00f3 min\u0151s\u00e9g\u0171 diz\u00e1jnnal, k\u00e9nyelmes szab\u00e1ssal \u00e9s v\u00e9gtelen szem\u00e9lyre szab\u00e1si lehet\u0151s\u00e9gekkel p\u00f3l\u00f3ink \u200b\u200bt\u00f6k\u00e9letes v\u00e1laszt\u00e1st jelentenek mindazok sz\u00e1m\u00e1ra, akik szeretn\u00e9nek kit\u0171nni maguk k\u00f6z\u00fcl ezen a Halloweenen. Rendeld meg szem\u00e9lyre szabott Halloween p\u00f3l\u00f3dat m\u00e9g ma, \u00e9s k\u00e9sz\u00fclj fel az ijesztget\u00e9sre, a leny\u0171g\u00f6z\u00e9sre \u00e9s a h\u00e1tborzongat\u00f3 id\u0151t\u00f6lt\u00e9sre! <\/p>","protected":false},"excerpt":{"rendered":"<p>K\u00eds\u00e9rletezzen egy\u00fctt egy szem\u00e9lyre szabott Halloween p\u00e1r p\u00f3l\u00f3val. Az egyedi p\u00f3l\u00f3k a f\u00e9nyk\u00e9peket hozz\u00e1ill\u0151 f\u00e9lelmetes mint\u00e1kk\u00e1 alak\u00edtj\u00e1k \u00e1t.<\/p>","protected":false},"featured_media":97492,"comment_status":"open","ping_status":"closed","template":"","meta":{"_acf_changed":false},"product_brand":[],"product_cat":[6197,2229,186,6412,6428,6441],"product_tag":[1322,1325,2233,2239,2243,2245],"class_list":{"0":"post-23281","1":"product","2":"type-product","3":"status-publish","4":"has-post-thumbnail","6":"product_cat-t-shirts-couple","7":"product_cat-custom-gifts-halloween","8":"product_cat-men","9":"product_cat-photo-to-tees","10":"product_cat-translate-products","11":"product_cat-v2-couple","12":"product_tag-custom-bride-gift","13":"product_tag-custom-shirt-maker","14":"product_tag-halloween-shirt","15":"product_tag-pumpkin-shirt","16":"product_tag-skeleton-t-shirt","17":"product_tag-spirit-halloween-shirts","18":"wcpa_has_options","20":"first","21":"instock","22":"taxable","23":"shipping-taxable","24":"purchasable","25":"product-type-simple"},"acf":[],"wcpa_form_fields":{"wcpaData":{"product":{"product_price":24.99,"price_html":"<span class=\"wmc-wc-price\" ><span class=\"woocommerce-Price-amount amount\"><bdi><span class=\"woocommerce-Price-currencySymbol\">&euro;<\/span>24,99<\/bdi><\/span><span data-wmc_price_cache=\"{&quot;USD&quot;:&quot;&lt;span class=\\&quot;woocommerce-Price-amount amount\\&quot;&gt;&lt;bdi&gt;&lt;span class=\\&quot;woocommerce-Price-currencySymbol\\&quot;&gt;&amp;#36;&lt;\\\/span&gt;28,99&lt;\\\/bdi&gt;&lt;\\\/span&gt;&quot;,&quot;EUR&quot;:&quot;&lt;span class=\\&quot;woocommerce-Price-amount amount\\&quot;&gt;&lt;bdi&gt;&lt;span class=\\&quot;woocommerce-Price-currencySymbol\\&quot;&gt;&amp;euro;&lt;\\\/span&gt;24,99&lt;\\\/bdi&gt;&lt;\\\/span&gt;&quot;,&quot;CAD&quot;:&quot;&lt;span class=\\&quot;woocommerce-Price-amount amount\\&quot;&gt;&lt;bdi&gt;&lt;span class=\\&quot;woocommerce-Price-currencySymbol\\&quot;&gt;CAD$ &lt;\\\/span&gt;39,98&lt;\\\/bdi&gt;&lt;\\\/span&gt;&quot;,&quot;GBP&quot;:&quot;&lt;span class=\\&quot;woocommerce-Price-amount amount\\&quot;&gt;&lt;bdi&gt;&lt;span class=\\&quot;woocommerce-Price-currencySymbol\\&quot;&gt;&amp;pound;&lt;\\\/span&gt;21,74&lt;\\\/bdi&gt;&lt;\\\/span&gt;&quot;,&quot;PLN&quot;:&quot;&lt;span class=\\&quot;woocommerce-Price-amount amount\\&quot;&gt;&lt;bdi&gt;&lt;span class=\\&quot;woocommerce-Price-currencySymbol\\&quot;&gt;z\\u0142 &lt;\\\/span&gt;106,21&lt;\\\/bdi&gt;&lt;\\\/span&gt;&quot;,&quot;SEK&quot;:&quot;&lt;span class=\\&quot;woocommerce-Price-amount amount\\&quot;&gt;&lt;bdi&gt;&lt;span class=\\&quot;woocommerce-Price-currencySymbol\\&quot;&gt;kr &lt;\\\/span&gt;274,39&lt;\\\/bdi&gt;&lt;\\\/span&gt;&quot;,&quot;AUD&quot;:&quot;&lt;span class=\\&quot;woocommerce-Price-amount amount\\&quot;&gt;&lt;bdi&gt;&lt;span class=\\&quot;woocommerce-Price-currencySymbol\\&quot;&gt;AUD$ &lt;\\\/span&gt;40,73&lt;\\\/bdi&gt;&lt;\\\/span&gt;&quot;,&quot;JPY&quot;:&quot;&lt;span class=\\&quot;woocommerce-Price-amount amount\\&quot;&gt;&lt;bdi&gt;&lt;span class=\\&quot;woocommerce-Price-currencySymbol\\&quot;&gt;&amp;yen;&lt;\\\/span&gt;4.610,66&lt;\\\/bdi&gt;&lt;\\\/span&gt;&quot;,&quot;CZK&quot;:&quot;&lt;span class=\\&quot;woocommerce-Price-amount amount\\&quot;&gt;&lt;bdi&gt;&lt;span class=\\&quot;woocommerce-Price-currencySymbol\\&quot;&gt;K\\u010d &lt;\\\/span&gt;608,01&lt;\\\/bdi&gt;&lt;\\\/span&gt;&quot;,&quot;NZD&quot;:&quot;&lt;span class=\\&quot;woocommerce-Price-amount amount\\&quot;&gt;&lt;bdi&gt;&lt;span class=\\&quot;woocommerce-Price-currencySymbol\\&quot;&gt;NZD$ &lt;\\\/span&gt;49,73&lt;\\\/bdi&gt;&lt;\\\/span&gt;&quot;,&quot;CHF&quot;:&quot;&lt;span class=\\&quot;woocommerce-Price-amount amount\\&quot;&gt;&lt;bdi&gt;&lt;span class=\\&quot;woocommerce-Price-currencySymbol\\&quot;&gt;CHF &lt;\\\/span&gt;22,74&lt;\\\/bdi&gt;&lt;\\\/span&gt;&quot;}\" style=\"display: none;\" class=\"wmc-price-cache-list\"><\/span><\/span>","original_product_price":24.99,"price_including_tax":24.99,"price_excluding_tax":20.825,"product_id":{"parent":23281,"variation":false},"is_variable":false,"stock_status":"instock","stock_quantity":null,"parent_sku":"cw1122333","product_attributes":{"pa_color":{"is_variation":false,"values":["black","white","navy","red"]},"pa_style":{"is_variation":false,"values":["couple-t-shirt"]},"pa_customization":{"is_variation":false,"values":["add-your-photo","add-your-text-or-name","add-your-logo"]},"pa_material":{"is_variation":false,"values":["100-cotton"]},"pa_key-details":{"is_variation":false,"values":["unisex","regular-fit","premium-quality","digital-art"]},"pa_brand":{"is_variation":false,"values":["customywear"]},"pa_age-group":{"is_variation":false,"values":["adult"]},"pa_size":{"is_variation":false,"values":["xs","s","m","l","xl","2xl","3xl"]},"pa_print-type":{"is_variation":false,"values":["dtg-print-direct-to-garment"]},"pa_gender":{"is_variation":false,"values":["unisex"]}},"custom_fields":[],"is_taxable":true,"product_name":"Personalized Halloween couple T-Shirt: Scare Your Friends with Customized tees"},"fields":{"sec_668d392cdb359a":{"extra":{"key":"sec_668d392cdb359a","section_id":"sec_668d392cdb359a","name":"T-shirt size and color","status":1,"cl_rule":"show","enableCl":false,"relations":[],"toggle":true,"title_tag":"h4","show_title":false,"showPrice":"default","form_id":137337,"form_rules":{"exclude_from_discount":false,"fee_label":"Fee","disp_hide_options_price":false,"disp_show_section_price":false,"disp_show_field_price":true,"layout_option":"standard","pric_use_as_fee":false,"process_fee_as":"woo_fee"},"layout_option":"standard"},"fields":[[{"active":true,"col":6,"relations":false,"cl_rule":"show","enableCl":false,"price":"","enablePrice":false,"className":"","label_position":"default","desc_position":"default","type":"color-group","required":false,"elementId":"color_group_6231271873","label":"Color","name":"color_group_6231271873","disp_type":"circle","values":[{"label":"Black","value":"Black","selected":false,"color":"#000000","tempId":"aco_909","gt_translate_keys":["label"]},{"label":"White","value":"White","selected":false,"color":"#ffffff","tempId":"aco_910","gt_translate_keys":["label"]},{"label":"Navy","value":"Navy","selected":false,"color":"#213a92","tempId":"aco_911","gt_translate_keys":["label"]},{"label":"Red","value":"Red","selected":false,"color":"#d0021b","tempId":"aco_1102","gt_translate_keys":["label"]}],"layOut":"inline","error":false,"tooltip":"Pick your preferred T-shirt color","selection_type":"tick-border","show_selected_option":true,"adjust_width":true,"show_label_inside":false,"cart_display_type":"text","gt_translate_keys":["label","tooltip"],"price_dependency":false,"cl_dependency":false,"value":""}],[{"active":true,"col":6,"relations":false,"cl_rule":"show","enableCl":false,"price":"","enablePrice":false,"className":"","label_position":"default","desc_position":"default","type":"radio-group","required":false,"elementId":"radio-group_068d392cdb35d9","label":"Size ","name":"radio-group_068d392cdb35d9","values":[{"label":"XS","value":"XS","selected":false,"tempId":"aco_128","gt_translate_keys":["label"]},{"label":"S","value":"S","selected":false,"tempId":"aco_129","gt_translate_keys":["label"]},{"label":"M","value":"M","selected":false,"tempId":"aco_130","gt_translate_keys":["label"]},{"label":"L","value":"L","selected":false,"tempId":"aco_212","gt_translate_keys":["label"]},{"label":"XL","value":"XL","selected":false,"tempId":"aco_222","gt_translate_keys":["label"]},{"label":"2XL","value":"2XL","selected":false,"tempId":"aco_286","gt_translate_keys":["label"]},{"label":"3XL","value":"3XL","selected":false,"tempId":"aco_350","gt_translate_keys":["label"]}],"layOut":"inline","error":false,"checkUi":"button","tooltip":"Choose your T-shirt size \u2013 suitable for both men and women.","show_selected_option":true,"gt_translate_keys":["label","tooltip"],"price_dependency":false,"cl_dependency":false,"value":""}],[{"active":true,"col":6,"relations":[{"operator":false,"rules":[{"operator":"AND","rules":{"cl_field":"select_1672e1bffc57b9","cl_relation":"is_empty","cl_val":true}}]}],"cl_rule":"hide","enableCl":false,"price":"","enablePrice":false,"className":"","label_position":"default","desc_position":"default","type":"file","required":false,"elementId":"file_968d392cdb35ef","name":"file_968d392cdb35ef","label":"Upload your photo(s)","upload_type":"droppable","uploadSize":"50","file_types":["images","docs","design"],"exts_supported":["jpg","jpeg","png","gif","webp","pdf","PSD"],"error":false,"hideImageIn_email":true,"multiple_upload":true,"max_file_count":"25","tooltip":"Upload a couple's photo or separate photos; we will combine both individuals together.","cartLabel":"Photo(s)","allowedFileTypes":".jpg,.jpeg,.png,.gif,.webp,.pdf,.PSD,image\/*,.doc,.docx,.xml,.dot,.docm,.dotm,.dotx,.htm,.html,.odt,.rtf,.txt,.wps,.xps,application\/msword,application\/vnd,.psd,.eps,.ai,.indd,.raw","gt_translate_keys":["label","tooltip"],"price_dependency":false,"cl_dependency":false,"value":""}],[{"active":true,"col":6,"relations":false,"cl_rule":"show","enableCl":false,"price":"","enablePrice":false,"className":"","label_position":"default","desc_position":"default","type":"checkbox","required":false,"elementId":"checkbox_468d392cdb360a","label":"View more options","name":"checkbox_468d392cdb360a","value":"","check_value":"Yes","checkUi":"","error":false,"hideFieldIn_cart":true,"hideFieldIn_order":true,"gt_translate_keys":["label","value","check_value"],"price_dependency":false,"cl_dependency":["text_868d392cdb366a","radio-group_268d392cdb3682","radio-group_368d392cdb3697"]}],[{"active":true,"col":6,"relations":[{"operator":false,"rules":[{"operator":"AND","rules":{"cl_field":"checkbox_468d392cdb360a","cl_relation":"is","cl_val":true}}]}],"cl_rule":"show","enableCl":true,"price":"","enablePrice":false,"className":"","label_position":"default","desc_position":"default","type":"text","subtype":"text","required":false,"elementId":"text_868d392cdb366a","label":"Add text to your T-shirt design (optional)","name":"text_868d392cdb366a","value":"","error":false,"tooltip":"Your text will be added to the top or bottom of the T-shirt design.","placeholder":"eg: Emma & John: Best Couple Ever","cartLabel":"Text","gt_translate_keys":["label","placeholder","value","tooltip"],"price_dependency":false,"cl_dependency":false}],[{"active":true,"col":6,"relations":[{"operator":false,"rules":[{"operator":"AND","rules":{"cl_field":"checkbox_468d392cdb360a","cl_relation":"is","cl_val":true}}]}],"cl_rule":"show","enableCl":true,"price":"","enablePrice":false,"className":"","label_position":"default","desc_position":"default","type":"radio-group","required":true,"elementId":"radio-group_268d392cdb3682","label":"Select t-shirt print location","name":"radio-group_268d392cdb3682","values":[{"label":"Front Side","value":"Front Side","selected":true,"tempId":"aco_5504","gt_translate_keys":["label"]},{"label":"Back Side","value":"Back Side","selected":false,"tempId":"aco_5505","gt_translate_keys":["label"]}],"layOut":"inline","error":false,"checkUi":"","cartLabel":"Print location","gt_translate_keys":["label"],"price_dependency":false,"cl_dependency":false,"value":""}],[{"active":true,"col":6,"relations":[{"operator":false,"rules":[{"operator":"AND","rules":{"cl_field":"checkbox_468d392cdb360a","cl_relation":"is","cl_val":true}}]}],"cl_rule":"show","enableCl":true,"price":"","enablePrice":false,"className":"","label_position":"default","desc_position":"default","type":"radio-group","required":false,"elementId":"radio-group_368d392cdb3697","label":"Would you like to review the design before printing?","name":"radio-group_368d392cdb3697","values":[{"label":"No","value":"No","selected":true,"tempId":"aco_6274","gt_translate_keys":["label"]},{"label":"Yes","value":"Yes","selected":false,"tempId":"aco_6275","price":"","gt_translate_keys":["label"]}],"layOut":"inline","error":false,"checkUi":"","priceOptions":"different_for_all","pricingType":"fixed","use_as_fee":false,"fee_label":"Preview Image","tooltip":"If yes, we\u2019ll email you a preview of the design before printing. This may add 1-2 days to delivery time.*","cartLabel":"Preview Image","hideFieldIn_cart":true,"hideFieldIn_order":false,"gt_translate_keys":["label","tooltip"],"price_dependency":false,"cl_dependency":["content_068d392cdb36ab"],"value":""}],[{"active":true,"col":6,"relations":[{"operator":false,"rules":[{"operator":"AND","rules":{"cl_field":"radio-group_368d392cdb3697","cl_relation":"is","cl_val":"Yes"}}]}],"cl_rule":"show","enableCl":true,"price":"","enablePrice":false,"className":"","label_position":"default","desc_position":"default","type":"content","required":false,"elementId":"content_068d392cdb36ab","label":"","name":"content_068d392cdb36ab","contentType":"plain","value":"Please check your inbox, including Spam or other folders, within 1-2 business days for the preview image","error":false,"subtype":"p","hideFieldIn_cart":true,"hideFieldIn_order":true,"gt_translate_keys":["label","value"],"price_dependency":false,"cl_dependency":false}]]}},"config":{"price_override":"","enable_recaptcha":false,"bind_quantity":false,"quantity_bind_formula":false,"disp_summ_show_option_price":false,"disp_summ_show_product_price":false,"disp_summ_show_total_price":false,"disp_summ_show_fee":false,"disp_summ_show_discount":false,"summary_title":"","options_total_label":"Options Price","total_label":"Total","options_product_label":"Product Price","fee_label":"Fee","discount_label":"Discount","has_price":true,"has_quantity_formula":false},"mc_unit":1,"tax_rate":1,"tax_rate_real":0,"discount":{"percentage":0,"fixed":0},"design":{"conf":{"LabelPosition":"above","DescPosition":"above","UploadField":"default","QuantityFieldStyle":"default"},"css":{"LeftLabelWidth":"120px"}},"formulas":[],"clones":false,"cartKey":false}},"_links":{"self":[{"href":"https:\/\/www.customywear.com\/hu\/wp-json\/wp\/v2\/product\/23281","targetHints":{"allow":["GET"]}}],"collection":[{"href":"https:\/\/www.customywear.com\/hu\/wp-json\/wp\/v2\/product"}],"about":[{"href":"https:\/\/www.customywear.com\/hu\/wp-json\/wp\/v2\/types\/product"}],"replies":[{"embeddable":true,"href":"https:\/\/www.customywear.com\/hu\/wp-json\/wp\/v2\/comments?post=23281"}],"wp:featuredmedia":[{"embeddable":true,"href":"https:\/\/www.customywear.com\/hu\/wp-json\/wp\/v2\/media\/97492"}],"wp:attachment":[{"href":"https:\/\/www.customywear.com\/hu\/wp-json\/wp\/v2\/media?parent=23281"}],"wp:term":[{"taxonomy":"product_brand","embeddable":true,"href":"https:\/\/www.customywear.com\/hu\/wp-json\/wp\/v2\/product_brand?post=23281"},{"taxonomy":"product_cat","embeddable":true,"href":"https:\/\/www.customywear.com\/hu\/wp-json\/wp\/v2\/product_cat?post=23281"},{"taxonomy":"product_tag","embeddable":true,"href":"https:\/\/www.customywear.com\/hu\/wp-json\/wp\/v2\/product_tag?post=23281"}],"curies":[{"name":"wp","href":"https:\/\/api.w.org\/{rel}","templated":true}]}}