{"id":27418,"date":"2023-12-25T05:44:19","date_gmt":"2023-12-25T05:44:19","guid":{"rendered":"https:\/\/www.customywear.com\/?post_type=product&#038;p=27418"},"modified":"2026-05-05T20:24:07","modified_gmt":"2026-05-05T20:24:07","slug":"trendi-szuletesnapi-ajandek-polo","status":"publish","type":"product","link":"https:\/\/www.customywear.com\/hu\/trending-birthday-gifts-tee\/","title":{"rendered":"Trendi sz\u00fclet\u00e9snapi aj\u00e1nd\u00e9kok f\u00e9rfiaknak: Szem\u00e9lyre szabott, egyedi fot\u00f3s p\u00f3l\u00f3k Expressions-szal"},"content":{"rendered":"<p><span data-sheets-root=\"1\" data-sheets-value=\"{&quot;1&quot;:2,&quot;2&quot;:&quot;When it comes to seeking the ideal birthday gift for the men in your life, our Personalized Custom Photo T-Shirt emerges as a timeless testament to cherished memories and heartfelt gestures. Crafted with precision and sentimentality, this custom t-shirt transcends mere apparel, becoming a canvas of personal expression, perfectly suited for celebrating the special moments of a birthday.rnrnAt the core of this offering is the artistry in transforming beloved photographs into wearable art. Our adept designers specialize in curating personalized artworks that encapsulate the essence of cherished memories. Whether it's a snapshot from an adventure, a candid moment captured in time, or a cherished family portrait, our designers deftly craft captivating visual narratives on the fabric of your chosen t-shirt. Employing advanced editing techniques, we meticulously remove backgrounds, enhance colors, adjust brightness, and infuse mesmerizing effects, ensuring your selected photo resonates vibrantly on the fabric.rnrnThe allure of our Custom Photo T-Shirt extends beyond a mere garment; it caters to diverse preferences and occasions. Available in various sizes and styles, including unisex adult short sleeve and long sleeve variants, youth sizes, toddler tees, mugs, posters, and more, this collection offers an array of options for personalized gifting. This versatility empowers you to curate a comprehensive ensemble of personalized items that perfectly align with the recipient's tastes.rnrnImagine the moment of delight and emotion when the man in your life unwraps a t-shirt adorned with a cherished memory, his face lighting up with joy and nostalgia. It's a gift that transcends passing trends, evoking profound emotions and treasured memories, strengthening the bond between giver and receiver.rnrnWhy settle for fleeting trends when you can gift an everlasting memory encapsulated within a cherished item? Embrace the power of personalized gifting and celebrate the special occasions of the men in your life with a Custom Photo T-Shirt that beautifully narrates the shared moments etched in time. Explore our collection today and allow us to transform your precious photos into wearable tokens of love and appreciation!&quot;}\" data-sheets-userformat=\"{&quot;2&quot;:897,&quot;3&quot;:{&quot;1&quot;:0},&quot;10&quot;:1,&quot;11&quot;:3,&quot;12&quot;:0}\">Ha az \u00e9letedben l\u00e9v\u0151 f\u00e9rfiaknak keresed az ide\u00e1lis sz\u00fclet\u00e9snapi aj\u00e1nd\u00e9kot, szem\u00e9lyre szabott, egyedi fot\u00f3s p\u00f3l\u00f3nk id\u0151tlen bizony\u00edt\u00e9ka a d\u00e9delgetett eml\u00e9keknek \u00e9s a sz\u00edvb\u0151l j\u00f6v\u0151 gesztusoknak. Prec\u00edzen \u00e9s \u00e9rzelmesen elk\u00e9sz\u00edtve ez az egyedi p\u00f3l\u00f3 t\u00falmutat a puszta ruhadarabon, a szem\u00e9lyes kifejez\u00e9s v\u00e1szonj\u00e1v\u00e1 v\u00e1lik, t\u00f6k\u00e9letesen alkalmas a sz\u00fclet\u00e9snap k\u00fcl\u00f6nleges pillanatainak meg\u00fcnnepl\u00e9s\u00e9re.<\/span> Ennek az aj\u00e1nlatnak a k\u00f6z\u00e9ppontj\u00e1ban a szeretett f\u00e9nyk\u00e9pek viselhet\u0151 m\u0171alkot\u00e1sokk\u00e1 alak\u00edt\u00e1s\u00e1nak m\u0171v\u00e9szete \u00e1ll. K\u00e9pzett tervez\u0151ink szem\u00e9lyre szabott m\u0171alkot\u00e1sok k\u00e9sz\u00edt\u00e9s\u00e9re specializ\u00e1l\u00f3dtak, amelyek megragadj\u00e1k a d\u00e9delgetett eml\u00e9kek l\u00e9nyeg\u00e9t. Legyen sz\u00f3 ak\u00e1r egy kaland pillanatk\u00e9p\u00e9r\u0151l, egy id\u0151ben meg\u00f6r\u00f6k\u00edtett \u0151szinte pillanatr\u00f3l, vagy egy d\u00e9delgetett csal\u00e1di portr\u00e9r\u00f3l, tervez\u0151ink \u00fcgyesen alkotnak mag\u00e1val ragad\u00f3 vizu\u00e1lis narrat\u00edv\u00e1kat a kiv\u00e1lasztott p\u00f3l\u00f3 anyag\u00e1ra. Fejlett szerkeszt\u00e9si technik\u00e1kat alkalmazva apr\u00f3l\u00e9kosan elt\u00e1vol\u00edtjuk a h\u00e1ttereket, jav\u00edtjuk a sz\u00edneket, \u00e1ll\u00edtjuk a f\u00e9nyer\u0151t, \u00e9s leny\u0171g\u00f6z\u0151 effekteket adunk hozz\u00e1, biztos\u00edtva, hogy a kiv\u00e1lasztott fot\u00f3 \u00e9l\u00e9nken rezon\u00e1ljon az anyagon. Egyedi fot\u00f3p\u00f3l\u00f3ink \u200b\u200bvonzereje t\u00falmutat egy puszta ruhadarabon; sokf\u00e9le preferenci\u00e1t \u00e9s alkalmat kiel\u00e9g\u00edt. K\u00fcl\u00f6nb\u00f6z\u0151 m\u00e9retekben \u00e9s st\u00edlusokban kaphat\u00f3, bele\u00e9rtve az unisex feln\u0151tt r\u00f6vid \u00e9s hossz\u00fa ujj\u00fa v\u00e1ltozatokat, az ifj\u00fas\u00e1gi m\u00e9reteket, a kisgyermek p\u00f3l\u00f3kat, a b\u00f6gr\u00e9ket, a posztereket \u00e9s egyebeket, ez a kollekci\u00f3 sz\u00e1mos lehet\u0151s\u00e9get k\u00edn\u00e1l a szem\u00e9lyre szabott aj\u00e1nd\u00e9koz\u00e1sra. Ez a sokoldal\u00fas\u00e1g lehet\u0151v\u00e9 teszi, hogy szem\u00e9lyre szabott t\u00e1rgyak \u00e1tfog\u00f3 egy\u00fcttes\u00e9t v\u00e1logatd \u00f6ssze, amelyek t\u00f6k\u00e9letesen illeszkednek a c\u00edmzett \u00edzl\u00e9s\u00e9hez. K\u00e9pzeld el azt az \u00f6r\u00f6mteli \u00e9s \u00e9rzelmes pillanatot, amikor \u00e9letedben a f\u00e9rfi kibont egy d\u00e9delgetett eml\u00e9kkel d\u00edsz\u00edtett p\u00f3l\u00f3t, arca pedig \u00f6r\u00f6mmel \u00e9s nosztalgi\u00e1val ragyog. Ez egy olyan aj\u00e1nd\u00e9k, amely t\u00falmutat a m\u00fal\u00f3 trendeken, m\u00e9ly \u00e9rzelmeket \u00e9s becses eml\u00e9keket id\u00e9z fel, meger\u0151s\u00edtve a k\u00f6tel\u00e9ket az aj\u00e1nd\u00e9koz\u00f3 \u00e9s a megaj\u00e1nd\u00e9kozott k\u00f6z\u00f6tt. Mi\u00e9rt \u00e9rn\u00e9d be a m\u00faland\u00f3 trendekkel, ha egy \u00f6r\u00f6k eml\u00e9ket aj\u00e1nd\u00e9kozhatsz, amelyet egy becses t\u00e1rgy z\u00e1r be? Ragadd meg a szem\u00e9lyre szabott aj\u00e1nd\u00e9koz\u00e1s erej\u00e9t, \u00e9s \u00fcnnepeld meg \u00e9letedben a f\u00e9rfiak k\u00fcl\u00f6nleges alkalmait egy egyedi fot\u00f3p\u00f3l\u00f3val, amely gy\u00f6ny\u00f6r\u0171en mes\u00e9li el az id\u0151ben meg\u00f6r\u00f6k\u00edtett k\u00f6z\u00f6s pillanatokat. Fedezd fel kollekci\u00f3nkat m\u00e9g ma, \u00e9s engedd meg nek\u00fcnk, hogy \u00e9rt\u00e9kes fot\u00f3idat a szeretet \u00e9s a megbecs\u00fcl\u00e9s viselhet\u0151 jelk\u00e9peiv\u00e9 alak\u00edtsuk! <\/p>","protected":false},"excerpt":{"rendered":"<p>\u00dcnnepelje a sz\u00fclet\u00e9snapokat felkapott, egyedi f\u00e9rfi fot\u00f3s p\u00f3l\u00f3kkal. A szem\u00e9lyre szabott p\u00f3l\u00f3k a f\u00e9nyk\u00e9peket sz\u00f3rakoztat\u00f3, kifejez\u0151 diz\u00e1jnn\u00e1 var\u00e1zsolj\u00e1k.<\/p>","protected":false},"featured_media":97314,"comment_status":"open","ping_status":"closed","template":"","meta":{"_acf_changed":false},"product_brand":[],"product_cat":[6195,6115,6343,6412,6434,6428],"product_tag":[6116,6216],"class_list":{"0":"post-27418","1":"product","2":"type-product","3":"status-publish","4":"has-post-thumbnail","6":"product_cat-t-shirts-men","7":"product_cat-custom-gifts-color-splash","8":"product_cat-mens-anniversary-t-shirts","9":"product_cat-photo-to-tees","10":"product_cat-t-shirts-for-men-v2","11":"product_cat-translate-products","12":"product_tag-color-splash-flower-heart","13":"product_tag-mens-custom-t-shirts","14":"wcpa_has_options","16":"first","17":"instock","18":"taxable","19":"shipping-taxable","20":"purchasable","21":"product-type-simple"},"acf":[],"wcpa_form_fields":{"wcpaData":{"product":{"product_price":24.99,"price_html":"<span class=\"wmc-wc-price\" ><span class=\"woocommerce-Price-amount amount\"><bdi><span class=\"woocommerce-Price-currencySymbol\">&euro;<\/span>24,99<\/bdi><\/span><span data-wmc_price_cache=\"{&quot;USD&quot;:&quot;&lt;span class=\\&quot;woocommerce-Price-amount amount\\&quot;&gt;&lt;bdi&gt;&lt;span class=\\&quot;woocommerce-Price-currencySymbol\\&quot;&gt;&amp;#36;&lt;\\\/span&gt;29,49&lt;\\\/bdi&gt;&lt;\\\/span&gt;&quot;,&quot;EUR&quot;:&quot;&lt;span class=\\&quot;woocommerce-Price-amount amount\\&quot;&gt;&lt;bdi&gt;&lt;span class=\\&quot;woocommerce-Price-currencySymbol\\&quot;&gt;&amp;euro;&lt;\\\/span&gt;24,99&lt;\\\/bdi&gt;&lt;\\\/span&gt;&quot;,&quot;CAD&quot;:&quot;&lt;span class=\\&quot;woocommerce-Price-amount amount\\&quot;&gt;&lt;bdi&gt;&lt;span class=\\&quot;woocommerce-Price-currencySymbol\\&quot;&gt;CAD$ &lt;\\\/span&gt;40,23&lt;\\\/bdi&gt;&lt;\\\/span&gt;&quot;,&quot;GBP&quot;:&quot;&lt;span class=\\&quot;woocommerce-Price-amount amount\\&quot;&gt;&lt;bdi&gt;&lt;span class=\\&quot;woocommerce-Price-currencySymbol\\&quot;&gt;&amp;pound;&lt;\\\/span&gt;21,49&lt;\\\/bdi&gt;&lt;\\\/span&gt;&quot;,&quot;PLN&quot;:&quot;&lt;span class=\\&quot;woocommerce-Price-amount amount\\&quot;&gt;&lt;bdi&gt;&lt;span class=\\&quot;woocommerce-Price-currencySymbol\\&quot;&gt;z\\u0142 &lt;\\\/span&gt;105,96&lt;\\\/bdi&gt;&lt;\\\/span&gt;&quot;,&quot;SEK&quot;:&quot;&lt;span class=\\&quot;woocommerce-Price-amount amount\\&quot;&gt;&lt;bdi&gt;&lt;span class=\\&quot;woocommerce-Price-currencySymbol\\&quot;&gt;kr &lt;\\\/span&gt;271,14&lt;\\\/bdi&gt;&lt;\\\/span&gt;&quot;,&quot;AUD&quot;:&quot;&lt;span class=\\&quot;woocommerce-Price-amount amount\\&quot;&gt;&lt;bdi&gt;&lt;span class=\\&quot;woocommerce-Price-currencySymbol\\&quot;&gt;AUD$ &lt;\\\/span&gt;40,48&lt;\\\/bdi&gt;&lt;\\\/span&gt;&quot;,&quot;JPY&quot;:&quot;&lt;span class=\\&quot;woocommerce-Price-amount amount\\&quot;&gt;&lt;bdi&gt;&lt;span class=\\&quot;woocommerce-Price-currencySymbol\\&quot;&gt;&amp;yen;&lt;\\\/span&gt;4.625,15&lt;\\\/bdi&gt;&lt;\\\/span&gt;&quot;,&quot;CZK&quot;:&quot;&lt;span class=\\&quot;woocommerce-Price-amount amount\\&quot;&gt;&lt;bdi&gt;&lt;span class=\\&quot;woocommerce-Price-currencySymbol\\&quot;&gt;K\\u010d &lt;\\\/span&gt;608,01&lt;\\\/bdi&gt;&lt;\\\/span&gt;&quot;,&quot;NZD&quot;:&quot;&lt;span class=\\&quot;woocommerce-Price-amount amount\\&quot;&gt;&lt;bdi&gt;&lt;span class=\\&quot;woocommerce-Price-currencySymbol\\&quot;&gt;NZD$ &lt;\\\/span&gt;49,23&lt;\\\/bdi&gt;&lt;\\\/span&gt;&quot;,&quot;CHF&quot;:&quot;&lt;span class=\\&quot;woocommerce-Price-amount amount\\&quot;&gt;&lt;bdi&gt;&lt;span class=\\&quot;woocommerce-Price-currencySymbol\\&quot;&gt;CHF &lt;\\\/span&gt;22,99&lt;\\\/bdi&gt;&lt;\\\/span&gt;&quot;}\" style=\"display: none;\" class=\"wmc-price-cache-list\"><\/span><\/span>","original_product_price":24.99,"price_including_tax":24.99,"price_excluding_tax":20.825,"product_id":{"parent":27418,"variation":false},"is_variable":false,"stock_status":"instock","stock_quantity":null,"parent_sku":"cwc 10155","product_attributes":{"pa_style":{"is_variation":false,"values":["mens-t-shirt"]},"pa_customization":{"is_variation":false,"values":["add-your-photo","add-your-text-or-name","add-your-logo"]},"pa_material":{"is_variation":false,"values":["100-cotton"]},"pa_key-details":{"is_variation":false,"values":["unisex","regular-fit","premium-quality","digital-art"]},"pa_brand":{"is_variation":false,"values":["customywear"]},"pa_age-group":{"is_variation":false,"values":["adult"]},"pa_color":{"is_variation":false,"values":["black","white","navy","red"]},"pa_print-type":{"is_variation":false,"values":["dtg-print-direct-to-garment"]},"pa_gender":{"is_variation":false,"values":["male"]},"pa_size":{"is_variation":false,"values":["xs","s","m","l","xl","2xl","3xl"]}},"custom_fields":[],"is_taxable":true,"product_name":"Trending Birthday Gifts for Men: Personalized Custom Photo T-Shirt Expressions"},"fields":{"sec_1068de9b44c0f6f":{"extra":{"key":"sec_1068de9b44c0f6f","section_id":"sec_1068de9b44c0f6f","name":"T-shirt size and color","status":1,"cl_rule":"show","enableCl":false,"relations":[],"toggle":true,"title_tag":"h4","show_title":false,"showPrice":"default","form_id":137485,"form_rules":{"exclude_from_discount":false,"fee_label":"Fee","disp_hide_options_price":false,"disp_show_section_price":false,"disp_show_field_price":true,"layout_option":"standard","pric_use_as_fee":false,"process_fee_as":"woo_fee"},"layout_option":"standard"},"fields":[[{"active":true,"col":6,"relations":false,"cl_rule":"show","enableCl":false,"price":"","enablePrice":false,"className":"","label_position":"default","desc_position":"default","type":"color-group","required":false,"elementId":"color_group_4192445621","label":"Color","name":"color_group_4192445621","disp_type":"circle","values":[{"label":"Black","value":"Black","selected":false,"color":"#000000","tempId":"aco_50","gt_translate_keys":["label"]},{"label":"White","value":"White","selected":false,"color":"#ffffff","tempId":"aco_51","gt_translate_keys":["label"]},{"label":"Navy","value":"Navy","selected":false,"color":"#213a92","tempId":"aco_52","gt_translate_keys":["label"]},{"label":"Red","value":"Red","selected":false,"color":"#d0021b","tempId":"aco_123","gt_translate_keys":["label"]}],"layOut":"inline","error":false,"selection_type":"tick-border","show_selected_option":true,"adjust_width":true,"cart_display_type":"text","gt_translate_keys":["label"],"price_dependency":false,"cl_dependency":false,"value":""}],[{"active":true,"col":6,"relations":false,"cl_rule":"show","enableCl":false,"price":"","enablePrice":false,"className":"","label_position":"default","desc_position":"default","type":"radio-group","required":false,"elementId":"radio-group_068de9b44c0fb0","label":"Size ","name":"radio-group_068de9b44c0fb0","values":[{"label":"XS","value":"XS","selected":false,"tempId":"aco_80","gt_translate_keys":["label"]},{"label":"S","value":"S","selected":false,"tempId":"aco_81","gt_translate_keys":["label"]},{"label":"M","value":"M","selected":false,"tempId":"aco_82","gt_translate_keys":["label"]},{"label":"L","value":"L","selected":false,"tempId":"aco_155","gt_translate_keys":["label"]},{"label":"XL","value":"XL","selected":false,"tempId":"aco_165","gt_translate_keys":["label"]},{"label":"2Xl","value":"2Xl","selected":false,"tempId":"aco_175","gt_translate_keys":["label"]},{"label":"3XL","value":"3XL","selected":false,"tempId":"aco_185","gt_translate_keys":["label"]}],"layOut":"inline","error":false,"checkUi":"button","show_selected_option":true,"gt_translate_keys":["label"],"price_dependency":false,"cl_dependency":false,"value":""}],[{"active":true,"col":6,"relations":[{"operator":false,"rules":[{"operator":"AND","rules":{"cl_field":"select_1672e1bffc57b9","cl_relation":"is_empty","cl_val":true}}]}],"cl_rule":"hide","enableCl":false,"price":"","enablePrice":false,"className":"","label_position":"default","desc_position":"default","type":"file","required":false,"elementId":"file_868de9b44c0fc8","name":"file_868de9b44c0fc8","label":"Upload your photo(s)","upload_type":"droppable","uploadSize":"50","file_types":["images","docs","design"],"exts_supported":[],"error":false,"hideImageIn_email":true,"multiple_upload":true,"max_file_count":"25","tooltip":"Please upload clear photos where the person is looking directly at the camera","cartLabel":"Photo(s)","allowedFileTypes":"image\/*,.doc,.docx,.xml,.dot,.docm,.dotm,.dotx,.htm,.html,.odt,.pdf,.rtf,.txt,.wps,.xps,application\/msword,application\/vnd,.psd,.eps,.ai,.indd,.raw","gt_translate_keys":["label","tooltip"],"price_dependency":false,"cl_dependency":false,"value":""}],[{"active":true,"col":6,"relations":false,"cl_rule":"show","enableCl":false,"price":"","enablePrice":false,"className":"","label_position":"default","desc_position":"default","type":"checkbox","required":false,"elementId":"checkbox_268de9b44c0fdd","label":"View more options","name":"checkbox_268de9b44c0fdd","value":"","check_value":"Yes","checkUi":"","error":false,"hideFieldIn_cart":true,"hideFieldIn_order":true,"gt_translate_keys":["label","value","check_value"],"price_dependency":false,"cl_dependency":["text_068de9b44c0fef","radio-group_368de9b44c1005","radio-group_868de9b44c101a"]}],[{"active":true,"col":6,"relations":[{"operator":false,"rules":[{"operator":"AND","rules":{"cl_field":"checkbox_268de9b44c0fdd","cl_relation":"is","cl_val":true}}]}],"cl_rule":"show","enableCl":true,"price":"","enablePrice":false,"className":"","label_position":"default","desc_position":"default","type":"text","subtype":"text","required":false,"elementId":"text_068de9b44c0fef","label":"Add text to your T-shirt design (optional)","name":"text_068de9b44c0fef","value":"","error":false,"tooltip":"Your text will be added to the top or bottom of the T-shirt design.","placeholder":"eg: \"Michael: The best man ever\"","cartLabel":"Text","gt_translate_keys":["label","placeholder","value","tooltip"],"price_dependency":false,"cl_dependency":false}],[{"active":true,"col":6,"relations":[{"operator":false,"rules":[{"operator":"AND","rules":{"cl_field":"checkbox_268de9b44c0fdd","cl_relation":"is","cl_val":true}}]}],"cl_rule":"show","enableCl":true,"price":"","enablePrice":false,"className":"","label_position":"default","desc_position":"default","type":"radio-group","required":true,"elementId":"radio-group_368de9b44c1005","label":"Select t-shirt print location","name":"radio-group_368de9b44c1005","values":[{"label":"Front Side","value":"Front Side","selected":true,"tempId":"aco_5504","gt_translate_keys":["label"]},{"label":"Back Side","value":"Back Side","selected":false,"tempId":"aco_5505","gt_translate_keys":["label"]}],"layOut":"inline","error":false,"checkUi":"","hideFieldIn_cart":false,"cartLabel":"Print location","gt_translate_keys":["label"],"price_dependency":false,"cl_dependency":false,"value":""}],[{"active":true,"col":6,"relations":[{"operator":false,"rules":[{"operator":"AND","rules":{"cl_field":"checkbox_268de9b44c0fdd","cl_relation":"is","cl_val":true}}]}],"cl_rule":"show","enableCl":true,"price":"","enablePrice":false,"className":"","label_position":"default","desc_position":"default","type":"radio-group","required":false,"elementId":"radio-group_868de9b44c101a","label":"Would you like to review the design before printing?","name":"radio-group_868de9b44c101a","values":[{"label":"No","value":"No","selected":true,"tempId":"aco_6274","gt_translate_keys":["label"]},{"label":"Yes","value":"Yes","selected":false,"tempId":"aco_6275","price":"","gt_translate_keys":["label"]}],"layOut":"inline","error":false,"checkUi":"","priceOptions":"different_for_all","pricingType":"fixed","use_as_fee":false,"fee_label":"Preview Image","tooltip":"If yes, we\u2019ll email you a preview of the design before printing. This may add 1-2 days to delivery time.*","hideFieldIn_cart":true,"gt_translate_keys":["label","tooltip"],"price_dependency":false,"cl_dependency":["content_968de9b44c102d"],"value":""}],[{"active":true,"col":6,"relations":[{"operator":false,"rules":[{"operator":"AND","rules":{"cl_field":"radio-group_868de9b44c101a","cl_relation":"is","cl_val":"Yes"}}]}],"cl_rule":"show","enableCl":true,"price":"","enablePrice":false,"className":"","label_position":"default","desc_position":"default","type":"content","required":false,"elementId":"content_968de9b44c102d","label":"","name":"content_968de9b44c102d","contentType":"plain","value":"Please check your inbox, including Spam or other folders, within 1-2 business days for the preview image","error":false,"subtype":"p","hideFieldIn_cart":true,"hideFieldIn_order":true,"gt_translate_keys":["label","value"],"price_dependency":false,"cl_dependency":false}]]}},"config":{"price_override":"","enable_recaptcha":false,"bind_quantity":false,"quantity_bind_formula":false,"disp_summ_show_option_price":false,"disp_summ_show_product_price":false,"disp_summ_show_total_price":false,"disp_summ_show_fee":false,"disp_summ_show_discount":false,"summary_title":"","options_total_label":"Options Price","total_label":"Total","options_product_label":"Product Price","fee_label":"Fee","discount_label":"Discount","has_price":true,"has_quantity_formula":false},"mc_unit":1,"tax_rate":1,"tax_rate_real":0,"discount":{"percentage":0,"fixed":0},"design":{"conf":{"LabelPosition":"above","DescPosition":"above","UploadField":"default","QuantityFieldStyle":"default"},"css":{"LeftLabelWidth":"120px"}},"formulas":[],"clones":false,"cartKey":false}},"_links":{"self":[{"href":"https:\/\/www.customywear.com\/hu\/wp-json\/wp\/v2\/product\/27418","targetHints":{"allow":["GET"]}}],"collection":[{"href":"https:\/\/www.customywear.com\/hu\/wp-json\/wp\/v2\/product"}],"about":[{"href":"https:\/\/www.customywear.com\/hu\/wp-json\/wp\/v2\/types\/product"}],"replies":[{"embeddable":true,"href":"https:\/\/www.customywear.com\/hu\/wp-json\/wp\/v2\/comments?post=27418"}],"wp:featuredmedia":[{"embeddable":true,"href":"https:\/\/www.customywear.com\/hu\/wp-json\/wp\/v2\/media\/97314"}],"wp:attachment":[{"href":"https:\/\/www.customywear.com\/hu\/wp-json\/wp\/v2\/media?parent=27418"}],"wp:term":[{"taxonomy":"product_brand","embeddable":true,"href":"https:\/\/www.customywear.com\/hu\/wp-json\/wp\/v2\/product_brand?post=27418"},{"taxonomy":"product_cat","embeddable":true,"href":"https:\/\/www.customywear.com\/hu\/wp-json\/wp\/v2\/product_cat?post=27418"},{"taxonomy":"product_tag","embeddable":true,"href":"https:\/\/www.customywear.com\/hu\/wp-json\/wp\/v2\/product_tag?post=27418"}],"curies":[{"name":"wp","href":"https:\/\/api.w.org\/{rel}","templated":true}]}}