{"id":31222,"date":"2024-04-07T13:29:30","date_gmt":"2024-04-07T13:29:30","guid":{"rendered":"https:\/\/www.customywear.com\/?post_type=product&#038;p=31222"},"modified":"2026-05-07T15:29:47","modified_gmt":"2026-05-07T15:29:47","slug":"egyedi-lany-foci-polo","status":"publish","type":"product","link":"https:\/\/www.customywear.com\/hu\/girl-soccer-tshirt\/","title":{"rendered":"L\u00e1ny focimez: Kezdje fiatalon a p\u00e1ly\u00e1n"},"content":{"rendered":"<p><span data-sheets-root=\"1\" data-sheets-value=\"{&quot;1&quot;:2,&quot;2&quot;:&quot;Toddler Soccer Shirt: Introduce your little one to the excitement of the game with our custom-designed toddler soccer shirts. Crafted with soft, breathable fabrics, these shirts are perfect for keeping them comfortable during playtime or cheering from the sidelines. Available in a range of sizes and styles for boys and girls, our toddler shirts ensure the perfect fit for every pint-sized soccer fan. What sets our shirts apart is the personal touch - we hand draw your child's photo to create unique artwork that captures their budding passion for soccer. With vibrant colors and durable materials, our toddler soccer shirts are not just apparel, but cherished keepsakes that celebrate the joy of the game.&quot;}\" data-sheets-userformat=\"{&quot;2&quot;:897,&quot;3&quot;:{&quot;1&quot;:0},&quot;10&quot;:1,&quot;11&quot;:3,&quot;12&quot;:0}\">Girl&#8217;s Soccer Shirt: Introduce your little one to the excitement of the game with our custom-designed soccer shirts. Crafted with soft, breathable fabrics, these shirts are perfect for keeping them comfortable during playtime or cheering from the sidelines. Available in a range of sizes and styles for boys and girls, our toddler shirts ensure the perfect fit for every pint-sized soccer fan. What sets our shirts apart is the personal touch &#8211; we hand draw your child&#8217;s photo to create unique artwork that captures their budding passion for soccer. With vibrant colors and durable materials, our toddler soccer shirts are not just apparel, but cherished keepsakes that celebrate the joy of the game. <\/span><\/p>","protected":false},"excerpt":{"rendered":"<p>Start young with a Girl&#8217;s Soccer Shirt. Personalized Tees turn any photo into a fun, one-of-a-kind soccer t-shirt.<\/p>","protected":false},"featured_media":143137,"comment_status":"open","ping_status":"closed","template":"","meta":{"_acf_changed":false},"product_brand":[],"product_cat":[6193,1832,6383,6412,6428],"product_tag":[6433,6439,6221],"class_list":{"0":"post-31222","1":"product","2":"type-product","3":"status-publish","4":"has-post-thumbnail","6":"product_cat-girls-t-shirts","7":"product_cat-custom-gifts-artistic-soccer","8":"product_cat-personalized-items","9":"product_cat-photo-to-tees","10":"product_cat-translate-products","11":"product_tag-ai-artwork","12":"product_tag-ai-kids-artwork","13":"product_tag-custom-t-shirts-near-me","15":"first","16":"instock","17":"taxable","18":"shipping-taxable","19":"purchasable","20":"product-type-simple"},"acf":[],"wcpa_form_fields":null,"_links":{"self":[{"href":"https:\/\/www.customywear.com\/hu\/wp-json\/wp\/v2\/product\/31222","targetHints":{"allow":["GET"]}}],"collection":[{"href":"https:\/\/www.customywear.com\/hu\/wp-json\/wp\/v2\/product"}],"about":[{"href":"https:\/\/www.customywear.com\/hu\/wp-json\/wp\/v2\/types\/product"}],"replies":[{"embeddable":true,"href":"https:\/\/www.customywear.com\/hu\/wp-json\/wp\/v2\/comments?post=31222"}],"wp:featuredmedia":[{"embeddable":true,"href":"https:\/\/www.customywear.com\/hu\/wp-json\/wp\/v2\/media\/143137"}],"wp:attachment":[{"href":"https:\/\/www.customywear.com\/hu\/wp-json\/wp\/v2\/media?parent=31222"}],"wp:term":[{"taxonomy":"product_brand","embeddable":true,"href":"https:\/\/www.customywear.com\/hu\/wp-json\/wp\/v2\/product_brand?post=31222"},{"taxonomy":"product_cat","embeddable":true,"href":"https:\/\/www.customywear.com\/hu\/wp-json\/wp\/v2\/product_cat?post=31222"},{"taxonomy":"product_tag","embeddable":true,"href":"https:\/\/www.customywear.com\/hu\/wp-json\/wp\/v2\/product_tag?post=31222"}],"curies":[{"name":"wp","href":"https:\/\/api.w.org\/{rel}","templated":true}]}}