{"id":31498,"date":"2024-04-10T00:05:50","date_gmt":"2024-04-10T00:05:50","guid":{"rendered":"https:\/\/www.customywear.com\/?post_type=product&#038;p=31498"},"modified":"2026-05-07T15:29:47","modified_gmt":"2026-05-07T15:29:47","slug":"golf-ing-gyerekeknek","status":"publish","type":"product","link":"https:\/\/www.customywear.com\/hu\/golf-shirt-for-kids\/","title":{"rendered":"Golfp\u00f3l\u00f3 gyerekeknek \u2013 Szem\u00e9lyre szabott p\u00f3l\u00f3k fiatal golfoz\u00f3knak"},"content":{"rendered":"<p><span data-sheets-root=\"1\" data-sheets-value=\"{&quot;1&quot;:2,&quot;2&quot;:&quot;Golf Shirt for Kids - Get your young ones ready for a day on the links with our custom golf shirts for kids! Available for boys, girls, and toddlers, these shirts are designed to provide comfort and style while they learn the game. Each shirt features unique artwork hand-drawn from customer photos, ensuring your child stands out on the course with personalized designs that reflect their love for golf.&quot;}\" data-sheets-userformat=\"{&quot;2&quot;:897,&quot;3&quot;:{&quot;1&quot;:0},&quot;10&quot;:1,&quot;11&quot;:3,&quot;12&quot;:0}\">Golfp\u00f3l\u00f3 gyerekeknek \u2013 K\u00e9sz\u00edtsd fel gyermekeidet egy napra a p\u00e1ly\u00e1n egyedi golfp\u00f3l\u00f3inkkal! Fi\u00fak, l\u00e1nyok \u00e9s kisgyermekek sz\u00e1m\u00e1ra is kaphat\u00f3k, ezek a p\u00f3l\u00f3k k\u00e9nyelmet \u00e9s st\u00edlust biztos\u00edtanak, mik\u00f6zben tanulj\u00e1k a j\u00e1t\u00e9kot. Minden p\u00f3l\u00f3 egyedi, k\u00e9zzel rajzolt grafik\u00e1val rendelkezik, amely t\u00fckr\u00f6zi a golf ir\u00e1nti szeretet\u00e9t, \u00edgy gyermeked kit\u0171nik a p\u00e1ly\u00e1n a golf ir\u00e1nti szeretet\u00e9t t\u00fckr\u00f6z\u0151, szem\u00e9lyre szabott diz\u00e1jnnal.<\/span><\/p>","protected":false},"excerpt":{"rendered":"<p>St\u00edlusosan hint\u00e1zzon golfinggel gyerekeknek. A fiatal golfoz\u00f3k szem\u00e9lyre szabott p\u00f3l\u00f3i minden f\u00e9nyk\u00e9pet sz\u00f3rakoztat\u00f3, sportos p\u00f3l\u00f3v\u00e1 alak\u00edtanak \u00e1t.<\/p>","protected":false},"featured_media":142782,"comment_status":"open","ping_status":"closed","template":"","meta":{"_acf_changed":false},"product_brand":[],"product_cat":[6189,933,6412,6428],"product_tag":[6433,6439,6221],"class_list":{"0":"post-31498","1":"product","2":"type-product","3":"status-publish","4":"has-post-thumbnail","6":"product_cat-boys-t-shirts","7":"product_cat-custom-gifts-golf-players","8":"product_cat-photo-to-tees","9":"product_cat-translate-products","10":"product_tag-ai-artwork","11":"product_tag-ai-kids-artwork","12":"product_tag-custom-t-shirts-near-me","14":"first","15":"instock","16":"taxable","17":"shipping-taxable","18":"purchasable","19":"product-type-simple"},"acf":[],"wcpa_form_fields":null,"_links":{"self":[{"href":"https:\/\/www.customywear.com\/hu\/wp-json\/wp\/v2\/product\/31498","targetHints":{"allow":["GET"]}}],"collection":[{"href":"https:\/\/www.customywear.com\/hu\/wp-json\/wp\/v2\/product"}],"about":[{"href":"https:\/\/www.customywear.com\/hu\/wp-json\/wp\/v2\/types\/product"}],"replies":[{"embeddable":true,"href":"https:\/\/www.customywear.com\/hu\/wp-json\/wp\/v2\/comments?post=31498"}],"wp:featuredmedia":[{"embeddable":true,"href":"https:\/\/www.customywear.com\/hu\/wp-json\/wp\/v2\/media\/142782"}],"wp:attachment":[{"href":"https:\/\/www.customywear.com\/hu\/wp-json\/wp\/v2\/media?parent=31498"}],"wp:term":[{"taxonomy":"product_brand","embeddable":true,"href":"https:\/\/www.customywear.com\/hu\/wp-json\/wp\/v2\/product_brand?post=31498"},{"taxonomy":"product_cat","embeddable":true,"href":"https:\/\/www.customywear.com\/hu\/wp-json\/wp\/v2\/product_cat?post=31498"},{"taxonomy":"product_tag","embeddable":true,"href":"https:\/\/www.customywear.com\/hu\/wp-json\/wp\/v2\/product_tag?post=31498"}],"curies":[{"name":"wp","href":"https:\/\/api.w.org\/{rel}","templated":true}]}}