{"id":34035,"date":"2024-04-15T14:12:21","date_gmt":"2024-04-15T14:12:21","guid":{"rendered":"https:\/\/www.customywear.com\/?post_type=product&#038;p=34035"},"modified":"2026-05-07T15:29:46","modified_gmt":"2026-05-07T15:29:46","slug":"szuperhos-toddler-polo","status":"publish","type":"product","link":"https:\/\/www.customywear.com\/hu\/superhero-toddler-shirt\/","title":{"rendered":"Superhero Toddler Girl Shirt &#8211; Personalized Tee for toddler girl and children"},"content":{"rendered":"<p><span data-sheets-root=\"1\" data-sheets-value=\"{&quot;1&quot;:2,&quot;2&quot;:&quot;Superhero Toddler Shirt: Turn your little one into a superhero with our custom-designed t-shirts. Hand-drawn from their photo, our unique artwork adorns comfortable tees suitable for toddlers, boys, and girls. Let them embrace their inner hero with our personalized superhero tees, crafted with love and creativity!&quot;}\" data-sheets-userformat=\"{&quot;2&quot;:897,&quot;3&quot;:{&quot;1&quot;:0},&quot;10&quot;:1,&quot;11&quot;:3,&quot;12&quot;:0}\">Szuperh\u0151s kisgyermek p\u00f3l\u00f3: V\u00e1ltoztasd szuperh\u0151ss\u00e9 a kicsidet egyedi tervez\u00e9s\u0171 p\u00f3l\u00f3inkkal. A fot\u00f3jukr\u00f3l k\u00e9zzel rajzolt, egyedi grafika d\u00edsz\u00edti a k\u00e9nyelmes p\u00f3l\u00f3kat, amelyek kisgyermekek, fi\u00fak \u00e9s l\u00e1nyok sz\u00e1m\u00e1ra egyar\u00e1nt alkalmasak. Hadd \u00f6lelj\u00e9k fel a benn\u00fck rejl\u0151 h\u0151st szem\u00e9lyre szabott szuperh\u0151s p\u00f3l\u00f3inkkal, amelyeket szeretettel \u00e9s kreativit\u00e1ssal k\u00e9sz\u00edtett\u00fcnk!<\/span><\/p>","protected":false},"excerpt":{"rendered":"<p>Kezdje kicsiben egy szuperh\u0151s kisgyermek inggel. A szem\u00e9lyre szabott p\u00f3l\u00f3k minden fot\u00f3t sz\u00f3rakoztat\u00f3, egyedi p\u00f3l\u00f3v\u00e1 alak\u00edtanak \u00e1t.<\/p>","protected":false},"featured_media":142455,"comment_status":"open","ping_status":"closed","template":"","meta":{"_acf_changed":false},"product_brand":[],"product_cat":[6207,496,1621,6412,6428],"product_tag":[6433,6439,6221],"class_list":{"0":"post-34035","1":"product","2":"type-product","3":"status-publish","4":"has-post-thumbnail","6":"product_cat-toddler-girl-t-shirts","7":"product_cat-birthday","8":"product_cat-custom-gifts-original-superhero","9":"product_cat-photo-to-tees","10":"product_cat-translate-products","11":"product_tag-ai-artwork","12":"product_tag-ai-kids-artwork","13":"product_tag-custom-t-shirts-near-me","15":"first","16":"instock","17":"taxable","18":"shipping-taxable","19":"purchasable","20":"product-type-simple"},"acf":[],"wcpa_form_fields":null,"_links":{"self":[{"href":"https:\/\/www.customywear.com\/hu\/wp-json\/wp\/v2\/product\/34035","targetHints":{"allow":["GET"]}}],"collection":[{"href":"https:\/\/www.customywear.com\/hu\/wp-json\/wp\/v2\/product"}],"about":[{"href":"https:\/\/www.customywear.com\/hu\/wp-json\/wp\/v2\/types\/product"}],"replies":[{"embeddable":true,"href":"https:\/\/www.customywear.com\/hu\/wp-json\/wp\/v2\/comments?post=34035"}],"wp:featuredmedia":[{"embeddable":true,"href":"https:\/\/www.customywear.com\/hu\/wp-json\/wp\/v2\/media\/142455"}],"wp:attachment":[{"href":"https:\/\/www.customywear.com\/hu\/wp-json\/wp\/v2\/media?parent=34035"}],"wp:term":[{"taxonomy":"product_brand","embeddable":true,"href":"https:\/\/www.customywear.com\/hu\/wp-json\/wp\/v2\/product_brand?post=34035"},{"taxonomy":"product_cat","embeddable":true,"href":"https:\/\/www.customywear.com\/hu\/wp-json\/wp\/v2\/product_cat?post=34035"},{"taxonomy":"product_tag","embeddable":true,"href":"https:\/\/www.customywear.com\/hu\/wp-json\/wp\/v2\/product_tag?post=34035"}],"curies":[{"name":"wp","href":"https:\/\/api.w.org\/{rel}","templated":true}]}}