{"id":34275,"date":"2024-04-23T06:34:27","date_gmt":"2024-04-23T06:34:27","guid":{"rendered":"https:\/\/www.customywear.com\/?post_type=product&#038;p=34275"},"modified":"2026-05-05T20:24:07","modified_gmt":"2026-05-05T20:24:07","slug":"klasszikus-szorfpolok","status":"publish","type":"product","link":"https:\/\/www.customywear.com\/hu\/classic-surf-shirts\/","title":{"rendered":"Klasszikus sz\u00f6rfp\u00f3l\u00f3k \u2013 Sz\u00f6rf\u00f6zz a hull\u00e1mokon egyedi p\u00f3l\u00f3kkal"},"content":{"rendered":"<p><span data-sheets-root=\"1\" data-sheets-value=\"{&quot;1&quot;:2,&quot;2&quot;:&quot;Classic Surf Shirts: Dive into nostalgia with our custom classic surf tees! We'll transform your photo into a retro-inspired surfing scene, capturing the essence of old-school surf culture right on your shirt. Whether you're hitting the beach or chilling with friends, stand out with our classic surf shirts.&quot;}\" data-sheets-userformat=\"{&quot;2&quot;:897,&quot;3&quot;:{&quot;1&quot;:0},&quot;10&quot;:1,&quot;11&quot;:3,&quot;12&quot;:0}\">Klasszikus sz\u00f6rfp\u00f3l\u00f3k: Mer\u00fclj el a nosztalgi\u00e1ban egyedi, klasszikus sz\u00f6rfp\u00f3l\u00f3inkkal! Fot\u00f3dat retr\u00f3 ihlet\u00e9s\u0171 sz\u00f6rfjelenetekk\u00e9 var\u00e1zsoljuk, meg\u00f6r\u00f6k\u00edtve a r\u00e9gi v\u00e1g\u00e1s\u00fa sz\u00f6rfkult\u00fara l\u00e9nyeg\u00e9t k\u00f6zvetlen\u00fcl az ingeden. Ak\u00e1r a strandon vagy, ak\u00e1r a bar\u00e1taiddal laz\u00edtasz, t\u0171nj ki a t\u00f6megb\u0151l klasszikus sz\u00f6rfp\u00f3l\u00f3inkkal.<\/span><\/p>","protected":false},"excerpt":{"rendered":"<p>Klasszikus sz\u00f6rf\u00f6s ingekkel elkapja a hull\u00e1mokat. Az egyedi p\u00f3l\u00f3k minden f\u00e9nyk\u00e9pet mer\u00e9sz, strand ihlet\u00e9s\u0171 p\u00f3l\u00f3v\u00e1 var\u00e1zsolnak.<\/p>","protected":false},"featured_media":143144,"comment_status":"open","ping_status":"closed","template":"","meta":{"_acf_changed":false},"product_brand":[],"product_cat":[6195,1189,6348,6412,307,6428],"product_tag":[6433,6216,6219,6220],"class_list":{"0":"post-34275","1":"product","2":"type-product","3":"status-publish","4":"has-post-thumbnail","6":"product_cat-t-shirts-men","7":"product_cat-custom-gifts-surfing","8":"product_cat-mens-summer-t-shirts","9":"product_cat-photo-to-tees","10":"product_cat-summer","11":"product_cat-translate-products","12":"product_tag-ai-artwork","13":"product_tag-mens-custom-t-shirts","14":"product_tag-order-custom-shirts","15":"product_tag-t-shirt-printing-near-me","17":"first","18":"instock","19":"taxable","20":"shipping-taxable","21":"purchasable","22":"product-type-simple"},"acf":[],"wcpa_form_fields":null,"_links":{"self":[{"href":"https:\/\/www.customywear.com\/hu\/wp-json\/wp\/v2\/product\/34275","targetHints":{"allow":["GET"]}}],"collection":[{"href":"https:\/\/www.customywear.com\/hu\/wp-json\/wp\/v2\/product"}],"about":[{"href":"https:\/\/www.customywear.com\/hu\/wp-json\/wp\/v2\/types\/product"}],"replies":[{"embeddable":true,"href":"https:\/\/www.customywear.com\/hu\/wp-json\/wp\/v2\/comments?post=34275"}],"wp:featuredmedia":[{"embeddable":true,"href":"https:\/\/www.customywear.com\/hu\/wp-json\/wp\/v2\/media\/143144"}],"wp:attachment":[{"href":"https:\/\/www.customywear.com\/hu\/wp-json\/wp\/v2\/media?parent=34275"}],"wp:term":[{"taxonomy":"product_brand","embeddable":true,"href":"https:\/\/www.customywear.com\/hu\/wp-json\/wp\/v2\/product_brand?post=34275"},{"taxonomy":"product_cat","embeddable":true,"href":"https:\/\/www.customywear.com\/hu\/wp-json\/wp\/v2\/product_cat?post=34275"},{"taxonomy":"product_tag","embeddable":true,"href":"https:\/\/www.customywear.com\/hu\/wp-json\/wp\/v2\/product_tag?post=34275"}],"curies":[{"name":"wp","href":"https:\/\/api.w.org\/{rel}","templated":true}]}}