{"id":34403,"date":"2024-04-23T17:54:19","date_gmt":"2024-04-23T17:54:19","guid":{"rendered":"https:\/\/www.customywear.com\/?post_type=product&#038;p=34403"},"modified":"2026-05-05T20:23:27","modified_gmt":"2026-05-05T20:23:27","slug":"szorf-bolt-polok","status":"publish","type":"product","link":"https:\/\/www.customywear.com\/hu\/surf-shop-tees\/","title":{"rendered":"Surf Shop p\u00f3l\u00f3k \u2013 Szem\u00e9lyre szabott tengerparti hangulat"},"content":{"rendered":"<p><span data-sheets-root=\"1\" data-sheets-value=\"{&quot;1&quot;:2,&quot;2&quot;:&quot;Surf Shop Tees: Dive into the surf culture with our custom-designed t-shirts! Featuring vibrant graphics of your own surfing adventures, these tees offer both style and comfort for the beach enthusiast. Embrace your love for the ocean and express your unique personality with our personalized surf shop tees.&quot;}\" data-sheets-userformat=\"{&quot;2&quot;:897,&quot;3&quot;:{&quot;1&quot;:0},&quot;10&quot;:1,&quot;11&quot;:3,&quot;12&quot;:0}\">Surf Shop p\u00f3l\u00f3k: Mer\u00fclj el a sz\u00f6rfkult\u00far\u00e1ban egyedi tervez\u00e9s\u0171 p\u00f3l\u00f3inkkal! Saj\u00e1t sz\u00f6rfkalandjaid \u00e9l\u00e9nk grafik\u00e1ival ezek a p\u00f3l\u00f3k st\u00edlust \u00e9s k\u00e9nyelmet egyar\u00e1nt k\u00edn\u00e1lnak a strandrajong\u00f3knak. \u00d6leld \u00e1t az \u00f3ce\u00e1n ir\u00e1nti szeretetedet, \u00e9s fejezd ki egyedi szem\u00e9lyis\u00e9gedet szem\u00e9lyre szabott surf shop p\u00f3l\u00f3inkkal.<\/span><\/p>","protected":false},"excerpt":{"rendered":"<p>Vigyen mag\u00e1val strand hangulatot sz\u00f6rfbolt p\u00f3l\u00f3kkal. A szem\u00e9lyre szabott p\u00f3l\u00f3k minden fot\u00f3t sz\u00f3rakoztat\u00f3, egyedi sz\u00f6rfruh\u00e1zatt\u00e1 var\u00e1zsolnak.<\/p>","protected":false},"featured_media":143151,"comment_status":"open","ping_status":"closed","template":"","meta":{"_acf_changed":false},"product_brand":[],"product_cat":[6191,1189,6412,307,6428,6356],"product_tag":[6214,6433,229,6215],"class_list":{"0":"post-34403","1":"product","2":"type-product","3":"status-publish","4":"has-post-thumbnail","6":"product_cat-t-shirts-women","7":"product_cat-custom-gifts-surfing","8":"product_cat-photo-to-tees","9":"product_cat-summer","10":"product_cat-translate-products","11":"product_cat-womens-summer-t-shirts","12":"product_tag-affordable-custom-t-shirts","13":"product_tag-ai-artwork","14":"product_tag-custom-tee-shirts","15":"product_tag-screen-printing-near-me","17":"first","18":"instock","19":"taxable","20":"shipping-taxable","21":"purchasable","22":"product-type-simple"},"acf":[],"wcpa_form_fields":null,"_links":{"self":[{"href":"https:\/\/www.customywear.com\/hu\/wp-json\/wp\/v2\/product\/34403","targetHints":{"allow":["GET"]}}],"collection":[{"href":"https:\/\/www.customywear.com\/hu\/wp-json\/wp\/v2\/product"}],"about":[{"href":"https:\/\/www.customywear.com\/hu\/wp-json\/wp\/v2\/types\/product"}],"replies":[{"embeddable":true,"href":"https:\/\/www.customywear.com\/hu\/wp-json\/wp\/v2\/comments?post=34403"}],"wp:featuredmedia":[{"embeddable":true,"href":"https:\/\/www.customywear.com\/hu\/wp-json\/wp\/v2\/media\/143151"}],"wp:attachment":[{"href":"https:\/\/www.customywear.com\/hu\/wp-json\/wp\/v2\/media?parent=34403"}],"wp:term":[{"taxonomy":"product_brand","embeddable":true,"href":"https:\/\/www.customywear.com\/hu\/wp-json\/wp\/v2\/product_brand?post=34403"},{"taxonomy":"product_cat","embeddable":true,"href":"https:\/\/www.customywear.com\/hu\/wp-json\/wp\/v2\/product_cat?post=34403"},{"taxonomy":"product_tag","embeddable":true,"href":"https:\/\/www.customywear.com\/hu\/wp-json\/wp\/v2\/product_tag?post=34403"}],"curies":[{"name":"wp","href":"https:\/\/api.w.org\/{rel}","templated":true}]}}