{"id":34427,"date":"2024-04-24T02:41:11","date_gmt":"2024-04-24T02:41:11","guid":{"rendered":"https:\/\/www.customywear.com\/?post_type=product&#038;p=34427"},"modified":"2026-05-07T15:29:46","modified_gmt":"2026-05-07T15:29:46","slug":"surf-polo-toddlernek","status":"publish","type":"product","link":"https:\/\/www.customywear.com\/hu\/surfing-t-shirt-for-toddler\/","title":{"rendered":"Sz\u00f6rf\u00f6s p\u00f3l\u00f3 kisgyermekeknek"},"content":{"rendered":"<p><span data-sheets-root=\"1\" data-sheets-value=\"{&quot;1&quot;:2,&quot;2&quot;:&quot;Surfing T-Shirt for Toddler: Introduce your little one to the world of surfing with our custom-designed toddler shirts! Featuring vibrant graphics of their own surfing adventures, these tees offer both style and comfort for young beach enthusiasts. Embrace their love for the ocean and keep them looking cool in the waves with our personalized surfing t-shirt for toddlers.&quot;}\" data-sheets-userformat=\"{&quot;2&quot;:897,&quot;3&quot;:{&quot;1&quot;:0},&quot;10&quot;:1,&quot;11&quot;:3,&quot;12&quot;:0}\">Sz\u00f6rf\u00f6s p\u00f3l\u00f3 kisgyermekeknek: Vezesd be kicsidet a sz\u00f6rf\u00f6z\u00e9s vil\u00e1g\u00e1ba egyedi tervez\u00e9s\u0171 kisgyermekeknek sz\u00f3l\u00f3 p\u00f3l\u00f3inkkal! \u00c9l\u00e9nk grafik\u00e1kkal d\u00edsz\u00edtett, saj\u00e1t sz\u00f6rf\u00f6s kalandjaikr\u00f3l k\u00e9sz\u00fclt p\u00f3l\u00f3ink \u200b\u200bst\u00edlust \u00e9s k\u00e9nyelmet egyar\u00e1nt k\u00edn\u00e1lnak a fiatal strandrajong\u00f3k sz\u00e1m\u00e1ra. \u00d6leld meg az \u00f3ce\u00e1n ir\u00e1nti szeretet\u00fcket, \u00e9s tartsd \u0151ket men\u0151n a hull\u00e1mokon szem\u00e9lyre szabott sz\u00f6rf\u00f6s p\u00f3l\u00f3nkkal.<\/span><\/p>","protected":false},"excerpt":{"rendered":"<p>B\u00f6ng\u00e9sszen kor\u00e1n egy sz\u00f6rf\u00f6s p\u00f3l\u00f3val kisgyermekeknek. A szem\u00e9lyre szabott p\u00f3l\u00f3k minden f\u00e9nyk\u00e9pet sz\u00f3rakoztat\u00f3, egyed\u00fcl\u00e1ll\u00f3 mini Surf p\u00f3l\u00f3v\u00e1 var\u00e1zsolnak.<\/p>","protected":false},"featured_media":143172,"comment_status":"open","ping_status":"closed","template":"","meta":{"_acf_changed":false},"product_brand":[],"product_cat":[6207,1189,6412,307,6428],"product_tag":[6433,6439,6221],"class_list":{"0":"post-34427","1":"product","2":"type-product","3":"status-publish","4":"has-post-thumbnail","6":"product_cat-toddler-girl-t-shirts","7":"product_cat-custom-gifts-surfing","8":"product_cat-photo-to-tees","9":"product_cat-summer","10":"product_cat-translate-products","11":"product_tag-ai-artwork","12":"product_tag-ai-kids-artwork","13":"product_tag-custom-t-shirts-near-me","15":"first","16":"instock","17":"taxable","18":"shipping-taxable","19":"purchasable","20":"product-type-simple"},"acf":[],"wcpa_form_fields":null,"_links":{"self":[{"href":"https:\/\/www.customywear.com\/hu\/wp-json\/wp\/v2\/product\/34427","targetHints":{"allow":["GET"]}}],"collection":[{"href":"https:\/\/www.customywear.com\/hu\/wp-json\/wp\/v2\/product"}],"about":[{"href":"https:\/\/www.customywear.com\/hu\/wp-json\/wp\/v2\/types\/product"}],"replies":[{"embeddable":true,"href":"https:\/\/www.customywear.com\/hu\/wp-json\/wp\/v2\/comments?post=34427"}],"wp:featuredmedia":[{"embeddable":true,"href":"https:\/\/www.customywear.com\/hu\/wp-json\/wp\/v2\/media\/143172"}],"wp:attachment":[{"href":"https:\/\/www.customywear.com\/hu\/wp-json\/wp\/v2\/media?parent=34427"}],"wp:term":[{"taxonomy":"product_brand","embeddable":true,"href":"https:\/\/www.customywear.com\/hu\/wp-json\/wp\/v2\/product_brand?post=34427"},{"taxonomy":"product_cat","embeddable":true,"href":"https:\/\/www.customywear.com\/hu\/wp-json\/wp\/v2\/product_cat?post=34427"},{"taxonomy":"product_tag","embeddable":true,"href":"https:\/\/www.customywear.com\/hu\/wp-json\/wp\/v2\/product_tag?post=34427"}],"curies":[{"name":"wp","href":"https:\/\/api.w.org\/{rel}","templated":true}]}}