{"id":34997,"date":"2024-05-01T13:32:49","date_gmt":"2024-05-01T13:32:49","guid":{"rendered":"https:\/\/www.customywear.com\/?post_type=product&#038;p=34997"},"modified":"2026-05-07T15:29:46","modified_gmt":"2026-05-07T15:29:46","slug":"ovodai-ballagasi-polok","status":"publish","type":"product","link":"https:\/\/www.customywear.com\/hu\/kindergarten-graduation-t-shirts\/","title":{"rendered":"\u00d3vodai ballag\u00e1si p\u00f3l\u00f3 \u2013 Rendel\u00e9sre k\u00e9sz\u00fclt p\u00f3l\u00f3"},"content":{"rendered":"<p>Ehhez az egyedi ballag\u00e1si p\u00f3l\u00f3hoz digit\u00e1lisan, k\u00e9zzel rajzoljuk meg a fot\u00f3dat, hogy egyedi karaktert alkossunk egy ballag\u00e1si \u00f6lt\u00f6z\u00e9kben. Puha, 100% pamutb\u00f3l k\u00e9sz\u00fclt p\u00f3l\u00f3ink \u200b\u200bk\u00e9nyelmesek \u00e9s gyeng\u00e9dek a b\u0151r\u00f6dh\u00f6z. Pr\u00e9mium min\u0151s\u00e9g\u0171 \u00e9s kiv\u00e1l\u00f3 min\u0151s\u00e9g\u0171 DTG nyomtat\u00e1ssal a diz\u00e1jn \u00e9l\u00e9nk \u00e9s tart\u00f3s lesz. Norm\u00e1l szab\u00e1sunk t\u00f6k\u00e9letes mindennapi viseletre, \u00e9s mivel uniszex, mindenkinek illik! Minden diz\u00e1jn szak\u00e9rt\u0151 k\u00e9zzel rajzolt, \u00edgy biztos\u00edtva, hogy a ti\u00e9d szem\u00e9lyre szabott \u00e9s egyedi legyen. Rendelj m\u00e9g ma, hogy st\u00edlusosan \u00fcnnepelhesd meg az eredm\u00e9nyeidet!<\/p>","protected":false},"excerpt":{"rendered":"<p>\u00dcnnepelje a korai tanul\u00f3kat \u00f3vodai \u00e9retts\u00e9gi p\u00f3l\u00f3kkal. A rendel\u00e9sre k\u00e9sz\u00fclt p\u00f3l\u00f3k minden f\u00e9nyk\u00e9pet j\u00e1t\u00e9kos, egyedi ingg\u00e9 var\u00e1zsolnak.<\/p>","protected":false},"featured_media":142823,"comment_status":"open","ping_status":"closed","template":"","meta":{"_acf_changed":false},"product_brand":[],"product_cat":[6193,2090,6412,6428],"product_tag":[6433,6439,6221],"class_list":{"0":"post-34997","1":"product","2":"type-product","3":"status-publish","4":"has-post-thumbnail","6":"product_cat-girls-t-shirts","7":"product_cat-custom-gifts-graduation","8":"product_cat-photo-to-tees","9":"product_cat-translate-products","10":"product_tag-ai-artwork","11":"product_tag-ai-kids-artwork","12":"product_tag-custom-t-shirts-near-me","14":"first","15":"instock","16":"taxable","17":"shipping-taxable","18":"purchasable","19":"product-type-simple"},"acf":[],"wcpa_form_fields":null,"_links":{"self":[{"href":"https:\/\/www.customywear.com\/hu\/wp-json\/wp\/v2\/product\/34997","targetHints":{"allow":["GET"]}}],"collection":[{"href":"https:\/\/www.customywear.com\/hu\/wp-json\/wp\/v2\/product"}],"about":[{"href":"https:\/\/www.customywear.com\/hu\/wp-json\/wp\/v2\/types\/product"}],"replies":[{"embeddable":true,"href":"https:\/\/www.customywear.com\/hu\/wp-json\/wp\/v2\/comments?post=34997"}],"wp:featuredmedia":[{"embeddable":true,"href":"https:\/\/www.customywear.com\/hu\/wp-json\/wp\/v2\/media\/142823"}],"wp:attachment":[{"href":"https:\/\/www.customywear.com\/hu\/wp-json\/wp\/v2\/media?parent=34997"}],"wp:term":[{"taxonomy":"product_brand","embeddable":true,"href":"https:\/\/www.customywear.com\/hu\/wp-json\/wp\/v2\/product_brand?post=34997"},{"taxonomy":"product_cat","embeddable":true,"href":"https:\/\/www.customywear.com\/hu\/wp-json\/wp\/v2\/product_cat?post=34997"},{"taxonomy":"product_tag","embeddable":true,"href":"https:\/\/www.customywear.com\/hu\/wp-json\/wp\/v2\/product_tag?post=34997"}],"curies":[{"name":"wp","href":"https:\/\/api.w.org\/{rel}","templated":true}]}}