{"id":35561,"date":"2024-05-04T09:15:11","date_gmt":"2024-05-04T09:15:11","guid":{"rendered":"https:\/\/www.customywear.com\/?post_type=product&#038;p=35561"},"modified":"2026-05-07T15:29:46","modified_gmt":"2026-05-07T15:29:46","slug":"boys-shirts-custom-graphic-shirt-2","status":"publish","type":"product","link":"https:\/\/www.customywear.com\/hu\/boys-shirts-custom-graphic-shirt-2\/","title":{"rendered":"Boys Hiking Shirts &#8211; Custom adventure Graphic tee for kids"},"content":{"rendered":"<p>Szerezd meg szem\u00e9lyre szabott t\u00farap\u00f3l\u00f3dat m\u00e9g ma! Digit\u00e1lisan, k\u00e9zzel rajzoljuk meg a fot\u00f3dat, egy egyedi t\u00far\u00e1z\u00f3 karaktert alkotva, amint megh\u00f3d\u00edtja a hegycs\u00facsot. Puha, 100% pamutb\u00f3l k\u00e9sz\u00fclt p\u00f3l\u00f3ink \u200b\u200bk\u00e9nyelmet \u00e9s gyeng\u00e9ds\u00e9get biztos\u00edtanak a b\u0151r\u00f6dnek. Pr\u00e9mium min\u0151s\u00e9g\u0171 \u00e9s kiv\u00e1l\u00f3 min\u0151s\u00e9g\u0171 DTG nyomtat\u00e1ssal a diz\u00e1jn \u00e9l\u00e9nk \u00e9s tart\u00f3s marad. Norm\u00e1l szab\u00e1sunk, amely mindennapi viseletre alkalmas, unisex, \u00edgy mindenkinek illik! Minden diz\u00e1jn szak\u00e9rt\u0151 k\u00e9zzel rajzolt, \u00edgy a ti\u00e9d szem\u00e9lyre szabott \u00e9s egyedi. Rendeld meg most aj\u00e1nd\u00e9kba magadnak vagy b\u00e1rmelyik t\u00far\u00e1z\u00e1srajong\u00f3nak az \u00e9letedben!<\/p>","protected":false},"excerpt":{"rendered":"<p>Express st\u00edlus fi\u00fa ingekkel. Az egyedi grafikus ingek minden f\u00e9nyk\u00e9pet mer\u00e9sz, egyedi p\u00f3l\u00f3v\u00e1 alak\u00edtanak \u00e1t.<\/p>","protected":false},"featured_media":142844,"comment_status":"open","ping_status":"closed","template":"","meta":{"_acf_changed":false},"product_brand":[],"product_cat":[6189,558,6412,6428],"product_tag":[6433,6439,6221],"class_list":{"0":"post-35561","1":"product","2":"type-product","3":"status-publish","4":"has-post-thumbnail","6":"product_cat-boys-t-shirts","7":"product_cat-custom-gifts-hiking","8":"product_cat-photo-to-tees","9":"product_cat-translate-products","10":"product_tag-ai-artwork","11":"product_tag-ai-kids-artwork","12":"product_tag-custom-t-shirts-near-me","14":"first","15":"instock","16":"taxable","17":"shipping-taxable","18":"purchasable","19":"product-type-simple"},"acf":[],"wcpa_form_fields":null,"_links":{"self":[{"href":"https:\/\/www.customywear.com\/hu\/wp-json\/wp\/v2\/product\/35561","targetHints":{"allow":["GET"]}}],"collection":[{"href":"https:\/\/www.customywear.com\/hu\/wp-json\/wp\/v2\/product"}],"about":[{"href":"https:\/\/www.customywear.com\/hu\/wp-json\/wp\/v2\/types\/product"}],"replies":[{"embeddable":true,"href":"https:\/\/www.customywear.com\/hu\/wp-json\/wp\/v2\/comments?post=35561"}],"wp:featuredmedia":[{"embeddable":true,"href":"https:\/\/www.customywear.com\/hu\/wp-json\/wp\/v2\/media\/142844"}],"wp:attachment":[{"href":"https:\/\/www.customywear.com\/hu\/wp-json\/wp\/v2\/media?parent=35561"}],"wp:term":[{"taxonomy":"product_brand","embeddable":true,"href":"https:\/\/www.customywear.com\/hu\/wp-json\/wp\/v2\/product_brand?post=35561"},{"taxonomy":"product_cat","embeddable":true,"href":"https:\/\/www.customywear.com\/hu\/wp-json\/wp\/v2\/product_cat?post=35561"},{"taxonomy":"product_tag","embeddable":true,"href":"https:\/\/www.customywear.com\/hu\/wp-json\/wp\/v2\/product_tag?post=35561"}],"curies":[{"name":"wp","href":"https:\/\/api.w.org\/{rel}","templated":true}]}}