{"id":37901,"date":"2024-05-24T11:34:54","date_gmt":"2024-05-24T11:34:54","guid":{"rendered":"https:\/\/www.customywear.com\/?post_type=product&#038;p=37901"},"modified":"2026-05-16T11:38:06","modified_gmt":"2026-05-16T11:38:06","slug":"az-o-es-az-o-evfordulos-poloi","status":"publish","type":"product","link":"https:\/\/www.customywear.com\/hu\/his-and-hers-anniversary-t-shirts\/","title":{"rendered":"F\u00e9rfi \u00e9s n\u0151i \u00e9vfordul\u00f3s p\u00f3l\u00f3k \u2013 Egyedi p\u00f3l\u00f3"},"content":{"rendered":"<p>F\u00e9rfi \u00e9s n\u0151i \u00e9vfordul\u00f3s p\u00f3l\u00f3k: \u00dcnnepelje tart\u00f3s szerelm\u00e9t b\u00e1jos f\u00e9rfi \u00e9s n\u0151i \u00e9vfordul\u00f3s p\u00f3l\u00f3inkkal! Szak\u00e9rt\u0151 csapatunk elb\u0171v\u00f6l\u0151 karakterekk\u00e9 alak\u00edtja \u00e1t fot\u00f3it, amelyek a boldog p\u00e1rt \u00e1br\u00e1zolj\u00e1k sikkes \u00f6lt\u00f6z\u00e9kben, \u00fcnnepi dekor\u00e1ci\u00f3 \u00e9s vid\u00e1m hangulat h\u00e1tter\u00e9ben, term\u00e9kfot\u00f3inkra eml\u00e9keztetve. Pr\u00e9mium pamutb\u00f3l k\u00e9sz\u00fclt ingeink k\u00e9nyelmes viseletet biztos\u00edtanak, \u00e9s mos\u00e1sr\u00f3l mos\u00e1sra meg\u0151rzik \u00e9l\u00e9nk diz\u00e1jnjukat. Ak\u00e1r m\u00e9rf\u00f6ldk\u0151 \u00e9vfordul\u00f3kr\u00f3l, ak\u00e1r mindennapi viseletr\u0151l van sz\u00f3, ezek az ingek t\u00f6k\u00e9letes v\u00e1laszt\u00e1st jelentenek a k\u00f6z\u00f6s utaz\u00e1s meg\u00f6r\u00f6k\u00edt\u00e9s\u00e9re. Minden diz\u00e1jnt k\u00e9pzett digit\u00e1lis m\u0171v\u00e9szeink apr\u00f3l\u00e9kosan kidolgoznak, biztos\u00edtva, hogy a f\u00e9rfi \u00e9s n\u0151i \u00e9vfordul\u00f3s p\u00f3l\u00f3i becses eml\u00e9kek maradjanak. Szabja szem\u00e9lyre saj\u00e1t sz\u00f6veg\u00e9vel most a szem\u00e9lyes \u00edzl\u00e9s\u00e9nek megfelel\u0151en!<\/p>","protected":false},"excerpt":{"rendered":"<p>Jel\u00f6lje meg az \u00e9vfordul\u00f3kat az \u0151 \u00e9s az \u0151 \u00e9vfordul\u00f3s p\u00f3l\u00f3ival. Az egyedi p\u00f3l\u00f3k minden f\u00e9nyk\u00e9pet hozz\u00e1ill\u0151, egyedi p\u00f3l\u00f3v\u00e1 var\u00e1zsolnak.<\/p>","protected":false},"featured_media":144013,"comment_status":"open","ping_status":"closed","template":"","meta":{"_acf_changed":false},"product_brand":[],"product_cat":[6197,250,6371,6147,6412,6428],"product_tag":[6440,6329,6218,237,6442],"class_list":{"0":"post-37901","1":"product","2":"type-product","3":"status-publish","4":"has-post-thumbnail","6":"product_cat-t-shirts-couple","7":"product_cat-couple","8":"product_cat-couples-wedding-t-shirts","9":"product_cat-custom-gifts-wedding-rose","10":"product_cat-photo-to-tees","11":"product_cat-translate-products","12":"product_tag-ai-artwork-couple","13":"product_tag-custom-t-shirt-from-selfie-for-couples","14":"product_tag-making-your-own-t-shirts","15":"product_tag-personalized-t-shirts","16":"product_tag-top-artwork","18":"first","19":"instock","20":"taxable","21":"shipping-taxable","22":"purchasable","23":"product-type-simple"},"acf":[],"wcpa_form_fields":null,"_links":{"self":[{"href":"https:\/\/www.customywear.com\/hu\/wp-json\/wp\/v2\/product\/37901","targetHints":{"allow":["GET"]}}],"collection":[{"href":"https:\/\/www.customywear.com\/hu\/wp-json\/wp\/v2\/product"}],"about":[{"href":"https:\/\/www.customywear.com\/hu\/wp-json\/wp\/v2\/types\/product"}],"replies":[{"embeddable":true,"href":"https:\/\/www.customywear.com\/hu\/wp-json\/wp\/v2\/comments?post=37901"}],"wp:featuredmedia":[{"embeddable":true,"href":"https:\/\/www.customywear.com\/hu\/wp-json\/wp\/v2\/media\/144013"}],"wp:attachment":[{"href":"https:\/\/www.customywear.com\/hu\/wp-json\/wp\/v2\/media?parent=37901"}],"wp:term":[{"taxonomy":"product_brand","embeddable":true,"href":"https:\/\/www.customywear.com\/hu\/wp-json\/wp\/v2\/product_brand?post=37901"},{"taxonomy":"product_cat","embeddable":true,"href":"https:\/\/www.customywear.com\/hu\/wp-json\/wp\/v2\/product_cat?post=37901"},{"taxonomy":"product_tag","embeddable":true,"href":"https:\/\/www.customywear.com\/hu\/wp-json\/wp\/v2\/product_tag?post=37901"}],"curies":[{"name":"wp","href":"https:\/\/api.w.org\/{rel}","templated":true}]}}