{"id":38338,"date":"2024-06-01T18:31:09","date_gmt":"2024-06-01T18:31:09","guid":{"rendered":"https:\/\/www.customywear.com\/?post_type=product&#038;p=38338"},"modified":"2026-05-05T20:24:06","modified_gmt":"2026-05-05T20:24:06","slug":"szemelyre-szabott-polo-dj-nek","status":"publish","type":"product","link":"https:\/\/www.customywear.com\/hu\/personalized-t-shirt-for-dj\/","title":{"rendered":"Szem\u00e9lyre szabott p\u00f3l\u00f3t DJ \u2013 Egyedi Hordhat\u00f3 M\u0171v\u00e9szet"},"content":{"rendered":"<p>Szem\u00e9lyre szabott DJ p\u00f3l\u00f3: Emeld st\u00edlusod magasabb szintre egyedi DJ p\u00f3l\u00f3nkkal! Fot\u00f3dat egy vag\u00e1ny DJ karakterr\u00e9 var\u00e1zsoljuk, \u00edgy egyedi \u00e9s figyelmes aj\u00e1nd\u00e9k lehet b\u00e1rmely DJ vagy zenerajong\u00f3 sz\u00e1m\u00e1ra.<\/p>","protected":false},"excerpt":{"rendered":"<p>\u00dcnnepelje a zen\u00e9t szem\u00e9lyre szabott p\u00f3l\u00f3kkal DJ-knek. Az egyedi, hordhat\u00f3 m\u0171v\u00e9szeti p\u00f3l\u00f3k minden f\u00e9nyk\u00e9pet mer\u00e9sz, egyedi p\u00f3l\u00f3v\u00e1 var\u00e1zsolnak.<\/p>","protected":false},"featured_media":142644,"comment_status":"open","ping_status":"closed","template":"","meta":{"_acf_changed":false},"product_brand":[],"product_cat":[6195,3604,3605,186,6322,6412,6428],"product_tag":[6433,6327,6216,6219,6220],"class_list":{"0":"post-38338","1":"product","2":"type-product","3":"status-publish","4":"has-post-thumbnail","6":"product_cat-t-shirts-men","7":"product_cat-custom-gifts-dj-orange","8":"product_cat-dj-t-shirts","9":"product_cat-men","10":"product_cat-mens-dj-t-shirts","11":"product_cat-photo-to-tees","12":"product_cat-translate-products","13":"product_tag-ai-artwork","14":"product_tag-custom-photo-t-shirt-for-men","15":"product_tag-mens-custom-t-shirts","16":"product_tag-order-custom-shirts","17":"product_tag-t-shirt-printing-near-me","19":"first","20":"instock","21":"taxable","22":"shipping-taxable","23":"purchasable","24":"product-type-simple"},"acf":[],"wcpa_form_fields":null,"_links":{"self":[{"href":"https:\/\/www.customywear.com\/hu\/wp-json\/wp\/v2\/product\/38338","targetHints":{"allow":["GET"]}}],"collection":[{"href":"https:\/\/www.customywear.com\/hu\/wp-json\/wp\/v2\/product"}],"about":[{"href":"https:\/\/www.customywear.com\/hu\/wp-json\/wp\/v2\/types\/product"}],"replies":[{"embeddable":true,"href":"https:\/\/www.customywear.com\/hu\/wp-json\/wp\/v2\/comments?post=38338"}],"wp:featuredmedia":[{"embeddable":true,"href":"https:\/\/www.customywear.com\/hu\/wp-json\/wp\/v2\/media\/142644"}],"wp:attachment":[{"href":"https:\/\/www.customywear.com\/hu\/wp-json\/wp\/v2\/media?parent=38338"}],"wp:term":[{"taxonomy":"product_brand","embeddable":true,"href":"https:\/\/www.customywear.com\/hu\/wp-json\/wp\/v2\/product_brand?post=38338"},{"taxonomy":"product_cat","embeddable":true,"href":"https:\/\/www.customywear.com\/hu\/wp-json\/wp\/v2\/product_cat?post=38338"},{"taxonomy":"product_tag","embeddable":true,"href":"https:\/\/www.customywear.com\/hu\/wp-json\/wp\/v2\/product_tag?post=38338"}],"curies":[{"name":"wp","href":"https:\/\/api.w.org\/{rel}","templated":true}]}}