{"id":38925,"date":"2024-06-13T12:38:50","date_gmt":"2024-06-13T12:38:50","guid":{"rendered":"https:\/\/www.customywear.com\/?post_type=product&#038;p=38925"},"modified":"2026-05-16T11:35:27","modified_gmt":"2026-05-16T11:35:27","slug":"testepito-polok-ferfiaknak-egyedi-grafikai-ing","status":"publish","type":"product","link":"https:\/\/www.customywear.com\/hu\/bodybuilding-t-shirts-for-men-custom-graphic-shirt\/","title":{"rendered":"Test\u00e9p\u00edt\u0151 p\u00f3l\u00f3k f\u00e9rfiaknak \u2013 Egyedi grafik\u00e1s p\u00f3l\u00f3k"},"content":{"rendered":"<p>Test\u00e9p\u00edt\u0151 p\u00f3l\u00f3k f\u00e9rfiaknak: \u00dcnnepeld az er\u0151t test\u00e9p\u00edt\u0151 p\u00f3l\u00f3inkkal, melyek puha, 100% pamutb\u00f3l k\u00e9sz\u00fcltek a tart\u00f3s k\u00e9nyelem \u00e9rdek\u00e9ben. Pr\u00e9mium min\u0151s\u00e9g\u0171, kiv\u00e1l\u00f3 min\u0151s\u00e9g\u0171 DTG nyomtat\u00e1ssal ell\u00e1tott, \u00e9l\u00e9nk diz\u00e1jnnal rendelkeznek, amelyek ellen\u00e1llnak a fakul\u00e1snak. A norm\u00e1l szab\u00e1s fi\u00faknak \u00e9s l\u00e1nyoknak egyar\u00e1nt illik, \u00edgy sokoldal\u00fas\u00e1got k\u00edn\u00e1l a ruhat\u00e1radban. Minden p\u00f3l\u00f3 digit\u00e1lis grafik\u00e1t tartalmaz, amelyet a fot\u00f3idb\u00f3l alak\u00edtott\u00e1l \u00e1t, \u00edgy szem\u00e9lyre szabott darabot hozol l\u00e9tre, amely t\u00fckr\u00f6zi a test\u00e9p\u00edt\u00e9s ir\u00e1nti elk\u00f6telezetts\u00e9gedet.<\/p>","protected":false},"excerpt":{"rendered":"<p>Mutasson er\u0151t test\u00e9p\u00edt\u0151 f\u00e9rfi p\u00f3l\u00f3kkal. Az egyedi grafikus ingek minden f\u00e9nyk\u00e9pet mer\u00e9sz, egyedi p\u00f3l\u00f3v\u00e1 alak\u00edtanak \u00e1t.<\/p>","protected":false},"featured_media":135011,"comment_status":"open","ping_status":"closed","template":"","meta":{"_acf_changed":false},"product_brand":[],"product_cat":[6195,157,6149,186,6337,6348,6412,6428],"product_tag":[6433,6165,6216],"class_list":{"0":"post-38925","1":"product","2":"type-product","3":"status-publish","4":"has-post-thumbnail","6":"product_cat-t-shirts-men","7":"product_cat-best-sellers","8":"product_cat-custom-gifts-ai-bodybuilder","9":"product_cat-men","10":"product_cat-mens-gym-t-shirts","11":"product_cat-mens-summer-t-shirts","12":"product_cat-photo-to-tees","13":"product_cat-translate-products","14":"product_tag-ai-artwork","15":"product_tag-custom-gym-tees","16":"product_tag-mens-custom-t-shirts","18":"first","19":"instock","20":"taxable","21":"shipping-taxable","22":"purchasable","23":"product-type-simple"},"acf":[],"wcpa_form_fields":null,"_links":{"self":[{"href":"https:\/\/www.customywear.com\/hu\/wp-json\/wp\/v2\/product\/38925","targetHints":{"allow":["GET"]}}],"collection":[{"href":"https:\/\/www.customywear.com\/hu\/wp-json\/wp\/v2\/product"}],"about":[{"href":"https:\/\/www.customywear.com\/hu\/wp-json\/wp\/v2\/types\/product"}],"replies":[{"embeddable":true,"href":"https:\/\/www.customywear.com\/hu\/wp-json\/wp\/v2\/comments?post=38925"}],"wp:featuredmedia":[{"embeddable":true,"href":"https:\/\/www.customywear.com\/hu\/wp-json\/wp\/v2\/media\/135011"}],"wp:attachment":[{"href":"https:\/\/www.customywear.com\/hu\/wp-json\/wp\/v2\/media?parent=38925"}],"wp:term":[{"taxonomy":"product_brand","embeddable":true,"href":"https:\/\/www.customywear.com\/hu\/wp-json\/wp\/v2\/product_brand?post=38925"},{"taxonomy":"product_cat","embeddable":true,"href":"https:\/\/www.customywear.com\/hu\/wp-json\/wp\/v2\/product_cat?post=38925"},{"taxonomy":"product_tag","embeddable":true,"href":"https:\/\/www.customywear.com\/hu\/wp-json\/wp\/v2\/product_tag?post=38925"}],"curies":[{"name":"wp","href":"https:\/\/api.w.org\/{rel}","templated":true}]}}