{"id":38991,"date":"2024-06-13T13:51:35","date_gmt":"2024-06-13T13:51:35","guid":{"rendered":"https:\/\/www.customywear.com\/?post_type=product&#038;p=38991"},"modified":"2026-05-16T11:39:03","modified_gmt":"2026-05-16T11:39:03","slug":"noi-edzotermi-polok-egyedi-grafikai-ing","status":"publish","type":"product","link":"https:\/\/www.customywear.com\/hu\/gym-t-shirts-for-women-custom-graphic-shirt\/","title":{"rendered":"N\u0151i edz\u0151p\u00f3l\u00f3k \u2013 Egyedi grafik\u00e1s p\u00f3l\u00f3k"},"content":{"rendered":"<p>N\u0151i edz\u0151p\u00f3l\u00f3k: Dobd fel edz\u0151ruh\u00e1dat n\u0151i edz\u0151p\u00f3l\u00f3inkkal, melyek puha, l\u00e9legz\u0151 anyagokb\u00f3l k\u00e9sz\u00fcltek az optim\u00e1lis k\u00e9nyelem \u00e9rdek\u00e9ben. Ezek a p\u00f3l\u00f3k pr\u00e9mium min\u0151s\u00e9g\u00fckkel \u00e9s tart\u00f3s konstrukci\u00f3jukkal fokozz\u00e1k a teljes\u00edtm\u00e9nyedet. St\u00edlusos diz\u00e1jnjukkal \u00e9s \u00e9l\u00e9nk sz\u00edneikkel t\u00f6k\u00e9letesek minden fitneszrajong\u00f3 sz\u00e1m\u00e1ra, aki ki szeretne t\u0171nni az edz\u0151teremben.<\/p>","protected":false},"excerpt":{"rendered":"<p>Edzen st\u00edlusosan edz\u0151termi p\u00f3l\u00f3kkal n\u0151knek. Az egyedi grafikus ingek minden f\u00e9nyk\u00e9pet egyedi fitnesz p\u00f3l\u00f3v\u00e1 var\u00e1zsolnak.<\/p>","protected":false},"featured_media":135028,"comment_status":"open","ping_status":"closed","template":"","meta":{"_acf_changed":false},"product_brand":[],"product_cat":[6191,6149,526,6412,6428,75,6351],"product_tag":[6214,6433,229,6215],"class_list":{"0":"post-38991","1":"product","2":"type-product","3":"status-publish","4":"has-post-thumbnail","6":"product_cat-t-shirts-women","7":"product_cat-custom-gifts-ai-bodybuilder","8":"product_cat-gym-shirts","9":"product_cat-photo-to-tees","10":"product_cat-translate-products","11":"product_cat-women","12":"product_cat-womens-gym-t-shirts","13":"product_tag-affordable-custom-t-shirts","14":"product_tag-ai-artwork","15":"product_tag-custom-tee-shirts","16":"product_tag-screen-printing-near-me","18":"first","19":"instock","20":"taxable","21":"shipping-taxable","22":"purchasable","23":"product-type-simple"},"acf":[],"wcpa_form_fields":null,"_links":{"self":[{"href":"https:\/\/www.customywear.com\/hu\/wp-json\/wp\/v2\/product\/38991","targetHints":{"allow":["GET"]}}],"collection":[{"href":"https:\/\/www.customywear.com\/hu\/wp-json\/wp\/v2\/product"}],"about":[{"href":"https:\/\/www.customywear.com\/hu\/wp-json\/wp\/v2\/types\/product"}],"replies":[{"embeddable":true,"href":"https:\/\/www.customywear.com\/hu\/wp-json\/wp\/v2\/comments?post=38991"}],"wp:featuredmedia":[{"embeddable":true,"href":"https:\/\/www.customywear.com\/hu\/wp-json\/wp\/v2\/media\/135028"}],"wp:attachment":[{"href":"https:\/\/www.customywear.com\/hu\/wp-json\/wp\/v2\/media?parent=38991"}],"wp:term":[{"taxonomy":"product_brand","embeddable":true,"href":"https:\/\/www.customywear.com\/hu\/wp-json\/wp\/v2\/product_brand?post=38991"},{"taxonomy":"product_cat","embeddable":true,"href":"https:\/\/www.customywear.com\/hu\/wp-json\/wp\/v2\/product_cat?post=38991"},{"taxonomy":"product_tag","embeddable":true,"href":"https:\/\/www.customywear.com\/hu\/wp-json\/wp\/v2\/product_tag?post=38991"}],"curies":[{"name":"wp","href":"https:\/\/api.w.org\/{rel}","templated":true}]}}