{"id":39076,"date":"2024-06-13T14:50:51","date_gmt":"2024-06-13T14:50:51","guid":{"rendered":"https:\/\/www.customywear.com\/?post_type=product&#038;p=39076"},"modified":"2026-05-07T15:29:44","modified_gmt":"2026-05-07T15:29:44","slug":"egyedi-edzopolo-fiuknak-egyedi-divatos-polo","status":"publish","type":"product","link":"https:\/\/www.customywear.com\/hu\/custom-gym-shirt-for-boys-custom-fashion-tee\/","title":{"rendered":"Egyedi edz\u0151p\u00f3l\u00f3 fi\u00faknak \u2013 Egyedi divatos p\u00f3l\u00f3"},"content":{"rendered":"<p>Egyedi edz\u0151p\u00f3l\u00f3 fi\u00faknak: Egyedi edz\u0151p\u00f3l\u00f3nk fi\u00faknak a k\u00e9nyelmet \u00e9s a st\u00edlust \u00f6tv\u00f6zi, kifejezetten fiatal sportol\u00f3k sz\u00e1m\u00e1ra szabva. Puha, tart\u00f3s anyagb\u00f3l k\u00e9sz\u00fclt, ez a p\u00f3l\u00f3 biztos\u00edtja a k\u00f6nny\u0171 mozg\u00e1st akt\u00edv j\u00e1t\u00e9k k\u00f6zben. \u00c9l\u00e9nk diz\u00e1jnj\u00e1val \u00e9s kiv\u00e1l\u00f3 min\u0151s\u00e9g\u0171 nyomtat\u00e1s\u00e1val minden p\u00f3l\u00f3t a kiv\u00e1lasztott fot\u00f3k alapj\u00e1n digit\u00e1lis m\u0171alkot\u00e1sokkal szem\u00e9lyre szabunk, \u00edgy egyedi kieg\u00e9sz\u00edt\u0151je lehet b\u00e1rmely fiatal edz\u0151terem-rajong\u00f3 ruhat\u00e1r\u00e1nak.<\/p>","protected":false},"excerpt":{"rendered":"<p>\u00c9p\u00edtsen magabiztoss\u00e1got egyedi edz\u0151termi ingekkel fi\u00faknak. Az egyedi divatos p\u00f3l\u00f3k minden f\u00e9nyk\u00e9pet mer\u00e9sz, sportos p\u00f3l\u00f3v\u00e1 alak\u00edtanak \u00e1t.<\/p>","protected":false},"featured_media":95733,"comment_status":"open","ping_status":"closed","template":"","meta":{"_acf_changed":false},"product_brand":[],"product_cat":[6189,6149,6412,6428],"product_tag":[6433,6439,6221,6330],"class_list":{"0":"post-39076","1":"product","2":"type-product","3":"status-publish","4":"has-post-thumbnail","6":"product_cat-boys-t-shirts","7":"product_cat-custom-gifts-ai-bodybuilder","8":"product_cat-photo-to-tees","9":"product_cat-translate-products","10":"product_tag-ai-artwork","11":"product_tag-ai-kids-artwork","12":"product_tag-custom-t-shirts-near-me","13":"product_tag-photo-print-t-shirt-for-boys","15":"first","16":"instock","17":"taxable","18":"shipping-taxable","19":"purchasable","20":"product-type-simple"},"acf":[],"wcpa_form_fields":null,"_links":{"self":[{"href":"https:\/\/www.customywear.com\/hu\/wp-json\/wp\/v2\/product\/39076","targetHints":{"allow":["GET"]}}],"collection":[{"href":"https:\/\/www.customywear.com\/hu\/wp-json\/wp\/v2\/product"}],"about":[{"href":"https:\/\/www.customywear.com\/hu\/wp-json\/wp\/v2\/types\/product"}],"replies":[{"embeddable":true,"href":"https:\/\/www.customywear.com\/hu\/wp-json\/wp\/v2\/comments?post=39076"}],"wp:featuredmedia":[{"embeddable":true,"href":"https:\/\/www.customywear.com\/hu\/wp-json\/wp\/v2\/media\/95733"}],"wp:attachment":[{"href":"https:\/\/www.customywear.com\/hu\/wp-json\/wp\/v2\/media?parent=39076"}],"wp:term":[{"taxonomy":"product_brand","embeddable":true,"href":"https:\/\/www.customywear.com\/hu\/wp-json\/wp\/v2\/product_brand?post=39076"},{"taxonomy":"product_cat","embeddable":true,"href":"https:\/\/www.customywear.com\/hu\/wp-json\/wp\/v2\/product_cat?post=39076"},{"taxonomy":"product_tag","embeddable":true,"href":"https:\/\/www.customywear.com\/hu\/wp-json\/wp\/v2\/product_tag?post=39076"}],"curies":[{"name":"wp","href":"https:\/\/api.w.org\/{rel}","templated":true}]}}