{"id":39479,"date":"2024-06-15T12:03:02","date_gmt":"2024-06-15T12:03:02","guid":{"rendered":"https:\/\/www.customywear.com\/?post_type=product&#038;p=39479"},"modified":"2026-05-05T20:24:06","modified_gmt":"2026-05-05T20:24:06","slug":"egyedi-szuperhos-polo-ferfiaknak","status":"publish","type":"product","link":"https:\/\/www.customywear.com\/hu\/custom-superhero-t-shirt-for-men\/","title":{"rendered":"Egy\u00e9ni Szuperh\u0151s T-shirt F\u00e9rfi \u2013 Egy\u00e9ni grafikus p\u00f3l\u00f3"},"content":{"rendered":"<p>Egyedi szuperh\u0151s p\u00f3l\u00f3 f\u00e9rfiaknak: V\u00e1ltoztasd \u00e1t fot\u00f3idat egyedi szuperh\u0151s karakterr\u00e9 egyedi szuperh\u0151s p\u00f3l\u00f3nkkal. Puha, 100% pamutb\u00f3l k\u00e9sz\u00fclt, ez a pr\u00e9mium min\u0151s\u00e9g\u0171 p\u00f3l\u00f3 tart\u00f3s \u00e9s k\u00e9nyelmes, \u00edgy t\u00f6k\u00e9letes a mindennapi viseletre. A kiv\u00e1l\u00f3 min\u0151s\u00e9g\u0171 DTG nyomtat\u00e1snak k\u00f6sz\u00f6nhet\u0151en minden minta \u00e9l\u00e9nk \u00e9s tart\u00f3s, \u00edgy a szem\u00e9lyre szabott szuperh\u0151s\u00f6d kit\u0171nik a t\u00f6megb\u0151l. Ide\u00e1lis szuperh\u0151s k\u00e9preg\u00e9nyek szerelmeseinek vagy figyelmes aj\u00e1nd\u00e9knak, ez a p\u00f3l\u00f3 \u00f6tv\u00f6zi a st\u00edlust a szem\u00e9lyes st\u00edlussal.<\/p>","protected":false},"excerpt":{"rendered":"<p>Szabad\u00edtsa fel a h\u0151siess\u00e9get egyedi szuperh\u0151s p\u00f3l\u00f3kkal. Az egyedi grafikus ingek minden f\u00e9nyk\u00e9pet mer\u00e9sz, egyedi p\u00f3l\u00f3v\u00e1 var\u00e1zsolnak.<\/p>","protected":false},"featured_media":126877,"comment_status":"open","ping_status":"closed","template":"","meta":{"_acf_changed":false},"product_brand":[],"product_cat":[6195,157,6150,186,6336,6412,515,6428],"product_tag":[6433,6327,6216,6168],"class_list":{"0":"post-39479","1":"product","2":"type-product","3":"status-publish","4":"has-post-thumbnail","6":"product_cat-t-shirts-men","7":"product_cat-best-sellers","8":"product_cat-custom-gifts-ai-superhero","9":"product_cat-men","10":"product_cat-mens-superhero-t-shirts","11":"product_cat-photo-to-tees","12":"product_cat-superhero","13":"product_cat-translate-products","14":"product_tag-ai-artwork","15":"product_tag-custom-photo-t-shirt-for-men","16":"product_tag-mens-custom-t-shirts","17":"product_tag-unique-superhero-tees","19":"first","20":"instock","21":"taxable","22":"shipping-taxable","23":"purchasable","24":"product-type-simple"},"acf":[],"wcpa_form_fields":null,"_links":{"self":[{"href":"https:\/\/www.customywear.com\/hu\/wp-json\/wp\/v2\/product\/39479","targetHints":{"allow":["GET"]}}],"collection":[{"href":"https:\/\/www.customywear.com\/hu\/wp-json\/wp\/v2\/product"}],"about":[{"href":"https:\/\/www.customywear.com\/hu\/wp-json\/wp\/v2\/types\/product"}],"replies":[{"embeddable":true,"href":"https:\/\/www.customywear.com\/hu\/wp-json\/wp\/v2\/comments?post=39479"}],"wp:featuredmedia":[{"embeddable":true,"href":"https:\/\/www.customywear.com\/hu\/wp-json\/wp\/v2\/media\/126877"}],"wp:attachment":[{"href":"https:\/\/www.customywear.com\/hu\/wp-json\/wp\/v2\/media?parent=39479"}],"wp:term":[{"taxonomy":"product_brand","embeddable":true,"href":"https:\/\/www.customywear.com\/hu\/wp-json\/wp\/v2\/product_brand?post=39479"},{"taxonomy":"product_cat","embeddable":true,"href":"https:\/\/www.customywear.com\/hu\/wp-json\/wp\/v2\/product_cat?post=39479"},{"taxonomy":"product_tag","embeddable":true,"href":"https:\/\/www.customywear.com\/hu\/wp-json\/wp\/v2\/product_tag?post=39479"}],"curies":[{"name":"wp","href":"https:\/\/api.w.org\/{rel}","templated":true}]}}