{"id":39587,"date":"2024-06-16T11:02:45","date_gmt":"2024-06-16T11:02:45","guid":{"rendered":"https:\/\/www.customywear.com\/?post_type=product&#038;p=39587"},"modified":"2026-05-05T20:23:27","modified_gmt":"2026-05-05T20:23:27","slug":"egyedi-noi-szuperhos-polo","status":"publish","type":"product","link":"https:\/\/www.customywear.com\/hu\/custom-female-superhero-tee\/","title":{"rendered":"Egyedi n\u0151i szuperh\u0151s p\u00f3l\u00f3 \u2013 Egyedi grafik\u00e1s p\u00f3l\u00f3"},"content":{"rendered":"<p>Egyedi n\u0151i szuperh\u0151s p\u00f3l\u00f3: Dobd fel a st\u00edlusod egyedi n\u0151i szuperh\u0151s p\u00f3l\u00f3nkkal. Puha, 100% pamutb\u00f3l k\u00e9sz\u00fclt, ez a pr\u00e9mium min\u0151s\u00e9g\u0171 p\u00f3l\u00f3 k\u00e9nyelmet \u00e9s tart\u00f3ss\u00e1got k\u00edn\u00e1l a mindennapi viselethez. \u00c9l\u00e9nk diz\u00e1jnj\u00e1val \u00e9s kiv\u00e1l\u00f3 min\u0151s\u00e9g\u0171 DTG nyomtat\u00e1s\u00e1val minden p\u00f3l\u00f3 szem\u00e9lyre szabott n\u0151i szuperh\u0151s karakterr\u00e9 var\u00e1zsolja a fot\u00f3idat. Ak\u00e1r aj\u00e1nd\u00e9kba, ak\u00e1r szem\u00e9lyes viseletre sz\u00e1nod, egyedi n\u0151i szuperh\u0151s p\u00f3l\u00f3nk az er\u0151t \u00e9s az egy\u00e9nis\u00e9get \u00fcnnepli.<\/p>","protected":false},"excerpt":{"rendered":"<p>Er\u0151s\u00edtse meg egyedi n\u0151i szuperh\u0151s p\u00f3l\u00f3kat. Az egyedi grafikus ingek minden f\u00e9nyk\u00e9pet sz\u00f3rakoztat\u00f3, egyed\u00fcl\u00e1ll\u00f3 h\u0151sies p\u00f3l\u00f3v\u00e1 var\u00e1zsolnak.<\/p>","protected":false},"featured_media":126856,"comment_status":"open","ping_status":"closed","template":"","meta":{"_acf_changed":false},"product_brand":[],"product_cat":[6191,6150,6412,515,6428,75,6350],"product_tag":[6214,6433,6328,229,6432,6215],"class_list":{"0":"post-39587","1":"product","2":"type-product","3":"status-publish","4":"has-post-thumbnail","6":"product_cat-t-shirts-women","7":"product_cat-custom-gifts-ai-superhero","8":"product_cat-photo-to-tees","9":"product_cat-superhero","10":"product_cat-translate-products","11":"product_cat-women","12":"product_cat-womens-superhero-t-shirts","13":"product_tag-affordable-custom-t-shirts","14":"product_tag-ai-artwork","15":"product_tag-custom-image-t-shirt-for-women","16":"product_tag-custom-tee-shirts","17":"product_tag-product-video","18":"product_tag-screen-printing-near-me","20":"first","21":"instock","22":"taxable","23":"shipping-taxable","24":"purchasable","25":"product-type-simple"},"acf":[],"wcpa_form_fields":null,"_links":{"self":[{"href":"https:\/\/www.customywear.com\/hu\/wp-json\/wp\/v2\/product\/39587","targetHints":{"allow":["GET"]}}],"collection":[{"href":"https:\/\/www.customywear.com\/hu\/wp-json\/wp\/v2\/product"}],"about":[{"href":"https:\/\/www.customywear.com\/hu\/wp-json\/wp\/v2\/types\/product"}],"replies":[{"embeddable":true,"href":"https:\/\/www.customywear.com\/hu\/wp-json\/wp\/v2\/comments?post=39587"}],"wp:featuredmedia":[{"embeddable":true,"href":"https:\/\/www.customywear.com\/hu\/wp-json\/wp\/v2\/media\/126856"}],"wp:attachment":[{"href":"https:\/\/www.customywear.com\/hu\/wp-json\/wp\/v2\/media?parent=39587"}],"wp:term":[{"taxonomy":"product_brand","embeddable":true,"href":"https:\/\/www.customywear.com\/hu\/wp-json\/wp\/v2\/product_brand?post=39587"},{"taxonomy":"product_cat","embeddable":true,"href":"https:\/\/www.customywear.com\/hu\/wp-json\/wp\/v2\/product_cat?post=39587"},{"taxonomy":"product_tag","embeddable":true,"href":"https:\/\/www.customywear.com\/hu\/wp-json\/wp\/v2\/product_tag?post=39587"}],"curies":[{"name":"wp","href":"https:\/\/api.w.org\/{rel}","templated":true}]}}