{"id":39999,"date":"2024-06-16T14:21:14","date_gmt":"2024-06-16T14:21:14","guid":{"rendered":"https:\/\/www.customywear.com\/?post_type=product&#038;p=39999"},"modified":"2026-05-07T15:29:44","modified_gmt":"2026-05-07T15:29:44","slug":"szuperhos-polo-kisgyermekeknek","status":"publish","type":"product","link":"https:\/\/www.customywear.com\/hu\/superhero-t-shirt-for-toddler\/","title":{"rendered":"Szuperh\u0151s p\u00f3l\u00f3 kisgyermekeknek \u2013 Szem\u00e9lyre szabott p\u00f3l\u00f3"},"content":{"rendered":"<p>Szuperh\u0151s p\u00f3l\u00f3 kisgyermekeknek \u2013 Szem\u00e9lyre szabott p\u00f3l\u00f3: \u00d6lt\u00f6ztesd fel kis h\u0151s\u00f6det st\u00edlusosan ezzel a szuperh\u0151s p\u00f3l\u00f3val kisgyermekeknek \u2013 Szem\u00e9lyre szabott p\u00f3l\u00f3val. Puha, tart\u00f3s anyagokb\u00f3l k\u00e9sz\u00fclt, ez a p\u00f3l\u00f3 k\u00e9nyelmet biztos\u00edt az akt\u00edv kisgyermekek sz\u00e1m\u00e1ra. \u00c9l\u00e9nk diz\u00e1jnj\u00e1val \u00e9s kiv\u00e1l\u00f3 min\u0151s\u00e9g\u0171 DTG nyomtat\u00e1s\u00e1val minden p\u00f3l\u00f3 szem\u00e9lyre szabhat\u00f3, hogy bemutassa kisgyermeked kedvenc szuperh\u0151s\u00e9t. Ak\u00e1r j\u00e1t\u00e9kra, ak\u00e1r mindennapi kalandokra v\u00e1gysz, szem\u00e9lyre szabott p\u00f3l\u00f3nk t\u00f6k\u00e9letesen illik hozz\u00e1d.<\/p>","protected":false},"excerpt":{"rendered":"<p>Kezdje fiatalon szuperh\u0151s p\u00f3l\u00f3kkal kisgyermekek sz\u00e1m\u00e1ra. A szem\u00e9lyre szabott p\u00f3l\u00f3k minden f\u00e9nyk\u00e9pet j\u00e1t\u00e9kos, egyedi p\u00f3l\u00f3v\u00e1 var\u00e1zsolnak.<\/p>","protected":false},"featured_media":135269,"comment_status":"open","ping_status":"closed","template":"","meta":{"_acf_changed":false},"product_brand":[],"product_cat":[6209,6150,6412,6428],"product_tag":[6433,6439,6221],"class_list":{"0":"post-39999","1":"product","2":"type-product","3":"status-publish","4":"has-post-thumbnail","6":"product_cat-toddler-boy-t-shirts","7":"product_cat-custom-gifts-ai-superhero","8":"product_cat-photo-to-tees","9":"product_cat-translate-products","10":"product_tag-ai-artwork","11":"product_tag-ai-kids-artwork","12":"product_tag-custom-t-shirts-near-me","14":"first","15":"instock","16":"taxable","17":"shipping-taxable","18":"purchasable","19":"product-type-simple"},"acf":[],"wcpa_form_fields":null,"_links":{"self":[{"href":"https:\/\/www.customywear.com\/hu\/wp-json\/wp\/v2\/product\/39999","targetHints":{"allow":["GET"]}}],"collection":[{"href":"https:\/\/www.customywear.com\/hu\/wp-json\/wp\/v2\/product"}],"about":[{"href":"https:\/\/www.customywear.com\/hu\/wp-json\/wp\/v2\/types\/product"}],"replies":[{"embeddable":true,"href":"https:\/\/www.customywear.com\/hu\/wp-json\/wp\/v2\/comments?post=39999"}],"wp:featuredmedia":[{"embeddable":true,"href":"https:\/\/www.customywear.com\/hu\/wp-json\/wp\/v2\/media\/135269"}],"wp:attachment":[{"href":"https:\/\/www.customywear.com\/hu\/wp-json\/wp\/v2\/media?parent=39999"}],"wp:term":[{"taxonomy":"product_brand","embeddable":true,"href":"https:\/\/www.customywear.com\/hu\/wp-json\/wp\/v2\/product_brand?post=39999"},{"taxonomy":"product_cat","embeddable":true,"href":"https:\/\/www.customywear.com\/hu\/wp-json\/wp\/v2\/product_cat?post=39999"},{"taxonomy":"product_tag","embeddable":true,"href":"https:\/\/www.customywear.com\/hu\/wp-json\/wp\/v2\/product_tag?post=39999"}],"curies":[{"name":"wp","href":"https:\/\/api.w.org\/{rel}","templated":true}]}}