{"id":40000,"date":"2024-06-16T14:21:16","date_gmt":"2024-06-16T14:21:16","guid":{"rendered":"https:\/\/www.customywear.com\/?post_type=product&#038;p=40000"},"modified":"2026-05-07T15:29:44","modified_gmt":"2026-05-07T15:29:44","slug":"szuperhos-polo-fiuknak","status":"publish","type":"product","link":"https:\/\/www.customywear.com\/hu\/superhero-t-shirt-for-boys\/","title":{"rendered":"Szuperh\u0151s p\u00f3l\u00f3 fi\u00faknak \u2013 Egyedi divatos p\u00f3l\u00f3"},"content":{"rendered":"<p>Szuperh\u0151s p\u00f3l\u00f3 fi\u00faknak \u2013 Egyedi divatos p\u00f3l\u00f3: Ind\u00edtsd el a k\u00e9pzeletet egy fi\u00faknak sz\u00e1nt szuperh\u0151s p\u00f3l\u00f3val \u2013 Egyedi divatos p\u00f3l\u00f3val. Pr\u00e9mium min\u0151s\u00e9g\u0171 anyagokb\u00f3l k\u00e9sz\u00fclt, ezek a p\u00f3l\u00f3k k\u00e9nyelmet \u00e9s tart\u00f3ss\u00e1got biztos\u00edtanak minden fiatal szuperh\u0151s sz\u00e1m\u00e1ra. \u00c9l\u00e9nk diz\u00e1jnj\u00e1val \u00e9s kiv\u00e1l\u00f3 min\u0151s\u00e9g\u0171 DTG nyomtat\u00e1s\u00e1val minden p\u00f3l\u00f3 st\u00edlusos h\u0151ss\u00e9 var\u00e1zsolja fiadat. Ak\u00e1r iskol\u00e1ba, ak\u00e1r j\u00e1t\u00e9kra sz\u00e1nja, egyedi divatos p\u00f3l\u00f3nk biztos\u00edtja, hogy magabiztosan kit\u0171nj\u00f6n a t\u00f6megb\u0151l.<\/p>","protected":false},"excerpt":{"rendered":"<p>Engedd szabadj\u00e1ra a h\u0151siess\u00e9get egy szuperh\u0151s p\u00f3l\u00f3val fi\u00faknak. Az egyedi divatos p\u00f3l\u00f3k minden f\u00e9nyk\u00e9pet mer\u00e9sz, egyedi p\u00f3l\u00f3v\u00e1 var\u00e1zsolnak.<\/p>","protected":false},"featured_media":135265,"comment_status":"open","ping_status":"closed","template":"","meta":{"_acf_changed":false},"product_brand":[],"product_cat":[6189,496,6150,6412,6428],"product_tag":[6433,6439,6221,6330],"class_list":{"0":"post-40000","1":"product","2":"type-product","3":"status-publish","4":"has-post-thumbnail","6":"product_cat-boys-t-shirts","7":"product_cat-birthday","8":"product_cat-custom-gifts-ai-superhero","9":"product_cat-photo-to-tees","10":"product_cat-translate-products","11":"product_tag-ai-artwork","12":"product_tag-ai-kids-artwork","13":"product_tag-custom-t-shirts-near-me","14":"product_tag-photo-print-t-shirt-for-boys","16":"first","17":"instock","18":"taxable","19":"shipping-taxable","20":"purchasable","21":"product-type-simple"},"acf":[],"wcpa_form_fields":null,"_links":{"self":[{"href":"https:\/\/www.customywear.com\/hu\/wp-json\/wp\/v2\/product\/40000","targetHints":{"allow":["GET"]}}],"collection":[{"href":"https:\/\/www.customywear.com\/hu\/wp-json\/wp\/v2\/product"}],"about":[{"href":"https:\/\/www.customywear.com\/hu\/wp-json\/wp\/v2\/types\/product"}],"replies":[{"embeddable":true,"href":"https:\/\/www.customywear.com\/hu\/wp-json\/wp\/v2\/comments?post=40000"}],"wp:featuredmedia":[{"embeddable":true,"href":"https:\/\/www.customywear.com\/hu\/wp-json\/wp\/v2\/media\/135265"}],"wp:attachment":[{"href":"https:\/\/www.customywear.com\/hu\/wp-json\/wp\/v2\/media?parent=40000"}],"wp:term":[{"taxonomy":"product_brand","embeddable":true,"href":"https:\/\/www.customywear.com\/hu\/wp-json\/wp\/v2\/product_brand?post=40000"},{"taxonomy":"product_cat","embeddable":true,"href":"https:\/\/www.customywear.com\/hu\/wp-json\/wp\/v2\/product_cat?post=40000"},{"taxonomy":"product_tag","embeddable":true,"href":"https:\/\/www.customywear.com\/hu\/wp-json\/wp\/v2\/product_tag?post=40000"}],"curies":[{"name":"wp","href":"https:\/\/api.w.org\/{rel}","templated":true}]}}