{"id":40059,"date":"2024-06-16T14:32:39","date_gmt":"2024-06-16T14:32:39","guid":{"rendered":"https:\/\/www.customywear.com\/?post_type=product&#038;p=40059"},"modified":"2026-05-07T15:29:44","modified_gmt":"2026-05-07T15:29:44","slug":"ifjusagi-szuperhos-polo-lanyoknak","status":"publish","type":"product","link":"https:\/\/www.customywear.com\/hu\/youth-superhero-t-shirt-for-girls\/","title":{"rendered":"Ifj\u00fas\u00e1gi Szuperh\u0151s P\u00f3l\u00f3 L\u00e1nyoknak \u2013 Szem\u00e9lyre szabott tee"},"content":{"rendered":"<p>Ifj\u00fas\u00e1gi szuperh\u0151s p\u00f3l\u00f3 l\u00e1nyoknak \u2013 szem\u00e9lyre szabott p\u00f3l\u00f3: T\u00e1mogasd a h\u0151siess\u00e9gedet ifj\u00fas\u00e1gi szuperh\u0151s p\u00f3l\u00f3nkkal l\u00e1nyoknak \u2013 szem\u00e9lyre szabott p\u00f3l\u00f3val. Puha, tart\u00f3s anyagokb\u00f3l k\u00e9sz\u00fclt, ez a p\u00f3l\u00f3 k\u00e9nyelmet biztos\u00edt a n\u00f6vekv\u0151 szuperh\u0151s\u00f6k sz\u00e1m\u00e1ra. A szem\u00e9lyre szabott diz\u00e1jnnak \u00e9s a kiv\u00e1l\u00f3 min\u0151s\u00e9g\u0171 DTG nyomtat\u00e1snak k\u00f6sz\u00f6nhet\u0151en minden p\u00f3l\u00f3 egyedi m\u00f3don mutatja be kedvenc h\u0151s\u00e9t. Ak\u00e1r iskol\u00e1ba, ak\u00e1r j\u00e1t\u00e9kra sz\u00e1nod, szem\u00e9lyre szabott p\u00f3l\u00f3nk \u00f6nbizalmat \u00e9s fant\u00e1zi\u00e1t inspir\u00e1l.<\/p>","protected":false},"excerpt":{"rendered":"<p>Er\u0151s\u00edtse meg a fiatal l\u00e1nyokat egy ifj\u00fas\u00e1gi szuperh\u0151s p\u00f3l\u00f3val l\u00e1nyoknak. A szem\u00e9lyre szabott p\u00f3l\u00f3k minden f\u00e9nyk\u00e9pet j\u00e1t\u00e9kos, h\u0151sies p\u00f3l\u00f3v\u00e1 var\u00e1zsolnak.<\/p>","protected":false},"featured_media":126779,"comment_status":"open","ping_status":"closed","template":"","meta":{"_acf_changed":false},"product_brand":[],"product_cat":[6193,496,6150,152,6412,6428,58],"product_tag":[6433,6439,6331,6221],"class_list":{"0":"post-40059","1":"product","2":"type-product","3":"status-publish","4":"has-post-thumbnail","6":"product_cat-girls-t-shirts","7":"product_cat-birthday","8":"product_cat-custom-gifts-ai-superhero","9":"product_cat-girls","10":"product_cat-photo-to-tees","11":"product_cat-translate-products","12":"product_cat-youth-kids","13":"product_tag-ai-artwork","14":"product_tag-ai-kids-artwork","15":"product_tag-custom-picture-t-shirt-for-girls","16":"product_tag-custom-t-shirts-near-me","18":"first","19":"instock","20":"taxable","21":"shipping-taxable","22":"purchasable","23":"product-type-simple"},"acf":[],"wcpa_form_fields":null,"_links":{"self":[{"href":"https:\/\/www.customywear.com\/hu\/wp-json\/wp\/v2\/product\/40059","targetHints":{"allow":["GET"]}}],"collection":[{"href":"https:\/\/www.customywear.com\/hu\/wp-json\/wp\/v2\/product"}],"about":[{"href":"https:\/\/www.customywear.com\/hu\/wp-json\/wp\/v2\/types\/product"}],"replies":[{"embeddable":true,"href":"https:\/\/www.customywear.com\/hu\/wp-json\/wp\/v2\/comments?post=40059"}],"wp:featuredmedia":[{"embeddable":true,"href":"https:\/\/www.customywear.com\/hu\/wp-json\/wp\/v2\/media\/126779"}],"wp:attachment":[{"href":"https:\/\/www.customywear.com\/hu\/wp-json\/wp\/v2\/media?parent=40059"}],"wp:term":[{"taxonomy":"product_brand","embeddable":true,"href":"https:\/\/www.customywear.com\/hu\/wp-json\/wp\/v2\/product_brand?post=40059"},{"taxonomy":"product_cat","embeddable":true,"href":"https:\/\/www.customywear.com\/hu\/wp-json\/wp\/v2\/product_cat?post=40059"},{"taxonomy":"product_tag","embeddable":true,"href":"https:\/\/www.customywear.com\/hu\/wp-json\/wp\/v2\/product_tag?post=40059"}],"curies":[{"name":"wp","href":"https:\/\/api.w.org\/{rel}","templated":true}]}}