{"id":40255,"date":"2024-06-26T08:56:52","date_gmt":"2024-06-26T08:56:52","guid":{"rendered":"https:\/\/www.customywear.com\/?post_type=product&#038;p=40255"},"modified":"2026-05-07T15:29:44","modified_gmt":"2026-05-07T15:29:44","slug":"egyedi-toddler-szuperhos-polo","status":"publish","type":"product","link":"https:\/\/www.customywear.com\/hu\/custom-toddler-superhero-t-shirt\/","title":{"rendered":"Egyedi p\u00f3l\u00f3 kisgyermekeknek \u2013 Fot\u00f3b\u00f3l szuperh\u0151s p\u00f3l\u00f3"},"content":{"rendered":"<p>Egyedi p\u00f3l\u00f3 kisgyermekeknek \u2013 Fot\u00f3b\u00f3l szuperh\u0151ss\u00e9 v\u00e1lni: Alak\u00edtsd \u00e1t a j\u00e1t\u00e9kid\u0151t egyedi kisgyermekeknek \u2013 Fot\u00f3b\u00f3l szuperh\u0151ss\u00e9 v\u00e1lni p\u00f3l\u00f3nkkal! Puha, 100% pamutb\u00f3l k\u00e9sz\u00fclt, ez a pr\u00e9mium min\u0151s\u00e9g\u0171 p\u00f3l\u00f3 k\u00e9nyelmet \u00e9s tart\u00f3ss\u00e1got k\u00edn\u00e1l a kicsiknek. Minden p\u00f3l\u00f3n egy szuperh\u0151s diz\u00e1jnn\u00e1 alak\u00edtott fot\u00f3 l\u00e1that\u00f3, amelyet kiv\u00e1l\u00f3 min\u0151s\u00e9g\u0171 DTG nyomtat\u00e1ssal nyomtattak az \u00e9l\u00e9nk \u00e9s r\u00e9szletes grafika \u00e9rdek\u00e9ben. Ak\u00e1r sz\u00fclet\u00e9snapokr\u00f3l, ak\u00e1r mindennapi kalandokr\u00f3l van sz\u00f3, ez a fot\u00f3b\u00f3l szuperh\u0151ss\u00e9 v\u00e1lni p\u00f3l\u00f3 beind\u00edtja a k\u00e9pzeletet \u00e9s az \u00f6r\u00f6m\u00f6t.<\/p>","protected":false},"excerpt":{"rendered":"<p>Kezdje kor\u00e1n egy egyedi p\u00f3l\u00f3val a kisgyermekek sz\u00e1m\u00e1ra. A fot\u00f3-szuperh\u0151s p\u00f3l\u00f3k minden f\u00e9nyk\u00e9pet szem\u00e9lyre szabott, j\u00e1t\u00e9kos p\u00f3l\u00f3v\u00e1 alak\u00edtanak \u00e1t.<\/p>","protected":false},"featured_media":134973,"comment_status":"open","ping_status":"closed","template":"","meta":{"_acf_changed":false},"product_brand":[],"product_cat":[6209,6152,6412,6428],"product_tag":[6433,6439,6221],"class_list":{"0":"post-40255","1":"product","2":"type-product","3":"status-publish","4":"has-post-thumbnail","6":"product_cat-toddler-boy-t-shirts","7":"product_cat-custom-gifts-batman","8":"product_cat-photo-to-tees","9":"product_cat-translate-products","10":"product_tag-ai-artwork","11":"product_tag-ai-kids-artwork","12":"product_tag-custom-t-shirts-near-me","14":"first","15":"instock","16":"taxable","17":"shipping-taxable","18":"purchasable","19":"product-type-simple"},"acf":[],"wcpa_form_fields":null,"_links":{"self":[{"href":"https:\/\/www.customywear.com\/hu\/wp-json\/wp\/v2\/product\/40255","targetHints":{"allow":["GET"]}}],"collection":[{"href":"https:\/\/www.customywear.com\/hu\/wp-json\/wp\/v2\/product"}],"about":[{"href":"https:\/\/www.customywear.com\/hu\/wp-json\/wp\/v2\/types\/product"}],"replies":[{"embeddable":true,"href":"https:\/\/www.customywear.com\/hu\/wp-json\/wp\/v2\/comments?post=40255"}],"wp:featuredmedia":[{"embeddable":true,"href":"https:\/\/www.customywear.com\/hu\/wp-json\/wp\/v2\/media\/134973"}],"wp:attachment":[{"href":"https:\/\/www.customywear.com\/hu\/wp-json\/wp\/v2\/media?parent=40255"}],"wp:term":[{"taxonomy":"product_brand","embeddable":true,"href":"https:\/\/www.customywear.com\/hu\/wp-json\/wp\/v2\/product_brand?post=40255"},{"taxonomy":"product_cat","embeddable":true,"href":"https:\/\/www.customywear.com\/hu\/wp-json\/wp\/v2\/product_cat?post=40255"},{"taxonomy":"product_tag","embeddable":true,"href":"https:\/\/www.customywear.com\/hu\/wp-json\/wp\/v2\/product_tag?post=40255"}],"curies":[{"name":"wp","href":"https:\/\/api.w.org\/{rel}","templated":true}]}}