{"id":40256,"date":"2024-06-26T08:56:53","date_gmt":"2024-06-26T08:56:53","guid":{"rendered":"https:\/\/www.customywear.com\/?post_type=product&#038;p=40256"},"modified":"2026-05-16T11:41:45","modified_gmt":"2026-05-16T11:41:45","slug":"fiuk-superhero-polo-szemelyre-szabott","status":"publish","type":"product","link":"https:\/\/www.customywear.com\/hu\/custom-boys-superhero-shirt\/","title":{"rendered":"Egyedi p\u00f3l\u00f3 fi\u00faknak \u2013 Tervezd meg a saj\u00e1t szuperh\u0151s p\u00f3l\u00f3dat"},"content":{"rendered":"<p>Egyedi fi\u00fas p\u00f3l\u00f3 \u2013 Tervezd meg a saj\u00e1t szuperh\u0151s\u00f6det: Engedd szabadj\u00e1ra a kreativit\u00e1st Egyedi fi\u00fas p\u00f3l\u00f3nkkal \u2013 Tervezd meg a saj\u00e1t szuperh\u0151s\u00f6det! Puha, 100% pamutb\u00f3l k\u00e9sz\u00fclt, ez a pr\u00e9mium min\u0151s\u00e9g\u0171 p\u00f3l\u00f3 k\u00e9nyelmet \u00e9s tart\u00f3ss\u00e1got biztos\u00edt az akt\u00edv j\u00e1t\u00e9khoz. Minden p\u00f3l\u00f3 lehet\u0151v\u00e9 teszi a fi\u00fak sz\u00e1m\u00e1ra, hogy megtervezz\u00e9k saj\u00e1t szuperh\u0151s karakter\u00fcket, melyeket kiv\u00e1l\u00f3 min\u0151s\u00e9g\u0171 DTG nyomtat\u00e1ssal nyomtattak az \u00e9l\u00e9nk \u00e9s r\u00e9szletes grafik\u00e1k \u00e9rdek\u00e9ben. Ak\u00e1r iskol\u00e1ba, ak\u00e1r j\u00e1t\u00e9kra sz\u00e1nj\u00e1k, ez a \u201etervezd meg a saj\u00e1t szuperh\u0151s\u00f6det\u201d p\u00f3l\u00f3 egy szem\u00e9lyre szabott v\u00e1szon a k\u00e9pzelet\u00fck sz\u00e1m\u00e1ra.<\/p>","protected":false},"excerpt":{"rendered":"<p>Tervezze meg h\u0151s\u00e9t egy egyedi p\u00f3l\u00f3val fi\u00faknak. K\u00e9sz\u00edtsen saj\u00e1t szuperh\u0151s ingeket, amelyek b\u00e1rmilyen f\u00e9nyk\u00e9pet mer\u00e9sz, egyedi p\u00f3l\u00f3v\u00e1 var\u00e1zsolnak.<\/p>","protected":false},"featured_media":134952,"comment_status":"open","ping_status":"closed","template":"","meta":{"_acf_changed":false},"product_brand":[],"product_cat":[6189,6152,6412,6428,58],"product_tag":[6433,6439,6221],"class_list":{"0":"post-40256","1":"product","2":"type-product","3":"status-publish","4":"has-post-thumbnail","6":"product_cat-boys-t-shirts","7":"product_cat-custom-gifts-batman","8":"product_cat-photo-to-tees","9":"product_cat-translate-products","10":"product_cat-youth-kids","11":"product_tag-ai-artwork","12":"product_tag-ai-kids-artwork","13":"product_tag-custom-t-shirts-near-me","15":"first","16":"instock","17":"taxable","18":"shipping-taxable","19":"purchasable","20":"product-type-simple"},"acf":[],"wcpa_form_fields":null,"_links":{"self":[{"href":"https:\/\/www.customywear.com\/hu\/wp-json\/wp\/v2\/product\/40256","targetHints":{"allow":["GET"]}}],"collection":[{"href":"https:\/\/www.customywear.com\/hu\/wp-json\/wp\/v2\/product"}],"about":[{"href":"https:\/\/www.customywear.com\/hu\/wp-json\/wp\/v2\/types\/product"}],"replies":[{"embeddable":true,"href":"https:\/\/www.customywear.com\/hu\/wp-json\/wp\/v2\/comments?post=40256"}],"wp:featuredmedia":[{"embeddable":true,"href":"https:\/\/www.customywear.com\/hu\/wp-json\/wp\/v2\/media\/134952"}],"wp:attachment":[{"href":"https:\/\/www.customywear.com\/hu\/wp-json\/wp\/v2\/media?parent=40256"}],"wp:term":[{"taxonomy":"product_brand","embeddable":true,"href":"https:\/\/www.customywear.com\/hu\/wp-json\/wp\/v2\/product_brand?post=40256"},{"taxonomy":"product_cat","embeddable":true,"href":"https:\/\/www.customywear.com\/hu\/wp-json\/wp\/v2\/product_cat?post=40256"},{"taxonomy":"product_tag","embeddable":true,"href":"https:\/\/www.customywear.com\/hu\/wp-json\/wp\/v2\/product_tag?post=40256"}],"curies":[{"name":"wp","href":"https:\/\/api.w.org\/{rel}","templated":true}]}}