{"id":40352,"date":"2024-06-26T09:01:31","date_gmt":"2024-06-26T09:01:31","guid":{"rendered":"https:\/\/www.customywear.com\/?post_type=product&#038;p=40352"},"modified":"2026-05-05T20:23:27","modified_gmt":"2026-05-05T20:23:27","slug":"noi-egyedi-szuperhos-polo","status":"publish","type":"product","link":"https:\/\/www.customywear.com\/hu\/womens-custom-superhero-tee\/","title":{"rendered":"N\u0151i szuperh\u0151s p\u00f3l\u00f3 \u2013 Egyedi alkot\u00e1s\u00fa szuperh\u0151s p\u00f3l\u00f3"},"content":{"rendered":"<p>N\u0151i szuperh\u0151s p\u00f3l\u00f3 \u2013 Egyedi alkot\u00e1s szuperh\u0151s p\u00f3l\u00f3: Engedd szabadj\u00e1ra kreativit\u00e1sodat n\u0151i szuperh\u0151s p\u00f3l\u00f3nkkal \u2013 Egyedi alkot\u00e1s szuperh\u0151s p\u00f3l\u00f3nkkal! Puha, 100% pamutb\u00f3l k\u00e9sz\u00fclt, ez a pr\u00e9mium min\u0151s\u00e9g\u0171 p\u00f3l\u00f3 k\u00e9nyelmet \u00e9s tart\u00f3ss\u00e1got k\u00edn\u00e1l, norm\u00e1l szab\u00e1ssal, amely ide\u00e1lis a mindennapi kalandokhoz. Minden p\u00f3l\u00f3 egyedi alkot\u00e1s, melyben egy szuperh\u0151s karaktert terveztek egyedileg a te \u00f6tleteid alapj\u00e1n, kiv\u00e1l\u00f3 min\u0151s\u00e9g\u0171 DTG nyomtat\u00e1ssal az \u00e9l\u00e9nk \u00e9s r\u00e9szletes grafika \u00e9rdek\u00e9ben. Ak\u00e1r \u00f6nkifejez\u00e9sr\u0151l, ak\u00e1r figyelmes aj\u00e1nd\u00e9kr\u00f3l van sz\u00f3, ez az egyedi alkot\u00e1s\u00fa szuperh\u0151s p\u00f3l\u00f3 minden viseletn\u00e9l bemutatja az egy\u00e9ni st\u00edlusodat.<\/p>","protected":false},"excerpt":{"rendered":"<p>Er\u0151s\u00edtse meg a n\u0151ket egy n\u0151i szuperh\u0151s inggel. Egyedi alkot\u00e1s A szuperh\u0151s p\u00f3l\u00f3k minden f\u00e9nyk\u00e9pet sz\u00f3rakoztat\u00f3, egyedi p\u00f3l\u00f3v\u00e1 var\u00e1zsolnak.<\/p>","protected":false},"featured_media":134910,"comment_status":"open","ping_status":"closed","template":"","meta":{"_acf_changed":false},"product_brand":[],"product_cat":[6191,6152,6412,515,6428,75,6350],"product_tag":[6214,6433,6328,229,6215],"class_list":{"0":"post-40352","1":"product","2":"type-product","3":"status-publish","4":"has-post-thumbnail","6":"product_cat-t-shirts-women","7":"product_cat-custom-gifts-batman","8":"product_cat-photo-to-tees","9":"product_cat-superhero","10":"product_cat-translate-products","11":"product_cat-women","12":"product_cat-womens-superhero-t-shirts","13":"product_tag-affordable-custom-t-shirts","14":"product_tag-ai-artwork","15":"product_tag-custom-image-t-shirt-for-women","16":"product_tag-custom-tee-shirts","17":"product_tag-screen-printing-near-me","19":"first","20":"instock","21":"taxable","22":"shipping-taxable","23":"purchasable","24":"product-type-simple"},"acf":[],"wcpa_form_fields":null,"_links":{"self":[{"href":"https:\/\/www.customywear.com\/hu\/wp-json\/wp\/v2\/product\/40352","targetHints":{"allow":["GET"]}}],"collection":[{"href":"https:\/\/www.customywear.com\/hu\/wp-json\/wp\/v2\/product"}],"about":[{"href":"https:\/\/www.customywear.com\/hu\/wp-json\/wp\/v2\/types\/product"}],"replies":[{"embeddable":true,"href":"https:\/\/www.customywear.com\/hu\/wp-json\/wp\/v2\/comments?post=40352"}],"wp:featuredmedia":[{"embeddable":true,"href":"https:\/\/www.customywear.com\/hu\/wp-json\/wp\/v2\/media\/134910"}],"wp:attachment":[{"href":"https:\/\/www.customywear.com\/hu\/wp-json\/wp\/v2\/media?parent=40352"}],"wp:term":[{"taxonomy":"product_brand","embeddable":true,"href":"https:\/\/www.customywear.com\/hu\/wp-json\/wp\/v2\/product_brand?post=40352"},{"taxonomy":"product_cat","embeddable":true,"href":"https:\/\/www.customywear.com\/hu\/wp-json\/wp\/v2\/product_cat?post=40352"},{"taxonomy":"product_tag","embeddable":true,"href":"https:\/\/www.customywear.com\/hu\/wp-json\/wp\/v2\/product_tag?post=40352"}],"curies":[{"name":"wp","href":"https:\/\/api.w.org\/{rel}","templated":true}]}}