{"id":40399,"date":"2024-06-26T09:03:48","date_gmt":"2024-06-26T09:03:48","guid":{"rendered":"https:\/\/www.customywear.com\/?post_type=product&#038;p=40399"},"modified":"2026-05-05T20:24:06","modified_gmt":"2026-05-05T20:24:06","slug":"a-sotet-lovag-szuperhos-polo","status":"publish","type":"product","link":"https:\/\/www.customywear.com\/hu\/the-dark-knight-superhero-tee\/","title":{"rendered":"A S\u00f6t\u00e9t Lovag P\u00f3l\u00f3 \u2013 Szem\u00e9lyre Szabott Grafikai Szuperh\u0151s Tee"},"content":{"rendered":"<p>A S\u00f6t\u00e9t Lovag p\u00f3l\u00f3 \u2013 Szem\u00e9lyre szabott grafik\u00e1s szuperh\u0151s p\u00f3l\u00f3: \u00d6leld magadhoz a s\u00f6t\u00e9ts\u00e9get a S\u00f6t\u00e9t Lovag p\u00f3l\u00f3val \u2013 Szem\u00e9lyre szabott grafik\u00e1s szuperh\u0151s p\u00f3l\u00f3val! Puha, 100% pamutb\u00f3l k\u00e9sz\u00fclt, ez a pr\u00e9mium min\u0151s\u00e9g\u0171 p\u00f3l\u00f3 k\u00e9nyelmet \u00e9s tart\u00f3ss\u00e1got k\u00edn\u00e1l, norm\u00e1l szab\u00e1ssal, amely t\u00f6k\u00e9letes a titokzatos keresztes lovagok sz\u00e1m\u00e1ra. Minden p\u00f3l\u00f3n egy szuperh\u0151s karakter szem\u00e9lyre szabott grafik\u00e1ja tal\u00e1lhat\u00f3, apr\u00f3l\u00e9kosan megtervezve \u00e9s kiv\u00e1l\u00f3 min\u0151s\u00e9g\u0171 DTG nyomtat\u00e1ssal nyomtatva. Ak\u00e1r az igazs\u00e1gszolg\u00e1ltat\u00e1s rajong\u00f3ja vagy, ak\u00e1r egyszer\u0171en az egyedi st\u00edlust kedveled, ez a szem\u00e9lyre szabott grafik\u00e1s szuperh\u0151s p\u00f3l\u00f3 mer\u00e9sz kijelent\u00e9st tesz, b\u00e1rhov\u00e1 is m\u00e9sz.<\/p>","protected":false},"excerpt":{"rendered":"<p>\u00d6leld \u00e1t az \u00e9jszak\u00e1t a Dark Knight p\u00f3l\u00f3val. A szem\u00e9lyre szabott grafikus szuperh\u0151s p\u00f3l\u00f3k minden f\u00e9nyk\u00e9pet mer\u00e9sz, egyedi p\u00f3l\u00f3v\u00e1 var\u00e1zsolnak.<\/p>","protected":false},"featured_media":134985,"comment_status":"open","ping_status":"closed","template":"","meta":{"_acf_changed":false},"product_brand":[],"product_cat":[6195,157,6152,186,6336,6412,515,6428],"product_tag":[6433,6153,6327,6154,6155,6216,6168],"class_list":{"0":"post-40399","1":"product","2":"type-product","3":"status-publish","4":"has-post-thumbnail","6":"product_cat-t-shirts-men","7":"product_cat-best-sellers","8":"product_cat-custom-gifts-batman","9":"product_cat-men","10":"product_cat-mens-superhero-t-shirts","11":"product_cat-photo-to-tees","12":"product_cat-superhero","13":"product_cat-translate-products","14":"product_tag-ai-artwork","15":"product_tag-batman","16":"product_tag-custom-photo-t-shirt-for-men","17":"product_tag-dc-comic","18":"product_tag-marvel","19":"product_tag-mens-custom-t-shirts","20":"product_tag-unique-superhero-tees","22":"first","23":"instock","24":"taxable","25":"shipping-taxable","26":"purchasable","27":"product-type-simple"},"acf":[],"wcpa_form_fields":null,"_links":{"self":[{"href":"https:\/\/www.customywear.com\/hu\/wp-json\/wp\/v2\/product\/40399","targetHints":{"allow":["GET"]}}],"collection":[{"href":"https:\/\/www.customywear.com\/hu\/wp-json\/wp\/v2\/product"}],"about":[{"href":"https:\/\/www.customywear.com\/hu\/wp-json\/wp\/v2\/types\/product"}],"replies":[{"embeddable":true,"href":"https:\/\/www.customywear.com\/hu\/wp-json\/wp\/v2\/comments?post=40399"}],"wp:featuredmedia":[{"embeddable":true,"href":"https:\/\/www.customywear.com\/hu\/wp-json\/wp\/v2\/media\/134985"}],"wp:attachment":[{"href":"https:\/\/www.customywear.com\/hu\/wp-json\/wp\/v2\/media?parent=40399"}],"wp:term":[{"taxonomy":"product_brand","embeddable":true,"href":"https:\/\/www.customywear.com\/hu\/wp-json\/wp\/v2\/product_brand?post=40399"},{"taxonomy":"product_cat","embeddable":true,"href":"https:\/\/www.customywear.com\/hu\/wp-json\/wp\/v2\/product_cat?post=40399"},{"taxonomy":"product_tag","embeddable":true,"href":"https:\/\/www.customywear.com\/hu\/wp-json\/wp\/v2\/product_tag?post=40399"}],"curies":[{"name":"wp","href":"https:\/\/api.w.org\/{rel}","templated":true}]}}