{"id":41116,"date":"2024-07-24T09:23:21","date_gmt":"2024-07-24T09:23:21","guid":{"rendered":"https:\/\/www.customywear.com\/?post_type=product&#038;p=41116"},"modified":"2026-05-05T20:24:06","modified_gmt":"2026-05-05T20:24:06","slug":"ferfi-egyedi-pok-polo","status":"publish","type":"product","link":"https:\/\/www.customywear.com\/hu\/men-personalized-spider-tee\/","title":{"rendered":"Egyedi f\u00e9rfi p\u00f3l\u00f3 \u2013 Szem\u00e9lyre szabott P\u00f3k Szuperh\u0151s P\u00f3l\u00f3"},"content":{"rendered":"<p>Egyedi f\u00e9rfi p\u00f3l\u00f3 \u2013 Szem\u00e9lyre szabott P\u00f3k Szuperh\u0151s P\u00f3l\u00f3: V\u00e1ltoztasd \u00e1t fot\u00f3idat leny\u0171g\u00f6z\u0151 szuperh\u0151s\u00f6kk\u00e9 Egyedi f\u00e9rfi p\u00f3l\u00f3nkkal \u2013 Szem\u00e9lyre szabott P\u00f3k Szuperh\u0151s P\u00f3l\u00f3val! Ez a p\u00f3l\u00f3 a saj\u00e1t, egyedi szuperh\u0151s diz\u00e1jnodat \u00e1br\u00e1zolja, kiv\u00e1l\u00f3 min\u0151s\u00e9g\u0171 DTG technol\u00f3gi\u00e1val nyomtatva puha, 100% pamutra a k\u00e9nyelem \u00e9s a tart\u00f3ss\u00e1g \u00e9rdek\u00e9ben. A norm\u00e1l szab\u00e1s t\u00f6k\u00e9letes mindennapi viseletre, az uniszex diz\u00e1jn pedig b\u00e1rki sz\u00e1m\u00e1ra ide\u00e1liss\u00e1 teszi. Minden p\u00f3l\u00f3t k\u00e9pzett m\u0171v\u00e9szek k\u00e9sz\u00edtenek, hogy \u00e9l\u00e9nk \u00e9s szem\u00e9lyre szabott darabot hozzanak l\u00e9tre, amely kiemelkedik.<\/p>","protected":false},"excerpt":{"rendered":"<p>Egyedi f\u00e9rfi p\u00f3l\u00f3val. A szem\u00e9lyre szabott Spider Superhero p\u00f3l\u00f3k minden f\u00e9nyk\u00e9pet egyedi p\u00f3l\u00f3v\u00e1 alak\u00edtanak \u00e1t.<\/p>","protected":false},"featured_media":135244,"comment_status":"open","ping_status":"closed","template":"","meta":{"_acf_changed":false},"product_brand":[],"product_cat":[6195,6151,186,6336,6412,515,6428],"product_tag":[6433,6327,6216,6168],"class_list":{"0":"post-41116","1":"product","2":"type-product","3":"status-publish","4":"has-post-thumbnail","6":"product_cat-t-shirts-men","7":"product_cat-custom-gifts-spiderman","8":"product_cat-men","9":"product_cat-mens-superhero-t-shirts","10":"product_cat-photo-to-tees","11":"product_cat-superhero","12":"product_cat-translate-products","13":"product_tag-ai-artwork","14":"product_tag-custom-photo-t-shirt-for-men","15":"product_tag-mens-custom-t-shirts","16":"product_tag-unique-superhero-tees","18":"first","19":"instock","20":"taxable","21":"shipping-taxable","22":"purchasable","23":"product-type-simple"},"acf":[],"wcpa_form_fields":null,"_links":{"self":[{"href":"https:\/\/www.customywear.com\/hu\/wp-json\/wp\/v2\/product\/41116","targetHints":{"allow":["GET"]}}],"collection":[{"href":"https:\/\/www.customywear.com\/hu\/wp-json\/wp\/v2\/product"}],"about":[{"href":"https:\/\/www.customywear.com\/hu\/wp-json\/wp\/v2\/types\/product"}],"replies":[{"embeddable":true,"href":"https:\/\/www.customywear.com\/hu\/wp-json\/wp\/v2\/comments?post=41116"}],"wp:featuredmedia":[{"embeddable":true,"href":"https:\/\/www.customywear.com\/hu\/wp-json\/wp\/v2\/media\/135244"}],"wp:attachment":[{"href":"https:\/\/www.customywear.com\/hu\/wp-json\/wp\/v2\/media?parent=41116"}],"wp:term":[{"taxonomy":"product_brand","embeddable":true,"href":"https:\/\/www.customywear.com\/hu\/wp-json\/wp\/v2\/product_brand?post=41116"},{"taxonomy":"product_cat","embeddable":true,"href":"https:\/\/www.customywear.com\/hu\/wp-json\/wp\/v2\/product_cat?post=41116"},{"taxonomy":"product_tag","embeddable":true,"href":"https:\/\/www.customywear.com\/hu\/wp-json\/wp\/v2\/product_tag?post=41116"}],"curies":[{"name":"wp","href":"https:\/\/api.w.org\/{rel}","templated":true}]}}