{"id":41159,"date":"2024-07-24T09:24:24","date_gmt":"2024-07-24T09:24:24","guid":{"rendered":"https:\/\/www.customywear.com\/?post_type=product&#038;p=41159"},"modified":"2026-05-05T20:23:27","modified_gmt":"2026-05-05T20:23:27","slug":"egyedi-noi-pok-tshirt","status":"publish","type":"product","link":"https:\/\/www.customywear.com\/hu\/female-spider-tee\/","title":{"rendered":"N\u0151i szuperh\u0151s p\u00f3l\u00f3k \u2013 Egyedi p\u00f3k szuperh\u0151s divatos p\u00f3l\u00f3"},"content":{"rendered":"<p>N\u0151i szuperh\u0151s p\u00f3l\u00f3k \u2013 Egyedi p\u00f3kmint\u00e1s szuperh\u0151s divatos p\u00f3l\u00f3: \u00dcnnepeld szuperh\u0151s st\u00edlusodat n\u0151i szuperh\u0151s p\u00f3l\u00f3inkkal \u2013 Egyedi p\u00f3kmint\u00e1s szuperh\u0151s divatos p\u00f3l\u00f3val! Ez az egyedi p\u00f3l\u00f3 a fot\u00f3d alapj\u00e1n k\u00e9sz\u00fclt szuperh\u0151s diz\u00e1jnnal rendelkezik, puha, 100% pamutra nyomtatva, kiv\u00e1l\u00f3 min\u0151s\u00e9g\u0171 DTG technol\u00f3gi\u00e1val. Norm\u00e1l szab\u00e1s\u00e1val \u00e9s uniszex st\u00edlus\u00e1val t\u00f6k\u00e9letes mindennapi viseletre, a k\u00e9pzett m\u0171v\u00e9szek pedig \u00e9l\u00e9nk, szem\u00e9lyre szabott szuperh\u0151s grafik\u00e1t alkotnak, amely egyszerre st\u00edlusos \u00e9s egyedi.<\/p>","protected":false},"excerpt":{"rendered":"<p>Er\u0151s\u00edtsd meg a n\u0151i szuperh\u0151s p\u00f3l\u00f3t. Egyedi Spider Superhero Fashion p\u00f3l\u00f3k b\u00e1rmilyen f\u00e9nyk\u00e9pet mer\u00e9sz, st\u00edlusos p\u00f3l\u00f3v\u00e1 var\u00e1zsolnak.<\/p>","protected":false},"featured_media":135223,"comment_status":"open","ping_status":"closed","template":"","meta":{"_acf_changed":false},"product_brand":[],"product_cat":[6191,6151,6412,515,6428,75],"product_tag":[6214,6433,6328,229,6215],"class_list":{"0":"post-41159","1":"product","2":"type-product","3":"status-publish","4":"has-post-thumbnail","6":"product_cat-t-shirts-women","7":"product_cat-custom-gifts-spiderman","8":"product_cat-photo-to-tees","9":"product_cat-superhero","10":"product_cat-translate-products","11":"product_cat-women","12":"product_tag-affordable-custom-t-shirts","13":"product_tag-ai-artwork","14":"product_tag-custom-image-t-shirt-for-women","15":"product_tag-custom-tee-shirts","16":"product_tag-screen-printing-near-me","18":"first","19":"instock","20":"taxable","21":"shipping-taxable","22":"purchasable","23":"product-type-simple"},"acf":[],"wcpa_form_fields":null,"_links":{"self":[{"href":"https:\/\/www.customywear.com\/hu\/wp-json\/wp\/v2\/product\/41159","targetHints":{"allow":["GET"]}}],"collection":[{"href":"https:\/\/www.customywear.com\/hu\/wp-json\/wp\/v2\/product"}],"about":[{"href":"https:\/\/www.customywear.com\/hu\/wp-json\/wp\/v2\/types\/product"}],"replies":[{"embeddable":true,"href":"https:\/\/www.customywear.com\/hu\/wp-json\/wp\/v2\/comments?post=41159"}],"wp:featuredmedia":[{"embeddable":true,"href":"https:\/\/www.customywear.com\/hu\/wp-json\/wp\/v2\/media\/135223"}],"wp:attachment":[{"href":"https:\/\/www.customywear.com\/hu\/wp-json\/wp\/v2\/media?parent=41159"}],"wp:term":[{"taxonomy":"product_brand","embeddable":true,"href":"https:\/\/www.customywear.com\/hu\/wp-json\/wp\/v2\/product_brand?post=41159"},{"taxonomy":"product_cat","embeddable":true,"href":"https:\/\/www.customywear.com\/hu\/wp-json\/wp\/v2\/product_cat?post=41159"},{"taxonomy":"product_tag","embeddable":true,"href":"https:\/\/www.customywear.com\/hu\/wp-json\/wp\/v2\/product_tag?post=41159"}],"curies":[{"name":"wp","href":"https:\/\/api.w.org\/{rel}","templated":true}]}}