{"id":41201,"date":"2024-07-24T09:25:22","date_gmt":"2024-07-24T09:25:22","guid":{"rendered":"https:\/\/www.customywear.com\/?post_type=product&#038;p=41201"},"modified":"2026-05-07T15:29:44","modified_gmt":"2026-05-07T15:29:44","slug":"fiatalkoru-pokember-superhos-ruhazat","status":"publish","type":"product","link":"https:\/\/www.customywear.com\/hu\/youth-spider-superhero-clothing\/","title":{"rendered":"Ifj\u00fas\u00e1gi Szuperh\u0151s T-Shirt \u2013 Szem\u00e9lyre Szabott P\u00f3k Szuperh\u0151s Ruh\u00e1t"},"content":{"rendered":"<p>Ifj\u00fas\u00e1gi szuperh\u0151s p\u00f3l\u00f3 \u2013 Szem\u00e9lyre szabott p\u00f3k szuperh\u0151s ruh\u00e1zat: Er\u0151ltesd fiataljaidat Ifj\u00fas\u00e1gi szuperh\u0151s p\u00f3l\u00f3nkkal \u2013 Szem\u00e9lyre szabott p\u00f3k szuperh\u0151s ruh\u00e1zat! Ez az egyedi p\u00f3l\u00f3 egy fot\u00f3n alapul\u00f3 szuperh\u0151s diz\u00e1jnt \u00e1br\u00e1zol, puha, 100% pamutra nyomtatva, kiv\u00e1l\u00f3 min\u0151s\u00e9g\u0171 DTG technol\u00f3gi\u00e1val. A norm\u00e1l szab\u00e1s \u00e9s az uniszex st\u00edlus k\u00e9nyelmet biztos\u00edt, minden egyes p\u00f3l\u00f3 szak\u00e9rt\u0151k \u00e1ltal kidolgozva, hogy \u00e9l\u00e9nk, szem\u00e9lyre szabott szuperh\u0151s grafik\u00e1t mutasson, amely \u00fcnnepli fiatalos szellem\u00fcket.<\/p>","protected":false},"excerpt":{"rendered":"<p>Alak\u00edtsa \u00e1t az ifj\u00fas\u00e1gi st\u00edlust egy ifj\u00fas\u00e1gi szuperh\u0151s p\u00f3l\u00f3val. A szem\u00e9lyre szabott Spider szuperh\u0151s ruh\u00e1zat minden f\u00e9nyk\u00e9pet mer\u00e9sz, egyedi p\u00f3l\u00f3v\u00e1 var\u00e1zsol.<\/p>","protected":false},"featured_media":135190,"comment_status":"open","ping_status":"closed","template":"","meta":{"_acf_changed":false},"product_brand":[],"product_cat":[6189,157,496,6151,6412,515,6428,58],"product_tag":[6433,6439,6221,6330],"class_list":{"0":"post-41201","1":"product","2":"type-product","3":"status-publish","4":"has-post-thumbnail","6":"product_cat-boys-t-shirts","7":"product_cat-best-sellers","8":"product_cat-birthday","9":"product_cat-custom-gifts-spiderman","10":"product_cat-photo-to-tees","11":"product_cat-superhero","12":"product_cat-translate-products","13":"product_cat-youth-kids","14":"product_tag-ai-artwork","15":"product_tag-ai-kids-artwork","16":"product_tag-custom-t-shirts-near-me","17":"product_tag-photo-print-t-shirt-for-boys","19":"first","20":"instock","21":"taxable","22":"shipping-taxable","23":"purchasable","24":"product-type-simple"},"acf":[],"wcpa_form_fields":null,"_links":{"self":[{"href":"https:\/\/www.customywear.com\/hu\/wp-json\/wp\/v2\/product\/41201","targetHints":{"allow":["GET"]}}],"collection":[{"href":"https:\/\/www.customywear.com\/hu\/wp-json\/wp\/v2\/product"}],"about":[{"href":"https:\/\/www.customywear.com\/hu\/wp-json\/wp\/v2\/types\/product"}],"replies":[{"embeddable":true,"href":"https:\/\/www.customywear.com\/hu\/wp-json\/wp\/v2\/comments?post=41201"}],"wp:featuredmedia":[{"embeddable":true,"href":"https:\/\/www.customywear.com\/hu\/wp-json\/wp\/v2\/media\/135190"}],"wp:attachment":[{"href":"https:\/\/www.customywear.com\/hu\/wp-json\/wp\/v2\/media?parent=41201"}],"wp:term":[{"taxonomy":"product_brand","embeddable":true,"href":"https:\/\/www.customywear.com\/hu\/wp-json\/wp\/v2\/product_brand?post=41201"},{"taxonomy":"product_cat","embeddable":true,"href":"https:\/\/www.customywear.com\/hu\/wp-json\/wp\/v2\/product_cat?post=41201"},{"taxonomy":"product_tag","embeddable":true,"href":"https:\/\/www.customywear.com\/hu\/wp-json\/wp\/v2\/product_tag?post=41201"}],"curies":[{"name":"wp","href":"https:\/\/api.w.org\/{rel}","templated":true}]}}