{"id":41241,"date":"2024-07-24T09:26:15","date_gmt":"2024-07-24T09:26:15","guid":{"rendered":"https:\/\/www.customywear.com\/?post_type=product&#038;p=41241"},"modified":"2026-05-07T15:29:43","modified_gmt":"2026-05-07T15:29:43","slug":"egyedi-lanyok-pok-superhos-polo","status":"publish","type":"product","link":"https:\/\/www.customywear.com\/hu\/girls-spider-superhero-shirt\/","title":{"rendered":"Egyedi p\u00f3l\u00f3 l\u00e1nyoknak \u2013 Egyedi p\u00f3kh\u00e1l\u00f3s szuperh\u0151s p\u00f3l\u00f3"},"content":{"rendered":"<p>Egyedi p\u00f3l\u00f3 l\u00e1nyoknak \u2013 Egyedi m\u0171v\u00e9szi p\u00f3k szuperh\u0151s p\u00f3l\u00f3: Er\u0151ltesd kis szuperh\u0151s\u00f6det egyedi l\u00e1nyos p\u00f3l\u00f3nkkal \u2013 Egyedi m\u0171v\u00e9szi p\u00f3k szuperh\u0151s p\u00f3l\u00f3val! Ez a szem\u00e9lyre szabott p\u00f3l\u00f3 a fot\u00f3ja ihlette szuperh\u0151s diz\u00e1jnt \u00e1br\u00e1zolja, puha, 100% pamutra nyomtatva, kiv\u00e1l\u00f3 min\u0151s\u00e9g\u0171 DTG technol\u00f3gi\u00e1val. A norm\u00e1l szab\u00e1s \u00e9s az uniszex st\u00edlus k\u00e9nyelmet biztos\u00edt a mindennapi kalandokhoz, minden p\u00f3l\u00f3 egyedileg elk\u00e9sz\u00edtett, \u00e9l\u00e9nk, egyedi szuperh\u0151s grafik\u00e1val, amely kiemeli \u0151t a t\u00f6megb\u0151l.<\/p>","protected":false},"excerpt":{"rendered":"<p>Er\u0151s\u00edtse meg a fiatal l\u00e1nyokat egy egyedi l\u00e1ny p\u00f3l\u00f3val. A Custom Art Spider szuperh\u0151s ingek minden f\u00e9nyk\u00e9pet sz\u00f3rakoztat\u00f3, egyedi p\u00f3l\u00f3v\u00e1 alak\u00edtanak \u00e1t.<\/p>","protected":false},"featured_media":135135,"comment_status":"open","ping_status":"closed","template":"","meta":{"_acf_changed":false},"product_brand":[],"product_cat":[6193,496,6151,152,6412,515,6428],"product_tag":[6433,6439,6331,6221],"class_list":{"0":"post-41241","1":"product","2":"type-product","3":"status-publish","4":"has-post-thumbnail","6":"product_cat-girls-t-shirts","7":"product_cat-birthday","8":"product_cat-custom-gifts-spiderman","9":"product_cat-girls","10":"product_cat-photo-to-tees","11":"product_cat-superhero","12":"product_cat-translate-products","13":"product_tag-ai-artwork","14":"product_tag-ai-kids-artwork","15":"product_tag-custom-picture-t-shirt-for-girls","16":"product_tag-custom-t-shirts-near-me","18":"first","19":"instock","20":"taxable","21":"shipping-taxable","22":"purchasable","23":"product-type-simple"},"acf":[],"wcpa_form_fields":null,"_links":{"self":[{"href":"https:\/\/www.customywear.com\/hu\/wp-json\/wp\/v2\/product\/41241","targetHints":{"allow":["GET"]}}],"collection":[{"href":"https:\/\/www.customywear.com\/hu\/wp-json\/wp\/v2\/product"}],"about":[{"href":"https:\/\/www.customywear.com\/hu\/wp-json\/wp\/v2\/types\/product"}],"replies":[{"embeddable":true,"href":"https:\/\/www.customywear.com\/hu\/wp-json\/wp\/v2\/comments?post=41241"}],"wp:featuredmedia":[{"embeddable":true,"href":"https:\/\/www.customywear.com\/hu\/wp-json\/wp\/v2\/media\/135135"}],"wp:attachment":[{"href":"https:\/\/www.customywear.com\/hu\/wp-json\/wp\/v2\/media?parent=41241"}],"wp:term":[{"taxonomy":"product_brand","embeddable":true,"href":"https:\/\/www.customywear.com\/hu\/wp-json\/wp\/v2\/product_brand?post=41241"},{"taxonomy":"product_cat","embeddable":true,"href":"https:\/\/www.customywear.com\/hu\/wp-json\/wp\/v2\/product_cat?post=41241"},{"taxonomy":"product_tag","embeddable":true,"href":"https:\/\/www.customywear.com\/hu\/wp-json\/wp\/v2\/product_tag?post=41241"}],"curies":[{"name":"wp","href":"https:\/\/api.w.org\/{rel}","templated":true}]}}