{"id":42500,"date":"2024-09-11T15:28:09","date_gmt":"2024-09-11T15:28:09","guid":{"rendered":"https:\/\/www.customywear.com\/?post_type=product&#038;p=42500"},"modified":"2026-05-05T20:23:27","modified_gmt":"2026-05-05T20:23:27","slug":"gitaros-polo-baratnoje","status":"publish","type":"product","link":"https:\/\/www.customywear.com\/hu\/guitar-tee-girlfriend\/","title":{"rendered":"Egyedi git\u00e1rp\u00f3l\u00f3k \u2013 Szem\u00e9lyre szabott git\u00e1rp\u00f3l\u00f3 n\u0151knek"},"content":{"rendered":"<p>Klassz git\u00e1rp\u00f3l\u00f3k \u2013 Tegy\u00e9l nyilatkozatot szem\u00e9lyre szabott git\u00e1rp\u00f3l\u00f3nkkal bar\u00e1tn\u0151knek, amelyben d\u00e9delgetett fot\u00f3idat kiemelked\u0151 diz\u00e1jnn\u00e1 var\u00e1zsolhatod. Ez a klassz git\u00e1rp\u00f3l\u00f3 puha, 100% pamutb\u00f3l k\u00e9sz\u00fclt a kiv\u00e1l\u00f3 k\u00e9nyelem\u00e9rt, \u00e9s pr\u00e9mium min\u0151s\u00e9g\u0171 a tart\u00f3ss\u00e1g\u00e9rt. Norm\u00e1l szab\u00e1s\u00e1val \u00e9s uniszex diz\u00e1jnj\u00e1val ide\u00e1lis mindennapi viseletre. Tapasztald meg az \u00e9l\u00e9nk, tart\u00f3s mint\u00e1kat a kiv\u00e1l\u00f3 min\u0151s\u00e9g\u0171 DTG nyomtat\u00e1snak \u00e9s a szem\u00e9lyre szabott digit\u00e1lis m\u0171v\u00e9szetnek k\u00f6sz\u00f6nhet\u0151en.<\/p>","protected":false},"excerpt":{"rendered":"<p>\u00dcnnepelje a zen\u00e9t egyedi git\u00e1ringekkel. Szem\u00e9lyre szabott git\u00e1rp\u00f3l\u00f3k n\u0151i st\u00edlusos, egyedi p\u00f3l\u00f3v\u00e1 alak\u00edtanak \u00e1t minden f\u00e9nyk\u00e9pet.<\/p>","protected":false},"featured_media":95481,"comment_status":"open","ping_status":"closed","template":"","meta":{"_acf_changed":false},"product_brand":[],"product_cat":[6191,6123,6412,6428,75,6353],"product_tag":[6214,6433,6328,229,6215],"class_list":{"0":"post-42500","1":"product","2":"type-product","3":"status-publish","4":"has-post-thumbnail","6":"product_cat-t-shirts-women","7":"product_cat-custom-gifts-ai-guitar","8":"product_cat-photo-to-tees","9":"product_cat-translate-products","10":"product_cat-women","11":"product_cat-womens-music-t-shirts","12":"product_tag-affordable-custom-t-shirts","13":"product_tag-ai-artwork","14":"product_tag-custom-image-t-shirt-for-women","15":"product_tag-custom-tee-shirts","16":"product_tag-screen-printing-near-me","18":"first","19":"instock","20":"taxable","21":"shipping-taxable","22":"purchasable","23":"product-type-simple"},"acf":[],"wcpa_form_fields":null,"_links":{"self":[{"href":"https:\/\/www.customywear.com\/hu\/wp-json\/wp\/v2\/product\/42500","targetHints":{"allow":["GET"]}}],"collection":[{"href":"https:\/\/www.customywear.com\/hu\/wp-json\/wp\/v2\/product"}],"about":[{"href":"https:\/\/www.customywear.com\/hu\/wp-json\/wp\/v2\/types\/product"}],"replies":[{"embeddable":true,"href":"https:\/\/www.customywear.com\/hu\/wp-json\/wp\/v2\/comments?post=42500"}],"wp:featuredmedia":[{"embeddable":true,"href":"https:\/\/www.customywear.com\/hu\/wp-json\/wp\/v2\/media\/95481"}],"wp:attachment":[{"href":"https:\/\/www.customywear.com\/hu\/wp-json\/wp\/v2\/media?parent=42500"}],"wp:term":[{"taxonomy":"product_brand","embeddable":true,"href":"https:\/\/www.customywear.com\/hu\/wp-json\/wp\/v2\/product_brand?post=42500"},{"taxonomy":"product_cat","embeddable":true,"href":"https:\/\/www.customywear.com\/hu\/wp-json\/wp\/v2\/product_cat?post=42500"},{"taxonomy":"product_tag","embeddable":true,"href":"https:\/\/www.customywear.com\/hu\/wp-json\/wp\/v2\/product_tag?post=42500"}],"curies":[{"name":"wp","href":"https:\/\/api.w.org\/{rel}","templated":true}]}}