{"id":42542,"date":"2024-09-11T15:29:39","date_gmt":"2024-09-11T15:29:39","guid":{"rendered":"https:\/\/www.customywear.com\/?post_type=product&#038;p=42542"},"modified":"2026-05-07T15:29:43","modified_gmt":"2026-05-07T15:29:43","slug":"kisgyermek-szuletesnapi-gitarpolo","status":"publish","type":"product","link":"https:\/\/www.customywear.com\/hu\/toddler-birthday-guitar-tee\/","title":{"rendered":"Basszusgit\u00e1ros p\u00f3l\u00f3 \u2013 kisgyermek l\u00e1ny sz\u00fclet\u00e9snapi git\u00e1rp\u00f3l\u00f3"},"content":{"rendered":"<p>Basszusgit\u00e1ros p\u00f3l\u00f3 \u2013 Tedd k\u00fcl\u00f6nlegess\u00e9 kisgyermek l\u00e1nyod sz\u00fclet\u00e9snapj\u00e1t kisgyermek l\u00e1ny sz\u00fclet\u00e9snapi git\u00e1ros p\u00f3l\u00f3nkkal, amely egyedi diz\u00e1jnt mutat be a fot\u00f3id alapj\u00e1n. Ez a basszusgit\u00e1ros p\u00f3l\u00f3 puha, 100% pamutb\u00f3l k\u00e9sz\u00fclt a t\u00f6k\u00e9letes k\u00e9nyelem \u00e9rdek\u00e9ben, \u00e9s pr\u00e9mium min\u0151s\u00e9g\u0171, tart\u00f3s. Norm\u00e1l szab\u00e1s\u00e1val \u00e9s uniszex diz\u00e1jnj\u00e1val nagyszer\u0171 mindennapi viseletre. \u00c9lvezd az \u00e9l\u00e9nk, tart\u00f3s nyomatokat, a kiv\u00e1l\u00f3 min\u0151s\u00e9g\u0171 DTG nyomtat\u00e1st \u00e9s az egyedi digit\u00e1lis rajzokat.<\/p>","protected":false},"excerpt":{"rendered":"<p>\u00dcnnepelje a zen\u00e9t egy p\u00f3l\u00f3s basszusgit\u00e1rossal. A Toddler Girl sz\u00fclet\u00e9snapi git\u00e1rp\u00f3l\u00f3k b\u00e1rmilyen f\u00e9nyk\u00e9pet sz\u00f3rakoztat\u00f3, egyedi p\u00f3l\u00f3v\u00e1 var\u00e1zsolnak.<\/p>","protected":false},"featured_media":95523,"comment_status":"open","ping_status":"closed","template":"","meta":{"_acf_changed":false},"product_brand":[],"product_cat":[6207,6123,6412,6428],"product_tag":[6433,6439,6221],"class_list":{"0":"post-42542","1":"product","2":"type-product","3":"status-publish","4":"has-post-thumbnail","6":"product_cat-toddler-girl-t-shirts","7":"product_cat-custom-gifts-ai-guitar","8":"product_cat-photo-to-tees","9":"product_cat-translate-products","10":"product_tag-ai-artwork","11":"product_tag-ai-kids-artwork","12":"product_tag-custom-t-shirts-near-me","14":"first","15":"instock","16":"taxable","17":"shipping-taxable","18":"purchasable","19":"product-type-simple"},"acf":[],"wcpa_form_fields":null,"_links":{"self":[{"href":"https:\/\/www.customywear.com\/hu\/wp-json\/wp\/v2\/product\/42542","targetHints":{"allow":["GET"]}}],"collection":[{"href":"https:\/\/www.customywear.com\/hu\/wp-json\/wp\/v2\/product"}],"about":[{"href":"https:\/\/www.customywear.com\/hu\/wp-json\/wp\/v2\/types\/product"}],"replies":[{"embeddable":true,"href":"https:\/\/www.customywear.com\/hu\/wp-json\/wp\/v2\/comments?post=42542"}],"wp:featuredmedia":[{"embeddable":true,"href":"https:\/\/www.customywear.com\/hu\/wp-json\/wp\/v2\/media\/95523"}],"wp:attachment":[{"href":"https:\/\/www.customywear.com\/hu\/wp-json\/wp\/v2\/media?parent=42542"}],"wp:term":[{"taxonomy":"product_brand","embeddable":true,"href":"https:\/\/www.customywear.com\/hu\/wp-json\/wp\/v2\/product_brand?post=42542"},{"taxonomy":"product_cat","embeddable":true,"href":"https:\/\/www.customywear.com\/hu\/wp-json\/wp\/v2\/product_cat?post=42542"},{"taxonomy":"product_tag","embeddable":true,"href":"https:\/\/www.customywear.com\/hu\/wp-json\/wp\/v2\/product_tag?post=42542"}],"curies":[{"name":"wp","href":"https:\/\/api.w.org\/{rel}","templated":true}]}}