{"id":20307,"date":"2023-07-28T13:32:53","date_gmt":"2023-07-28T13:32:53","guid":{"rendered":"https:\/\/www.customywear.com\/?post_type=product&#038;p=20307"},"modified":"2026-05-05T20:24:12","modified_gmt":"2026-05-05T20:24:12","slug":"camicia-da-uomo-arabo-personalizzata","status":"publish","type":"product","link":"https:\/\/www.customywear.com\/it\/custom-arabian-man-shirt\/","title":{"rendered":"Camicia da uomo araba personalizzata | Maglietta personalizzata per amanti dei viaggi"},"content":{"rendered":"<p>Intraprendi un viaggio personalizzato di stile e cultura con la nostra squisita camicia da uomo araba personalizzata, progettata per catturare l&#039;essenza della tradizione e della voglia di viaggiare. I nostri abili artigiani sfruttano la potenza di Adobe Illustrator e Adobe Photoshop per trasformare la tua foto in un accattivante ritratto vettoriale che d\u00e0 vita al fascino di un abito tradizionale arabo. Questa esclusiva t-shirt personalizzata non \u00e8 solo un&#039;affermazione di stile, ma anche un prezioso ricordo per gli amanti dei viaggi e della cultura. Lasciati conquistare dal fascino della tradizione araba con un tocco di stile contemporaneo. Il design vettoriale di alta qualit\u00e0, meticolosamente realizzato dal nostro team, impreziosisce sia le nostre t-shirt unisex a manica corta che a manica lunga. I dettagli intricati e i colori vivaci prendono vita grazie all&#039;avanzata tecnologia di stampa DTG, garantendo che la tua t-shirt personalizzata trasmetta qualit\u00e0 e stile ineguagliabili. Che tu stia esplorando terre lontane o semplicemente abbracciando le tue radici culturali, questa t-shirt personalizzata diventer\u00e0 un&#039;aggiunta versatile al tuo guardaroba. Celebra il tuo amore per i viaggi, la cultura e l&#039;espressione di s\u00e9 con una t-shirt personalizzata che incarna lo spirito di avventura e diversit\u00e0. Ogni t-shirt \u00e8 una tela di ingegno artistico, che ti invita a mostrare la tua identit\u00e0 e le tue passioni uniche. La nostra collezione si estende oltre i confini, offrendo una variet\u00e0 di design adatti ad adulti, ragazzi, bambini e neonati. Lascia che i tuoi abiti parlino a lungo della tua individualit\u00e0, conservando al contempo i ricordi che ne hanno ispirato la creazione.<\/p>","protected":false},"excerpt":{"rendered":"<p>Rendi vivo qualsiasi foto su una maglietta personalizzata da uomo arabo. La maglietta personalizzata del viaggio ama il tocco culturale e l'avventura in un design unico e personalizzato per una t-shirt.<\/p>","protected":false},"featured_media":142461,"comment_status":"open","ping_status":"closed","template":"","meta":{"_acf_changed":false},"product_brand":[],"product_cat":[6195,6157,6156,179,186,6345,6412,6428],"product_tag":[6433,193,6216,209],"class_list":{"0":"post-20307","1":"product","2":"type-product","3":"status-publish","4":"has-post-thumbnail","6":"product_cat-t-shirts-men","7":"product_cat-country","8":"product_cat-culture","9":"product_cat-custom-gifts-arabic-culture","10":"product_cat-men","11":"product_cat-mens-country-culture-t-shirts","12":"product_cat-photo-to-tees","13":"product_cat-translate-products","14":"product_tag-ai-artwork","15":"product_tag-boyfriend_gift","16":"product_tag-mens-custom-t-shirts","17":"product_tag-travel_lover_gift","19":"first","20":"instock","21":"taxable","22":"shipping-taxable","23":"purchasable","24":"product-type-simple"},"acf":[],"wcpa_form_fields":null,"_links":{"self":[{"href":"https:\/\/www.customywear.com\/it\/wp-json\/wp\/v2\/product\/20307","targetHints":{"allow":["GET"]}}],"collection":[{"href":"https:\/\/www.customywear.com\/it\/wp-json\/wp\/v2\/product"}],"about":[{"href":"https:\/\/www.customywear.com\/it\/wp-json\/wp\/v2\/types\/product"}],"replies":[{"embeddable":true,"href":"https:\/\/www.customywear.com\/it\/wp-json\/wp\/v2\/comments?post=20307"}],"wp:featuredmedia":[{"embeddable":true,"href":"https:\/\/www.customywear.com\/it\/wp-json\/wp\/v2\/media\/142461"}],"wp:attachment":[{"href":"https:\/\/www.customywear.com\/it\/wp-json\/wp\/v2\/media?parent=20307"}],"wp:term":[{"taxonomy":"product_brand","embeddable":true,"href":"https:\/\/www.customywear.com\/it\/wp-json\/wp\/v2\/product_brand?post=20307"},{"taxonomy":"product_cat","embeddable":true,"href":"https:\/\/www.customywear.com\/it\/wp-json\/wp\/v2\/product_cat?post=20307"},{"taxonomy":"product_tag","embeddable":true,"href":"https:\/\/www.customywear.com\/it\/wp-json\/wp\/v2\/product_tag?post=20307"}],"curies":[{"name":"wp","href":"https:\/\/api.w.org\/{rel}","templated":true}]}}